{"id":911,"date":"2025-06-04T15:04:23","date_gmt":"2025-06-04T07:04:23","guid":{"rendered":"https:\/\/lanselva.com\/?post_type=product&#038;p=911"},"modified":"2025-06-05T22:10:52","modified_gmt":"2025-06-05T14:10:52","slug":"9-head-3d-french-butterfly-orchid-wedding-home-decor","status":"publish","type":"product","link":"https:\/\/lanselva.com\/pt\/produto\/9-head-3d-french-butterfly-orchid-wedding-home-decor\/","title":{"rendered":"9 Cabe\u00e7as 3D Borboleta Francesa Orqu\u00eddea para Casamento Decora\u00e7\u00e3o de Casa"},"content":{"rendered":"","protected":false},"excerpt":{"rendered":"<ul>\n<li>Model\uff1aU-204<\/li>\n<li>Materials\uff1a3Dpainting<\/li>\n<li>Color\uff1a13 colors are available for selection<\/li>\n<li>Size\uff1a37.8\u2018\u2019\/96cm<\/li>\n<li>Carater\u00edstica: toque natural e real<\/li>\n<li>Utiliza\u00e7\u00e3o\uff1aDecora\u00e7\u00e3o de casa, festa, casamento<\/li>\n<li>MOQ\uff1a100Pcs<\/li>\n<li>Embalagem\uff1aCaixa de cart\u00e3o<\/li>\n<\/ul>","protected":false},"featured_media":912,"template":"","meta":{"_acf_changed":false},"product_brand":[],"product_cat":[23],"product_tag":[],"class_list":{"0":"post-911","1":"product","2":"type-product","3":"status-publish","4":"has-post-thumbnail","6":"product_cat-artificial-flower","8":"first","9":"instock","10":"shipping-taxable","11":"product-type-simple"},"acf":[],"yoast_head":"<!-- This site is optimized with the Yoast SEO plugin v26.7 - https:\/\/yoast.com\/wordpress\/plugins\/seo\/ -->\n<title>9 Head 3D French Butterfly Orchid Wedding Home Decor - LANSELVA Artificial Tree &amp; Plant Factory<\/title>\n<meta name=\"robots\" content=\"index, follow, max-snippet:-1, max-image-preview:large, max-video-preview:-1\" \/>\n<link rel=\"canonical\" href=\"https:\/\/lanselva.com\/pt\/produto\/9-head-3d-french-butterfly-orchid-wedding-home-decor\/\" \/>\n<meta property=\"og:locale\" content=\"pt_PT\" \/>\n<meta property=\"og:type\" content=\"article\" \/>\n<meta property=\"og:title\" content=\"9 Head 3D French Butterfly Orchid Wedding Home Decor - LANSELVA Artificial Tree &amp; Plant Factory\" \/>\n<meta property=\"og:description\" content=\"Model\uff1aU-204  Materials\uff1a3Dpainting  Color\uff1a13 colors are available for selection  Size\uff1a37.8\u2018\u2019\/96cm  Feature\uff1anatural real touch  Usage\uff1aHome Party Wedding Decoration  MOQ\uff1a100Pcs  Packing\uff1aCarton Box\" \/>\n<meta property=\"og:url\" content=\"https:\/\/lanselva.com\/pt\/produto\/9-head-3d-french-butterfly-orchid-wedding-home-decor\/\" \/>\n<meta property=\"og:site_name\" content=\"LANSELVA Artificial Tree &amp; Plant Factory\" \/>\n<meta property=\"article:modified_time\" content=\"2025-06-05T14:10:52+00:00\" \/>\n<meta property=\"og:image\" content=\"https:\/\/lanselva.com\/wp-content\/uploads\/2025\/06\/U-204-1-1749020136.png\" \/>\n\t<meta property=\"og:image:width\" content=\"720\" \/>\n\t<meta property=\"og:image:height\" content=\"720\" \/>\n\t<meta property=\"og:image:type\" content=\"image\/png\" \/>\n<meta name=\"twitter:card\" content=\"summary_large_image\" \/>\n<script type=\"application\/ld+json\" class=\"yoast-schema-graph\">{\"@context\":\"https:\/\/schema.org\",\"@graph\":[{\"@type\":\"WebPage\",\"@id\":\"https:\/\/lanselva.com\/product\/9-head-3d-french-butterfly-orchid-wedding-home-decor\/\",\"url\":\"https:\/\/lanselva.com\/product\/9-head-3d-french-butterfly-orchid-wedding-home-decor\/\",\"name\":\"9 Head 3D French Butterfly Orchid Wedding Home Decor - LANSELVA Artificial Tree &amp; Plant Factory\",\"isPartOf\":{\"@id\":\"https:\/\/lanselva.com\/#website\"},\"primaryImageOfPage\":{\"@id\":\"https:\/\/lanselva.com\/product\/9-head-3d-french-butterfly-orchid-wedding-home-decor\/#primaryimage\"},\"image\":{\"@id\":\"https:\/\/lanselva.com\/product\/9-head-3d-french-butterfly-orchid-wedding-home-decor\/#primaryimage\"},\"thumbnailUrl\":\"https:\/\/lanselva.com\/wp-content\/uploads\/2025\/06\/U-204-1-1749020136.png\",\"datePublished\":\"2025-06-04T07:04:23+00:00\",\"dateModified\":\"2025-06-05T14:10:52+00:00\",\"breadcrumb\":{\"@id\":\"https:\/\/lanselva.com\/product\/9-head-3d-french-butterfly-orchid-wedding-home-decor\/#breadcrumb\"},\"inLanguage\":\"pt-AO\",\"potentialAction\":[{\"@type\":\"ReadAction\",\"target\":[\"https:\/\/lanselva.com\/product\/9-head-3d-french-butterfly-orchid-wedding-home-decor\/\"]}]},{\"@type\":\"ImageObject\",\"inLanguage\":\"pt-AO\",\"@id\":\"https:\/\/lanselva.com\/product\/9-head-3d-french-butterfly-orchid-wedding-home-decor\/#primaryimage\",\"url\":\"https:\/\/lanselva.com\/wp-content\/uploads\/2025\/06\/U-204-1-1749020136.png\",\"contentUrl\":\"https:\/\/lanselva.com\/wp-content\/uploads\/2025\/06\/U-204-1-1749020136.png\",\"width\":720,\"height\":720},{\"@type\":\"BreadcrumbList\",\"@id\":\"https:\/\/lanselva.com\/product\/9-head-3d-french-butterfly-orchid-wedding-home-decor\/#breadcrumb\",\"itemListElement\":[{\"@type\":\"ListItem\",\"position\":1,\"name\":\"\u9996\u9875\",\"item\":\"https:\/\/lanselva.com\/\"},{\"@type\":\"ListItem\",\"position\":2,\"name\":\"Products\",\"item\":\"https:\/\/lanselva.com\/shop\/\"},{\"@type\":\"ListItem\",\"position\":3,\"name\":\"9 Head 3D French Butterfly Orchid Wedding Home Decor\"}]},{\"@type\":\"WebSite\",\"@id\":\"https:\/\/lanselva.com\/#website\",\"url\":\"https:\/\/lanselva.com\/\",\"name\":\"Lanselva Artificial Tree & Plant Factory\",\"description\":\"\",\"publisher\":{\"@id\":\"https:\/\/lanselva.com\/#organization\"},\"potentialAction\":[{\"@type\":\"SearchAction\",\"target\":{\"@type\":\"EntryPoint\",\"urlTemplate\":\"https:\/\/lanselva.com\/?s={search_term_string}\"},\"query-input\":{\"@type\":\"PropertyValueSpecification\",\"valueRequired\":true,\"valueName\":\"search_term_string\"}}],\"inLanguage\":\"pt-AO\"},{\"@type\":\"Organization\",\"@id\":\"https:\/\/lanselva.com\/#organization\",\"name\":\"FIAS Artificial Flower Plant Factory\",\"url\":\"https:\/\/lanselva.com\/\",\"logo\":{\"@type\":\"ImageObject\",\"inLanguage\":\"pt-AO\",\"@id\":\"https:\/\/lanselva.com\/#\/schema\/logo\/image\/\",\"url\":\"https:\/\/lanselva.com\/wp-content\/uploads\/2026\/01\/cropped-1021768024887_.pic-1768025105-1.png\",\"contentUrl\":\"https:\/\/lanselva.com\/wp-content\/uploads\/2026\/01\/cropped-1021768024887_.pic-1768025105-1.png\",\"width\":1213,\"height\":1207,\"caption\":\"FIAS Artificial Flower Plant Factory\"},\"image\":{\"@id\":\"https:\/\/lanselva.com\/#\/schema\/logo\/image\/\"}}]}<\/script>\n<!-- \/ Yoast SEO plugin. -->","yoast_head_json":{"title":"9 Head 3D French Butterfly Orchid Wedding Home Decor - LANSELVA Artificial Tree &amp; Plant Factory","robots":{"index":"index","follow":"follow","max-snippet":"max-snippet:-1","max-image-preview":"max-image-preview:large","max-video-preview":"max-video-preview:-1"},"canonical":"https:\/\/lanselva.com\/pt\/produto\/9-head-3d-french-butterfly-orchid-wedding-home-decor\/","og_locale":"pt_PT","og_type":"article","og_title":"9 Head 3D French Butterfly Orchid Wedding Home Decor - LANSELVA Artificial Tree &amp; Plant Factory","og_description":"Model\uff1aU-204  Materials\uff1a3Dpainting  Color\uff1a13 colors are available for selection  Size\uff1a37.8\u2018\u2019\/96cm  Feature\uff1anatural real touch  Usage\uff1aHome Party Wedding Decoration  MOQ\uff1a100Pcs  Packing\uff1aCarton Box","og_url":"https:\/\/lanselva.com\/pt\/produto\/9-head-3d-french-butterfly-orchid-wedding-home-decor\/","og_site_name":"LANSELVA Artificial Tree &amp; Plant Factory","article_modified_time":"2025-06-05T14:10:52+00:00","og_image":[{"width":720,"height":720,"url":"https:\/\/lanselva.com\/wp-content\/uploads\/2025\/06\/U-204-1-1749020136.png","type":"image\/png"}],"twitter_card":"summary_large_image","schema":{"@context":"https:\/\/schema.org","@graph":[{"@type":"WebPage","@id":"https:\/\/lanselva.com\/product\/9-head-3d-french-butterfly-orchid-wedding-home-decor\/","url":"https:\/\/lanselva.com\/product\/9-head-3d-french-butterfly-orchid-wedding-home-decor\/","name":"9 Head 3D French Butterfly Orchid Wedding Home Decor - LANSELVA Artificial Tree &amp; Plant Factory","isPartOf":{"@id":"https:\/\/lanselva.com\/#website"},"primaryImageOfPage":{"@id":"https:\/\/lanselva.com\/product\/9-head-3d-french-butterfly-orchid-wedding-home-decor\/#primaryimage"},"image":{"@id":"https:\/\/lanselva.com\/product\/9-head-3d-french-butterfly-orchid-wedding-home-decor\/#primaryimage"},"thumbnailUrl":"https:\/\/lanselva.com\/wp-content\/uploads\/2025\/06\/U-204-1-1749020136.png","datePublished":"2025-06-04T07:04:23+00:00","dateModified":"2025-06-05T14:10:52+00:00","breadcrumb":{"@id":"https:\/\/lanselva.com\/product\/9-head-3d-french-butterfly-orchid-wedding-home-decor\/#breadcrumb"},"inLanguage":"pt-AO","potentialAction":[{"@type":"ReadAction","target":["https:\/\/lanselva.com\/product\/9-head-3d-french-butterfly-orchid-wedding-home-decor\/"]}]},{"@type":"ImageObject","inLanguage":"pt-AO","@id":"https:\/\/lanselva.com\/product\/9-head-3d-french-butterfly-orchid-wedding-home-decor\/#primaryimage","url":"https:\/\/lanselva.com\/wp-content\/uploads\/2025\/06\/U-204-1-1749020136.png","contentUrl":"https:\/\/lanselva.com\/wp-content\/uploads\/2025\/06\/U-204-1-1749020136.png","width":720,"height":720},{"@type":"BreadcrumbList","@id":"https:\/\/lanselva.com\/product\/9-head-3d-french-butterfly-orchid-wedding-home-decor\/#breadcrumb","itemListElement":[{"@type":"ListItem","position":1,"name":"\u9996\u9875","item":"https:\/\/lanselva.com\/"},{"@type":"ListItem","position":2,"name":"Products","item":"https:\/\/lanselva.com\/shop\/"},{"@type":"ListItem","position":3,"name":"9 Head 3D French Butterfly Orchid Wedding Home Decor"}]},{"@type":"WebSite","@id":"https:\/\/lanselva.com\/#website","url":"https:\/\/lanselva.com\/","name":"Lanselva Artificial Tree & Plant Factory","description":"","publisher":{"@id":"https:\/\/lanselva.com\/#organization"},"potentialAction":[{"@type":"SearchAction","target":{"@type":"EntryPoint","urlTemplate":"https:\/\/lanselva.com\/?s={search_term_string}"},"query-input":{"@type":"PropertyValueSpecification","valueRequired":true,"valueName":"search_term_string"}}],"inLanguage":"pt-AO"},{"@type":"Organization","@id":"https:\/\/lanselva.com\/#organization","name":"FIAS Artificial Flower Plant Factory","url":"https:\/\/lanselva.com\/","logo":{"@type":"ImageObject","inLanguage":"pt-AO","@id":"https:\/\/lanselva.com\/#\/schema\/logo\/image\/","url":"https:\/\/lanselva.com\/wp-content\/uploads\/2026\/01\/cropped-1021768024887_.pic-1768025105-1.png","contentUrl":"https:\/\/lanselva.com\/wp-content\/uploads\/2026\/01\/cropped-1021768024887_.pic-1768025105-1.png","width":1213,"height":1207,"caption":"FIAS Artificial Flower Plant Factory"},"image":{"@id":"https:\/\/lanselva.com\/#\/schema\/logo\/image\/"}}]}},"_links":{"self":[{"href":"https:\/\/lanselva.com\/pt\/wp-json\/wp\/v2\/product\/911","targetHints":{"allow":["GET"]}}],"collection":[{"href":"https:\/\/lanselva.com\/pt\/wp-json\/wp\/v2\/product"}],"about":[{"href":"https:\/\/lanselva.com\/pt\/wp-json\/wp\/v2\/types\/product"}],"version-history":[{"count":0,"href":"https:\/\/lanselva.com\/pt\/wp-json\/wp\/v2\/product\/911\/revisions"}],"wp:featuredmedia":[{"embeddable":true,"href":"https:\/\/lanselva.com\/pt\/wp-json\/wp\/v2\/media\/912"}],"wp:attachment":[{"href":"https:\/\/lanselva.com\/pt\/wp-json\/wp\/v2\/media?parent=911"}],"wp:term":[{"taxonomy":"product_brand","embeddable":true,"href":"https:\/\/lanselva.com\/pt\/wp-json\/wp\/v2\/product_brand?post=911"},{"taxonomy":"product_cat","embeddable":true,"href":"https:\/\/lanselva.com\/pt\/wp-json\/wp\/v2\/product_cat?post=911"},{"taxonomy":"product_tag","embeddable":true,"href":"https:\/\/lanselva.com\/pt\/wp-json\/wp\/v2\/product_tag?post=911"}],"curies":[{"name":"wp","href":"https:\/\/api.w.org\/{rel}","templated":true}]}}