{"id":3924,"date":"2026-03-20T16:25:18","date_gmt":"2026-03-20T08:25:18","guid":{"rendered":"https:\/\/lanselva.com\/?post_type=product&#038;p=3924"},"modified":"2026-03-20T16:54:08","modified_gmt":"2026-03-20T08:54:08","slug":"artificial-green-plants-in-potted-form-are-used-for-home-decoration","status":"publish","type":"product","link":"https:\/\/lanselva.com\/pt\/produto\/artificial-green-plants-in-potted-form-are-used-for-home-decoration\/","title":{"rendered":"As plantas verdes artificiais em vaso s\u00e3o utilizadas para a decora\u00e7\u00e3o da casa."},"content":{"rendered":"","protected":false},"excerpt":{"rendered":"<p>\u2022 \u00a0Model\uff1aU-P05<br \/>\n- Materiais\uff1apl\u00e1stico<br \/>\n- Cor\uff1aVerde<br \/>\n\u2022 Size\uff1a70cm<br \/>\n- Carater\u00edstica: toque natural e real<br \/>\n\u2022 Usage\uff1aHome Party\u00a0\u3001hotel and celebration event decoration<br \/>\n\u2022 MOQ\uff1a50Pcs<br \/>\n- Embalagem\uff1aCaixa de cart\u00e3o<\/p>","protected":false},"featured_media":3925,"template":"","meta":{"_acf_changed":false},"product_brand":[],"product_cat":[35],"product_tag":[],"class_list":{"0":"post-3924","1":"product","2":"type-product","3":"status-publish","4":"has-post-thumbnail","6":"product_cat-artificial-plant","8":"first","9":"instock","10":"shipping-taxable","11":"product-type-simple"},"acf":[],"yoast_head":"<!-- This site is optimized with the Yoast SEO plugin v26.7 - https:\/\/yoast.com\/wordpress\/plugins\/seo\/ -->\n<title>Artificial green plants in potted form are used for home decoration. - LANSELVA Artificial Tree &amp; Plant Factory<\/title>\n<meta name=\"description\" content=\"Nordic-style artificial greenery potted plants. Artificial plants are used for home decoration, hotel decoration, and event scene design.\" \/>\n<meta name=\"robots\" content=\"index, follow, max-snippet:-1, max-image-preview:large, max-video-preview:-1\" \/>\n<link rel=\"canonical\" href=\"https:\/\/lanselva.com\/pt\/produto\/artificial-green-plants-in-potted-form-are-used-for-home-decoration\/\" \/>\n<meta property=\"og:locale\" content=\"pt_PT\" \/>\n<meta property=\"og:type\" content=\"article\" \/>\n<meta property=\"og:title\" content=\"Artificial green plants in potted form are used for home decoration. - LANSELVA Artificial Tree &amp; Plant Factory\" \/>\n<meta property=\"og:description\" content=\"Nordic-style artificial greenery potted plants. Artificial plants are used for home decoration, hotel decoration, and event scene design.\" \/>\n<meta property=\"og:url\" content=\"https:\/\/lanselva.com\/pt\/produto\/artificial-green-plants-in-potted-form-are-used-for-home-decoration\/\" \/>\n<meta property=\"og:site_name\" content=\"LANSELVA Artificial Tree &amp; Plant Factory\" \/>\n<meta property=\"article:modified_time\" content=\"2026-03-20T08:54:08+00:00\" \/>\n<meta property=\"og:image\" content=\"https:\/\/lanselva.com\/wp-content\/uploads\/2026\/03\/P05-1-1773995067.png\" \/>\n\t<meta property=\"og:image:width\" content=\"772\" \/>\n\t<meta property=\"og:image:height\" content=\"772\" \/>\n\t<meta property=\"og:image:type\" content=\"image\/png\" \/>\n<meta name=\"twitter:card\" content=\"summary_large_image\" \/>\n<meta name=\"twitter:label1\" content=\"Est. reading time\" \/>\n\t<meta name=\"twitter:data1\" content=\"1 minuto\" \/>\n<script type=\"application\/ld+json\" class=\"yoast-schema-graph\">{\"@context\":\"https:\/\/schema.org\",\"@graph\":[{\"@type\":\"WebPage\",\"@id\":\"https:\/\/lanselva.com\/product\/artificial-green-plants-in-potted-form-are-used-for-home-decoration\/\",\"url\":\"https:\/\/lanselva.com\/product\/artificial-green-plants-in-potted-form-are-used-for-home-decoration\/\",\"name\":\"Artificial green plants in potted form are used for home decoration. - LANSELVA Artificial Tree &amp; Plant Factory\",\"isPartOf\":{\"@id\":\"https:\/\/lanselva.com\/#website\"},\"primaryImageOfPage\":{\"@id\":\"https:\/\/lanselva.com\/product\/artificial-green-plants-in-potted-form-are-used-for-home-decoration\/#primaryimage\"},\"image\":{\"@id\":\"https:\/\/lanselva.com\/product\/artificial-green-plants-in-potted-form-are-used-for-home-decoration\/#primaryimage\"},\"thumbnailUrl\":\"https:\/\/lanselva.com\/wp-content\/uploads\/2026\/03\/P05-1-1773995067.png\",\"datePublished\":\"2026-03-20T08:25:18+00:00\",\"dateModified\":\"2026-03-20T08:54:08+00:00\",\"description\":\"Nordic-style artificial greenery potted plants. Artificial plants are used for home decoration, hotel decoration, and event scene design.\",\"breadcrumb\":{\"@id\":\"https:\/\/lanselva.com\/product\/artificial-green-plants-in-potted-form-are-used-for-home-decoration\/#breadcrumb\"},\"inLanguage\":\"pt-AO\",\"potentialAction\":[{\"@type\":\"ReadAction\",\"target\":[\"https:\/\/lanselva.com\/product\/artificial-green-plants-in-potted-form-are-used-for-home-decoration\/\"]}]},{\"@type\":\"ImageObject\",\"inLanguage\":\"pt-AO\",\"@id\":\"https:\/\/lanselva.com\/product\/artificial-green-plants-in-potted-form-are-used-for-home-decoration\/#primaryimage\",\"url\":\"https:\/\/lanselva.com\/wp-content\/uploads\/2026\/03\/P05-1-1773995067.png\",\"contentUrl\":\"https:\/\/lanselva.com\/wp-content\/uploads\/2026\/03\/P05-1-1773995067.png\",\"width\":772,\"height\":772},{\"@type\":\"BreadcrumbList\",\"@id\":\"https:\/\/lanselva.com\/product\/artificial-green-plants-in-potted-form-are-used-for-home-decoration\/#breadcrumb\",\"itemListElement\":[{\"@type\":\"ListItem\",\"position\":1,\"name\":\"\u9996\u9875\",\"item\":\"https:\/\/lanselva.com\/\"},{\"@type\":\"ListItem\",\"position\":2,\"name\":\"Products\",\"item\":\"https:\/\/lanselva.com\/shop\/\"},{\"@type\":\"ListItem\",\"position\":3,\"name\":\"Artificial green plants in potted form are used for home decoration.\"}]},{\"@type\":\"WebSite\",\"@id\":\"https:\/\/lanselva.com\/#website\",\"url\":\"https:\/\/lanselva.com\/\",\"name\":\"Lanselva Artificial Tree & Plant Factory\",\"description\":\"\",\"publisher\":{\"@id\":\"https:\/\/lanselva.com\/#organization\"},\"potentialAction\":[{\"@type\":\"SearchAction\",\"target\":{\"@type\":\"EntryPoint\",\"urlTemplate\":\"https:\/\/lanselva.com\/?s={search_term_string}\"},\"query-input\":{\"@type\":\"PropertyValueSpecification\",\"valueRequired\":true,\"valueName\":\"search_term_string\"}}],\"inLanguage\":\"pt-AO\"},{\"@type\":\"Organization\",\"@id\":\"https:\/\/lanselva.com\/#organization\",\"name\":\"FIAS Artificial Flower Plant Factory\",\"url\":\"https:\/\/lanselva.com\/\",\"logo\":{\"@type\":\"ImageObject\",\"inLanguage\":\"pt-AO\",\"@id\":\"https:\/\/lanselva.com\/#\/schema\/logo\/image\/\",\"url\":\"https:\/\/lanselva.com\/wp-content\/uploads\/2026\/01\/cropped-1021768024887_.pic-1768025105-1.png\",\"contentUrl\":\"https:\/\/lanselva.com\/wp-content\/uploads\/2026\/01\/cropped-1021768024887_.pic-1768025105-1.png\",\"width\":1213,\"height\":1207,\"caption\":\"FIAS Artificial Flower Plant Factory\"},\"image\":{\"@id\":\"https:\/\/lanselva.com\/#\/schema\/logo\/image\/\"}}]}<\/script>\n<!-- \/ Yoast SEO plugin. -->","yoast_head_json":{"title":"Artificial green plants in potted form are used for home decoration. - LANSELVA Artificial Tree &amp; Plant Factory","description":"Nordic-style artificial greenery potted plants. Artificial plants are used for home decoration, hotel decoration, and event scene design.","robots":{"index":"index","follow":"follow","max-snippet":"max-snippet:-1","max-image-preview":"max-image-preview:large","max-video-preview":"max-video-preview:-1"},"canonical":"https:\/\/lanselva.com\/pt\/produto\/artificial-green-plants-in-potted-form-are-used-for-home-decoration\/","og_locale":"pt_PT","og_type":"article","og_title":"Artificial green plants in potted form are used for home decoration. - LANSELVA Artificial Tree &amp; Plant Factory","og_description":"Nordic-style artificial greenery potted plants. Artificial plants are used for home decoration, hotel decoration, and event scene design.","og_url":"https:\/\/lanselva.com\/pt\/produto\/artificial-green-plants-in-potted-form-are-used-for-home-decoration\/","og_site_name":"LANSELVA Artificial Tree &amp; Plant Factory","article_modified_time":"2026-03-20T08:54:08+00:00","og_image":[{"width":772,"height":772,"url":"https:\/\/lanselva.com\/wp-content\/uploads\/2026\/03\/P05-1-1773995067.png","type":"image\/png"}],"twitter_card":"summary_large_image","twitter_misc":{"Est. reading time":"1 minuto"},"schema":{"@context":"https:\/\/schema.org","@graph":[{"@type":"WebPage","@id":"https:\/\/lanselva.com\/product\/artificial-green-plants-in-potted-form-are-used-for-home-decoration\/","url":"https:\/\/lanselva.com\/product\/artificial-green-plants-in-potted-form-are-used-for-home-decoration\/","name":"Artificial green plants in potted form are used for home decoration. - LANSELVA Artificial Tree &amp; Plant Factory","isPartOf":{"@id":"https:\/\/lanselva.com\/#website"},"primaryImageOfPage":{"@id":"https:\/\/lanselva.com\/product\/artificial-green-plants-in-potted-form-are-used-for-home-decoration\/#primaryimage"},"image":{"@id":"https:\/\/lanselva.com\/product\/artificial-green-plants-in-potted-form-are-used-for-home-decoration\/#primaryimage"},"thumbnailUrl":"https:\/\/lanselva.com\/wp-content\/uploads\/2026\/03\/P05-1-1773995067.png","datePublished":"2026-03-20T08:25:18+00:00","dateModified":"2026-03-20T08:54:08+00:00","description":"Nordic-style artificial greenery potted plants. Artificial plants are used for home decoration, hotel decoration, and event scene design.","breadcrumb":{"@id":"https:\/\/lanselva.com\/product\/artificial-green-plants-in-potted-form-are-used-for-home-decoration\/#breadcrumb"},"inLanguage":"pt-AO","potentialAction":[{"@type":"ReadAction","target":["https:\/\/lanselva.com\/product\/artificial-green-plants-in-potted-form-are-used-for-home-decoration\/"]}]},{"@type":"ImageObject","inLanguage":"pt-AO","@id":"https:\/\/lanselva.com\/product\/artificial-green-plants-in-potted-form-are-used-for-home-decoration\/#primaryimage","url":"https:\/\/lanselva.com\/wp-content\/uploads\/2026\/03\/P05-1-1773995067.png","contentUrl":"https:\/\/lanselva.com\/wp-content\/uploads\/2026\/03\/P05-1-1773995067.png","width":772,"height":772},{"@type":"BreadcrumbList","@id":"https:\/\/lanselva.com\/product\/artificial-green-plants-in-potted-form-are-used-for-home-decoration\/#breadcrumb","itemListElement":[{"@type":"ListItem","position":1,"name":"\u9996\u9875","item":"https:\/\/lanselva.com\/"},{"@type":"ListItem","position":2,"name":"Products","item":"https:\/\/lanselva.com\/shop\/"},{"@type":"ListItem","position":3,"name":"Artificial green plants in potted form are used for home decoration."}]},{"@type":"WebSite","@id":"https:\/\/lanselva.com\/#website","url":"https:\/\/lanselva.com\/","name":"Lanselva Artificial Tree & Plant Factory","description":"","publisher":{"@id":"https:\/\/lanselva.com\/#organization"},"potentialAction":[{"@type":"SearchAction","target":{"@type":"EntryPoint","urlTemplate":"https:\/\/lanselva.com\/?s={search_term_string}"},"query-input":{"@type":"PropertyValueSpecification","valueRequired":true,"valueName":"search_term_string"}}],"inLanguage":"pt-AO"},{"@type":"Organization","@id":"https:\/\/lanselva.com\/#organization","name":"FIAS Artificial Flower Plant Factory","url":"https:\/\/lanselva.com\/","logo":{"@type":"ImageObject","inLanguage":"pt-AO","@id":"https:\/\/lanselva.com\/#\/schema\/logo\/image\/","url":"https:\/\/lanselva.com\/wp-content\/uploads\/2026\/01\/cropped-1021768024887_.pic-1768025105-1.png","contentUrl":"https:\/\/lanselva.com\/wp-content\/uploads\/2026\/01\/cropped-1021768024887_.pic-1768025105-1.png","width":1213,"height":1207,"caption":"FIAS Artificial Flower Plant Factory"},"image":{"@id":"https:\/\/lanselva.com\/#\/schema\/logo\/image\/"}}]}},"_links":{"self":[{"href":"https:\/\/lanselva.com\/pt\/wp-json\/wp\/v2\/product\/3924","targetHints":{"allow":["GET"]}}],"collection":[{"href":"https:\/\/lanselva.com\/pt\/wp-json\/wp\/v2\/product"}],"about":[{"href":"https:\/\/lanselva.com\/pt\/wp-json\/wp\/v2\/types\/product"}],"version-history":[{"count":0,"href":"https:\/\/lanselva.com\/pt\/wp-json\/wp\/v2\/product\/3924\/revisions"}],"wp:featuredmedia":[{"embeddable":true,"href":"https:\/\/lanselva.com\/pt\/wp-json\/wp\/v2\/media\/3925"}],"wp:attachment":[{"href":"https:\/\/lanselva.com\/pt\/wp-json\/wp\/v2\/media?parent=3924"}],"wp:term":[{"taxonomy":"product_brand","embeddable":true,"href":"https:\/\/lanselva.com\/pt\/wp-json\/wp\/v2\/product_brand?post=3924"},{"taxonomy":"product_cat","embeddable":true,"href":"https:\/\/lanselva.com\/pt\/wp-json\/wp\/v2\/product_cat?post=3924"},{"taxonomy":"product_tag","embeddable":true,"href":"https:\/\/lanselva.com\/pt\/wp-json\/wp\/v2\/product_tag?post=3924"}],"curies":[{"name":"wp","href":"https:\/\/api.w.org\/{rel}","templated":true}]}}