{"id":3748,"date":"2026-02-04T21:45:05","date_gmt":"2026-02-04T13:45:05","guid":{"rendered":"https:\/\/lanselva.com\/?post_type=product&#038;p=3748"},"modified":"2026-02-04T22:10:21","modified_gmt":"2026-02-04T14:10:21","slug":"large-indoor-and-outdoor-artificial-banyan-tree-decoration","status":"publish","type":"product","link":"https:\/\/lanselva.com\/pt\/produto\/large-indoor-and-outdoor-artificial-banyan-tree-decoration\/","title":{"rendered":"Grande decora\u00e7\u00e3o de figueira-da-\u00edndia artificial para interior e exterior"},"content":{"rendered":"","protected":false},"excerpt":{"rendered":"<ul>\n<li>Modelo\uff1a U-T56<\/li>\n<li>Materiais\uff1aFibra de vidro\/madeira+seda<\/li>\n<li>Cor: Personalizada<\/li>\n<li>Tamanho\uff1aPersonalizado<\/li>\n<li>Funcionalidade\uff1a toque natural e real<\/li>\n<li>Utiliza\u00e7\u00e3o\uff1a Interior Exterior Hotel Paisagem<\/li>\n<li>MOQ\uff1a1 Pcs<\/li>\n<li>\u00a0Embalagem\uff1a Caixa de cart\u00e3o<\/li>\n<\/ul>","protected":false},"featured_media":3749,"template":"","meta":{"_acf_changed":false},"product_brand":[],"product_cat":[36],"product_tag":[],"class_list":{"0":"post-3748","1":"product","2":"type-product","3":"status-publish","4":"has-post-thumbnail","6":"product_cat-artificial-tree","8":"first","9":"instock","10":"shipping-taxable","11":"product-type-simple"},"acf":[],"yoast_head":"<!-- This site is optimized with the Yoast SEO plugin v26.7 - https:\/\/yoast.com\/wordpress\/plugins\/seo\/ -->\n<title>Large indoor and outdoor artificial banyan tree decoration - LANSELVA Artificial Tree &amp; Plant Factory<\/title>\n<meta name=\"description\" content=\"Large indoor and outdoor artificial banyan tree landscape decoration - realistic banyan tree made of fiberglass with lifelike trunk\" \/>\n<meta name=\"robots\" content=\"index, follow, max-snippet:-1, max-image-preview:large, max-video-preview:-1\" \/>\n<link rel=\"canonical\" href=\"https:\/\/lanselva.com\/pt\/produto\/large-indoor-and-outdoor-artificial-banyan-tree-decoration\/\" \/>\n<meta property=\"og:locale\" content=\"pt_PT\" \/>\n<meta property=\"og:type\" content=\"article\" \/>\n<meta property=\"og:title\" content=\"Large indoor and outdoor artificial banyan tree decoration - LANSELVA Artificial Tree &amp; Plant Factory\" \/>\n<meta property=\"og:description\" content=\"Large indoor and outdoor artificial banyan tree landscape decoration - realistic banyan tree made of fiberglass with lifelike trunk\" \/>\n<meta property=\"og:url\" content=\"https:\/\/lanselva.com\/pt\/produto\/large-indoor-and-outdoor-artificial-banyan-tree-decoration\/\" \/>\n<meta property=\"og:site_name\" content=\"LANSELVA Artificial Tree &amp; Plant Factory\" \/>\n<meta property=\"article:modified_time\" content=\"2026-02-04T14:10:21+00:00\" \/>\n<meta property=\"og:image\" content=\"https:\/\/lanselva.com\/wp-content\/uploads\/2026\/02\/\u6995\u681156-1-1770212669.jpg\" \/>\n\t<meta property=\"og:image:width\" content=\"800\" \/>\n\t<meta property=\"og:image:height\" content=\"800\" \/>\n\t<meta property=\"og:image:type\" content=\"image\/jpeg\" \/>\n<meta name=\"twitter:card\" content=\"summary_large_image\" \/>\n<meta name=\"twitter:label1\" content=\"Est. reading time\" \/>\n\t<meta name=\"twitter:data1\" content=\"1 minuto\" \/>\n<script type=\"application\/ld+json\" class=\"yoast-schema-graph\">{\"@context\":\"https:\/\/schema.org\",\"@graph\":[{\"@type\":\"WebPage\",\"@id\":\"https:\/\/lanselva.com\/product\/large-indoor-and-outdoor-artificial-banyan-tree-decoration\/\",\"url\":\"https:\/\/lanselva.com\/product\/large-indoor-and-outdoor-artificial-banyan-tree-decoration\/\",\"name\":\"Large indoor and outdoor artificial banyan tree decoration - LANSELVA Artificial Tree &amp; Plant Factory\",\"isPartOf\":{\"@id\":\"https:\/\/lanselva.com\/#website\"},\"primaryImageOfPage\":{\"@id\":\"https:\/\/lanselva.com\/product\/large-indoor-and-outdoor-artificial-banyan-tree-decoration\/#primaryimage\"},\"image\":{\"@id\":\"https:\/\/lanselva.com\/product\/large-indoor-and-outdoor-artificial-banyan-tree-decoration\/#primaryimage\"},\"thumbnailUrl\":\"https:\/\/lanselva.com\/wp-content\/uploads\/2026\/02\/\u6995\u681156-1-1770212669.jpg\",\"datePublished\":\"2026-02-04T13:45:05+00:00\",\"dateModified\":\"2026-02-04T14:10:21+00:00\",\"description\":\"Large indoor and outdoor artificial banyan tree landscape decoration - realistic banyan tree made of fiberglass with lifelike trunk\",\"breadcrumb\":{\"@id\":\"https:\/\/lanselva.com\/product\/large-indoor-and-outdoor-artificial-banyan-tree-decoration\/#breadcrumb\"},\"inLanguage\":\"pt-AO\",\"potentialAction\":[{\"@type\":\"ReadAction\",\"target\":[\"https:\/\/lanselva.com\/product\/large-indoor-and-outdoor-artificial-banyan-tree-decoration\/\"]}]},{\"@type\":\"ImageObject\",\"inLanguage\":\"pt-AO\",\"@id\":\"https:\/\/lanselva.com\/product\/large-indoor-and-outdoor-artificial-banyan-tree-decoration\/#primaryimage\",\"url\":\"https:\/\/lanselva.com\/wp-content\/uploads\/2026\/02\/\u6995\u681156-1-1770212669.jpg\",\"contentUrl\":\"https:\/\/lanselva.com\/wp-content\/uploads\/2026\/02\/\u6995\u681156-1-1770212669.jpg\",\"width\":800,\"height\":800},{\"@type\":\"BreadcrumbList\",\"@id\":\"https:\/\/lanselva.com\/product\/large-indoor-and-outdoor-artificial-banyan-tree-decoration\/#breadcrumb\",\"itemListElement\":[{\"@type\":\"ListItem\",\"position\":1,\"name\":\"\u9996\u9875\",\"item\":\"https:\/\/lanselva.com\/\"},{\"@type\":\"ListItem\",\"position\":2,\"name\":\"Products\",\"item\":\"https:\/\/lanselva.com\/shop\/\"},{\"@type\":\"ListItem\",\"position\":3,\"name\":\"Large indoor and outdoor artificial banyan tree decoration\"}]},{\"@type\":\"WebSite\",\"@id\":\"https:\/\/lanselva.com\/#website\",\"url\":\"https:\/\/lanselva.com\/\",\"name\":\"Lanselva Artificial Tree & Plant Factory\",\"description\":\"\",\"publisher\":{\"@id\":\"https:\/\/lanselva.com\/#organization\"},\"potentialAction\":[{\"@type\":\"SearchAction\",\"target\":{\"@type\":\"EntryPoint\",\"urlTemplate\":\"https:\/\/lanselva.com\/?s={search_term_string}\"},\"query-input\":{\"@type\":\"PropertyValueSpecification\",\"valueRequired\":true,\"valueName\":\"search_term_string\"}}],\"inLanguage\":\"pt-AO\"},{\"@type\":\"Organization\",\"@id\":\"https:\/\/lanselva.com\/#organization\",\"name\":\"FIAS Artificial Flower Plant Factory\",\"url\":\"https:\/\/lanselva.com\/\",\"logo\":{\"@type\":\"ImageObject\",\"inLanguage\":\"pt-AO\",\"@id\":\"https:\/\/lanselva.com\/#\/schema\/logo\/image\/\",\"url\":\"https:\/\/lanselva.com\/wp-content\/uploads\/2026\/01\/cropped-1021768024887_.pic-1768025105-1.png\",\"contentUrl\":\"https:\/\/lanselva.com\/wp-content\/uploads\/2026\/01\/cropped-1021768024887_.pic-1768025105-1.png\",\"width\":1213,\"height\":1207,\"caption\":\"FIAS Artificial Flower Plant Factory\"},\"image\":{\"@id\":\"https:\/\/lanselva.com\/#\/schema\/logo\/image\/\"}}]}<\/script>\n<!-- \/ Yoast SEO plugin. -->","yoast_head_json":{"title":"Large indoor and outdoor artificial banyan tree decoration - LANSELVA Artificial Tree &amp; Plant Factory","description":"Large indoor and outdoor artificial banyan tree landscape decoration - realistic banyan tree made of fiberglass with lifelike trunk","robots":{"index":"index","follow":"follow","max-snippet":"max-snippet:-1","max-image-preview":"max-image-preview:large","max-video-preview":"max-video-preview:-1"},"canonical":"https:\/\/lanselva.com\/pt\/produto\/large-indoor-and-outdoor-artificial-banyan-tree-decoration\/","og_locale":"pt_PT","og_type":"article","og_title":"Large indoor and outdoor artificial banyan tree decoration - LANSELVA Artificial Tree &amp; Plant Factory","og_description":"Large indoor and outdoor artificial banyan tree landscape decoration - realistic banyan tree made of fiberglass with lifelike trunk","og_url":"https:\/\/lanselva.com\/pt\/produto\/large-indoor-and-outdoor-artificial-banyan-tree-decoration\/","og_site_name":"LANSELVA Artificial Tree &amp; Plant Factory","article_modified_time":"2026-02-04T14:10:21+00:00","og_image":[{"width":800,"height":800,"url":"https:\/\/lanselva.com\/wp-content\/uploads\/2026\/02\/\u6995\u681156-1-1770212669.jpg","type":"image\/jpeg"}],"twitter_card":"summary_large_image","twitter_misc":{"Est. reading time":"1 minuto"},"schema":{"@context":"https:\/\/schema.org","@graph":[{"@type":"WebPage","@id":"https:\/\/lanselva.com\/product\/large-indoor-and-outdoor-artificial-banyan-tree-decoration\/","url":"https:\/\/lanselva.com\/product\/large-indoor-and-outdoor-artificial-banyan-tree-decoration\/","name":"Large indoor and outdoor artificial banyan tree decoration - LANSELVA Artificial Tree &amp; Plant Factory","isPartOf":{"@id":"https:\/\/lanselva.com\/#website"},"primaryImageOfPage":{"@id":"https:\/\/lanselva.com\/product\/large-indoor-and-outdoor-artificial-banyan-tree-decoration\/#primaryimage"},"image":{"@id":"https:\/\/lanselva.com\/product\/large-indoor-and-outdoor-artificial-banyan-tree-decoration\/#primaryimage"},"thumbnailUrl":"https:\/\/lanselva.com\/wp-content\/uploads\/2026\/02\/\u6995\u681156-1-1770212669.jpg","datePublished":"2026-02-04T13:45:05+00:00","dateModified":"2026-02-04T14:10:21+00:00","description":"Large indoor and outdoor artificial banyan tree landscape decoration - realistic banyan tree made of fiberglass with lifelike trunk","breadcrumb":{"@id":"https:\/\/lanselva.com\/product\/large-indoor-and-outdoor-artificial-banyan-tree-decoration\/#breadcrumb"},"inLanguage":"pt-AO","potentialAction":[{"@type":"ReadAction","target":["https:\/\/lanselva.com\/product\/large-indoor-and-outdoor-artificial-banyan-tree-decoration\/"]}]},{"@type":"ImageObject","inLanguage":"pt-AO","@id":"https:\/\/lanselva.com\/product\/large-indoor-and-outdoor-artificial-banyan-tree-decoration\/#primaryimage","url":"https:\/\/lanselva.com\/wp-content\/uploads\/2026\/02\/\u6995\u681156-1-1770212669.jpg","contentUrl":"https:\/\/lanselva.com\/wp-content\/uploads\/2026\/02\/\u6995\u681156-1-1770212669.jpg","width":800,"height":800},{"@type":"BreadcrumbList","@id":"https:\/\/lanselva.com\/product\/large-indoor-and-outdoor-artificial-banyan-tree-decoration\/#breadcrumb","itemListElement":[{"@type":"ListItem","position":1,"name":"\u9996\u9875","item":"https:\/\/lanselva.com\/"},{"@type":"ListItem","position":2,"name":"Products","item":"https:\/\/lanselva.com\/shop\/"},{"@type":"ListItem","position":3,"name":"Large indoor and outdoor artificial banyan tree decoration"}]},{"@type":"WebSite","@id":"https:\/\/lanselva.com\/#website","url":"https:\/\/lanselva.com\/","name":"Lanselva Artificial Tree & Plant Factory","description":"","publisher":{"@id":"https:\/\/lanselva.com\/#organization"},"potentialAction":[{"@type":"SearchAction","target":{"@type":"EntryPoint","urlTemplate":"https:\/\/lanselva.com\/?s={search_term_string}"},"query-input":{"@type":"PropertyValueSpecification","valueRequired":true,"valueName":"search_term_string"}}],"inLanguage":"pt-AO"},{"@type":"Organization","@id":"https:\/\/lanselva.com\/#organization","name":"FIAS Artificial Flower Plant Factory","url":"https:\/\/lanselva.com\/","logo":{"@type":"ImageObject","inLanguage":"pt-AO","@id":"https:\/\/lanselva.com\/#\/schema\/logo\/image\/","url":"https:\/\/lanselva.com\/wp-content\/uploads\/2026\/01\/cropped-1021768024887_.pic-1768025105-1.png","contentUrl":"https:\/\/lanselva.com\/wp-content\/uploads\/2026\/01\/cropped-1021768024887_.pic-1768025105-1.png","width":1213,"height":1207,"caption":"FIAS Artificial Flower Plant Factory"},"image":{"@id":"https:\/\/lanselva.com\/#\/schema\/logo\/image\/"}}]}},"_links":{"self":[{"href":"https:\/\/lanselva.com\/pt\/wp-json\/wp\/v2\/product\/3748","targetHints":{"allow":["GET"]}}],"collection":[{"href":"https:\/\/lanselva.com\/pt\/wp-json\/wp\/v2\/product"}],"about":[{"href":"https:\/\/lanselva.com\/pt\/wp-json\/wp\/v2\/types\/product"}],"version-history":[{"count":0,"href":"https:\/\/lanselva.com\/pt\/wp-json\/wp\/v2\/product\/3748\/revisions"}],"wp:featuredmedia":[{"embeddable":true,"href":"https:\/\/lanselva.com\/pt\/wp-json\/wp\/v2\/media\/3749"}],"wp:attachment":[{"href":"https:\/\/lanselva.com\/pt\/wp-json\/wp\/v2\/media?parent=3748"}],"wp:term":[{"taxonomy":"product_brand","embeddable":true,"href":"https:\/\/lanselva.com\/pt\/wp-json\/wp\/v2\/product_brand?post=3748"},{"taxonomy":"product_cat","embeddable":true,"href":"https:\/\/lanselva.com\/pt\/wp-json\/wp\/v2\/product_cat?post=3748"},{"taxonomy":"product_tag","embeddable":true,"href":"https:\/\/lanselva.com\/pt\/wp-json\/wp\/v2\/product_tag?post=3748"}],"curies":[{"name":"wp","href":"https:\/\/api.w.org\/{rel}","templated":true}]}}