{"id":3060,"date":"2025-11-01T14:57:31","date_gmt":"2025-11-01T06:57:31","guid":{"rendered":"https:\/\/lanselva.com\/?post_type=product&#038;p=3060"},"modified":"2025-11-01T14:57:31","modified_gmt":"2025-11-01T06:57:31","slug":"realistic-touch-artificial-pu-lily-flower-for-home-decorative","status":"publish","type":"product","link":"https:\/\/lanselva.com\/pt\/produto\/realistic-touch-artificial-pu-lily-flower-for-home-decorative\/","title":{"rendered":"Flor de L\u00edrio PU Artificial de Toque Realista para Decora\u00e7\u00e3o de Casa"},"content":{"rendered":"","protected":false},"excerpt":{"rendered":"<p>- Modelo\uff1aY-242<br \/>\n- Materiais\uff1aPU<br \/>\n- Cor\uff1a9 cores dispon\u00edveis para sele\u00e7\u00e3o<br \/>\n- Tamanho\uff1a26,4\u2033\/67cm<br \/>\n- Carater\u00edstica: toque natural e real<br \/>\n- Utiliza\u00e7\u00e3o\uff1aDecora\u00e7\u00e3o de casa, festa, casamento<br \/>\n- MOQ\uff1a100Pcs<br \/>\n- Embalagem\uff1aCaixa de cart\u00e3o<\/p>","protected":false},"featured_media":3061,"template":"","meta":{"_acf_changed":false},"product_brand":[],"product_cat":[23],"product_tag":[],"class_list":{"0":"post-3060","1":"product","2":"type-product","3":"status-publish","4":"has-post-thumbnail","6":"product_cat-artificial-flower","8":"first","9":"instock","10":"shipping-taxable","11":"product-type-simple"},"acf":[],"yoast_head":"<!-- This site is optimized with the Yoast SEO plugin v26.7 - https:\/\/yoast.com\/wordpress\/plugins\/seo\/ -->\n<title>Realistic Touch Artificial PU Lily Flower For Home Decorative - LANSELVA Artificial Tree &amp; Plant Factory<\/title>\n<meta name=\"robots\" content=\"index, follow, max-snippet:-1, max-image-preview:large, max-video-preview:-1\" \/>\n<link rel=\"canonical\" href=\"https:\/\/lanselva.com\/pt\/produto\/realistic-touch-artificial-pu-lily-flower-for-home-decorative\/\" \/>\n<meta property=\"og:locale\" content=\"pt_PT\" \/>\n<meta property=\"og:type\" content=\"article\" \/>\n<meta property=\"og:title\" content=\"Realistic Touch Artificial PU Lily Flower For Home Decorative - LANSELVA Artificial Tree &amp; Plant Factory\" \/>\n<meta property=\"og:description\" content=\"\u2022 \u00a0Model\uff1aY-242 \u2022 Materials\uff1aPU \u2022 Color\uff1a9 colors are available for selection \u2022 Size\uff1a26.4&quot;\/67cm \u2022 Feature\uff1anatural real touch \u2022 Usage\uff1aHome Party Wedding Decoration \u2022 MOQ\uff1a100Pcs \u2022 Packing\uff1aCarton Box\" \/>\n<meta property=\"og:url\" content=\"https:\/\/lanselva.com\/pt\/produto\/realistic-touch-artificial-pu-lily-flower-for-home-decorative\/\" \/>\n<meta property=\"og:site_name\" content=\"LANSELVA Artificial Tree &amp; Plant Factory\" \/>\n<meta property=\"og:image\" content=\"https:\/\/lanselva.com\/wp-content\/uploads\/2025\/11\/Y-242-1-1761980080.png\" \/>\n\t<meta property=\"og:image:width\" content=\"750\" \/>\n\t<meta property=\"og:image:height\" content=\"750\" \/>\n\t<meta property=\"og:image:type\" content=\"image\/png\" \/>\n<meta name=\"twitter:card\" content=\"summary_large_image\" \/>\n<meta name=\"twitter:label1\" content=\"Est. reading time\" \/>\n\t<meta name=\"twitter:data1\" content=\"1 minuto\" \/>\n<script type=\"application\/ld+json\" class=\"yoast-schema-graph\">{\"@context\":\"https:\/\/schema.org\",\"@graph\":[{\"@type\":\"WebPage\",\"@id\":\"https:\/\/lanselva.com\/product\/realistic-touch-artificial-pu-lily-flower-for-home-decorative\/\",\"url\":\"https:\/\/lanselva.com\/product\/realistic-touch-artificial-pu-lily-flower-for-home-decorative\/\",\"name\":\"Realistic Touch Artificial PU Lily Flower For Home Decorative - LANSELVA Artificial Tree &amp; Plant Factory\",\"isPartOf\":{\"@id\":\"https:\/\/lanselva.com\/#website\"},\"primaryImageOfPage\":{\"@id\":\"https:\/\/lanselva.com\/product\/realistic-touch-artificial-pu-lily-flower-for-home-decorative\/#primaryimage\"},\"image\":{\"@id\":\"https:\/\/lanselva.com\/product\/realistic-touch-artificial-pu-lily-flower-for-home-decorative\/#primaryimage\"},\"thumbnailUrl\":\"https:\/\/lanselva.com\/wp-content\/uploads\/2025\/11\/Y-242-1-1761980080.png\",\"datePublished\":\"2025-11-01T06:57:31+00:00\",\"breadcrumb\":{\"@id\":\"https:\/\/lanselva.com\/product\/realistic-touch-artificial-pu-lily-flower-for-home-decorative\/#breadcrumb\"},\"inLanguage\":\"pt-AO\",\"potentialAction\":[{\"@type\":\"ReadAction\",\"target\":[\"https:\/\/lanselva.com\/product\/realistic-touch-artificial-pu-lily-flower-for-home-decorative\/\"]}]},{\"@type\":\"ImageObject\",\"inLanguage\":\"pt-AO\",\"@id\":\"https:\/\/lanselva.com\/product\/realistic-touch-artificial-pu-lily-flower-for-home-decorative\/#primaryimage\",\"url\":\"https:\/\/lanselva.com\/wp-content\/uploads\/2025\/11\/Y-242-1-1761980080.png\",\"contentUrl\":\"https:\/\/lanselva.com\/wp-content\/uploads\/2025\/11\/Y-242-1-1761980080.png\",\"width\":750,\"height\":750},{\"@type\":\"BreadcrumbList\",\"@id\":\"https:\/\/lanselva.com\/product\/realistic-touch-artificial-pu-lily-flower-for-home-decorative\/#breadcrumb\",\"itemListElement\":[{\"@type\":\"ListItem\",\"position\":1,\"name\":\"\u9996\u9875\",\"item\":\"https:\/\/lanselva.com\/\"},{\"@type\":\"ListItem\",\"position\":2,\"name\":\"Products\",\"item\":\"https:\/\/lanselva.com\/shop\/\"},{\"@type\":\"ListItem\",\"position\":3,\"name\":\"Realistic Touch Artificial PU Lily Flower For Home Decorative\"}]},{\"@type\":\"WebSite\",\"@id\":\"https:\/\/lanselva.com\/#website\",\"url\":\"https:\/\/lanselva.com\/\",\"name\":\"Lanselva Artificial Tree & Plant Factory\",\"description\":\"\",\"publisher\":{\"@id\":\"https:\/\/lanselva.com\/#organization\"},\"potentialAction\":[{\"@type\":\"SearchAction\",\"target\":{\"@type\":\"EntryPoint\",\"urlTemplate\":\"https:\/\/lanselva.com\/?s={search_term_string}\"},\"query-input\":{\"@type\":\"PropertyValueSpecification\",\"valueRequired\":true,\"valueName\":\"search_term_string\"}}],\"inLanguage\":\"pt-AO\"},{\"@type\":\"Organization\",\"@id\":\"https:\/\/lanselva.com\/#organization\",\"name\":\"FIAS Artificial Flower Plant Factory\",\"url\":\"https:\/\/lanselva.com\/\",\"logo\":{\"@type\":\"ImageObject\",\"inLanguage\":\"pt-AO\",\"@id\":\"https:\/\/lanselva.com\/#\/schema\/logo\/image\/\",\"url\":\"https:\/\/lanselva.com\/wp-content\/uploads\/2026\/01\/cropped-1021768024887_.pic-1768025105-1.png\",\"contentUrl\":\"https:\/\/lanselva.com\/wp-content\/uploads\/2026\/01\/cropped-1021768024887_.pic-1768025105-1.png\",\"width\":1213,\"height\":1207,\"caption\":\"FIAS Artificial Flower Plant Factory\"},\"image\":{\"@id\":\"https:\/\/lanselva.com\/#\/schema\/logo\/image\/\"}}]}<\/script>\n<!-- \/ Yoast SEO plugin. -->","yoast_head_json":{"title":"Realistic Touch Artificial PU Lily Flower For Home Decorative - LANSELVA Artificial Tree &amp; Plant Factory","robots":{"index":"index","follow":"follow","max-snippet":"max-snippet:-1","max-image-preview":"max-image-preview:large","max-video-preview":"max-video-preview:-1"},"canonical":"https:\/\/lanselva.com\/pt\/produto\/realistic-touch-artificial-pu-lily-flower-for-home-decorative\/","og_locale":"pt_PT","og_type":"article","og_title":"Realistic Touch Artificial PU Lily Flower For Home Decorative - LANSELVA Artificial Tree &amp; Plant Factory","og_description":"\u2022 \u00a0Model\uff1aY-242 \u2022 Materials\uff1aPU \u2022 Color\uff1a9 colors are available for selection \u2022 Size\uff1a26.4\"\/67cm \u2022 Feature\uff1anatural real touch \u2022 Usage\uff1aHome Party Wedding Decoration \u2022 MOQ\uff1a100Pcs \u2022 Packing\uff1aCarton Box","og_url":"https:\/\/lanselva.com\/pt\/produto\/realistic-touch-artificial-pu-lily-flower-for-home-decorative\/","og_site_name":"LANSELVA Artificial Tree &amp; Plant Factory","og_image":[{"width":750,"height":750,"url":"https:\/\/lanselva.com\/wp-content\/uploads\/2025\/11\/Y-242-1-1761980080.png","type":"image\/png"}],"twitter_card":"summary_large_image","twitter_misc":{"Est. reading time":"1 minuto"},"schema":{"@context":"https:\/\/schema.org","@graph":[{"@type":"WebPage","@id":"https:\/\/lanselva.com\/product\/realistic-touch-artificial-pu-lily-flower-for-home-decorative\/","url":"https:\/\/lanselva.com\/product\/realistic-touch-artificial-pu-lily-flower-for-home-decorative\/","name":"Realistic Touch Artificial PU Lily Flower For Home Decorative - LANSELVA Artificial Tree &amp; Plant Factory","isPartOf":{"@id":"https:\/\/lanselva.com\/#website"},"primaryImageOfPage":{"@id":"https:\/\/lanselva.com\/product\/realistic-touch-artificial-pu-lily-flower-for-home-decorative\/#primaryimage"},"image":{"@id":"https:\/\/lanselva.com\/product\/realistic-touch-artificial-pu-lily-flower-for-home-decorative\/#primaryimage"},"thumbnailUrl":"https:\/\/lanselva.com\/wp-content\/uploads\/2025\/11\/Y-242-1-1761980080.png","datePublished":"2025-11-01T06:57:31+00:00","breadcrumb":{"@id":"https:\/\/lanselva.com\/product\/realistic-touch-artificial-pu-lily-flower-for-home-decorative\/#breadcrumb"},"inLanguage":"pt-AO","potentialAction":[{"@type":"ReadAction","target":["https:\/\/lanselva.com\/product\/realistic-touch-artificial-pu-lily-flower-for-home-decorative\/"]}]},{"@type":"ImageObject","inLanguage":"pt-AO","@id":"https:\/\/lanselva.com\/product\/realistic-touch-artificial-pu-lily-flower-for-home-decorative\/#primaryimage","url":"https:\/\/lanselva.com\/wp-content\/uploads\/2025\/11\/Y-242-1-1761980080.png","contentUrl":"https:\/\/lanselva.com\/wp-content\/uploads\/2025\/11\/Y-242-1-1761980080.png","width":750,"height":750},{"@type":"BreadcrumbList","@id":"https:\/\/lanselva.com\/product\/realistic-touch-artificial-pu-lily-flower-for-home-decorative\/#breadcrumb","itemListElement":[{"@type":"ListItem","position":1,"name":"\u9996\u9875","item":"https:\/\/lanselva.com\/"},{"@type":"ListItem","position":2,"name":"Products","item":"https:\/\/lanselva.com\/shop\/"},{"@type":"ListItem","position":3,"name":"Realistic Touch Artificial PU Lily Flower For Home Decorative"}]},{"@type":"WebSite","@id":"https:\/\/lanselva.com\/#website","url":"https:\/\/lanselva.com\/","name":"Lanselva Artificial Tree & Plant Factory","description":"","publisher":{"@id":"https:\/\/lanselva.com\/#organization"},"potentialAction":[{"@type":"SearchAction","target":{"@type":"EntryPoint","urlTemplate":"https:\/\/lanselva.com\/?s={search_term_string}"},"query-input":{"@type":"PropertyValueSpecification","valueRequired":true,"valueName":"search_term_string"}}],"inLanguage":"pt-AO"},{"@type":"Organization","@id":"https:\/\/lanselva.com\/#organization","name":"FIAS Artificial Flower Plant Factory","url":"https:\/\/lanselva.com\/","logo":{"@type":"ImageObject","inLanguage":"pt-AO","@id":"https:\/\/lanselva.com\/#\/schema\/logo\/image\/","url":"https:\/\/lanselva.com\/wp-content\/uploads\/2026\/01\/cropped-1021768024887_.pic-1768025105-1.png","contentUrl":"https:\/\/lanselva.com\/wp-content\/uploads\/2026\/01\/cropped-1021768024887_.pic-1768025105-1.png","width":1213,"height":1207,"caption":"FIAS Artificial Flower Plant Factory"},"image":{"@id":"https:\/\/lanselva.com\/#\/schema\/logo\/image\/"}}]}},"_links":{"self":[{"href":"https:\/\/lanselva.com\/pt\/wp-json\/wp\/v2\/product\/3060","targetHints":{"allow":["GET"]}}],"collection":[{"href":"https:\/\/lanselva.com\/pt\/wp-json\/wp\/v2\/product"}],"about":[{"href":"https:\/\/lanselva.com\/pt\/wp-json\/wp\/v2\/types\/product"}],"version-history":[{"count":0,"href":"https:\/\/lanselva.com\/pt\/wp-json\/wp\/v2\/product\/3060\/revisions"}],"wp:featuredmedia":[{"embeddable":true,"href":"https:\/\/lanselva.com\/pt\/wp-json\/wp\/v2\/media\/3061"}],"wp:attachment":[{"href":"https:\/\/lanselva.com\/pt\/wp-json\/wp\/v2\/media?parent=3060"}],"wp:term":[{"taxonomy":"product_brand","embeddable":true,"href":"https:\/\/lanselva.com\/pt\/wp-json\/wp\/v2\/product_brand?post=3060"},{"taxonomy":"product_cat","embeddable":true,"href":"https:\/\/lanselva.com\/pt\/wp-json\/wp\/v2\/product_cat?post=3060"},{"taxonomy":"product_tag","embeddable":true,"href":"https:\/\/lanselva.com\/pt\/wp-json\/wp\/v2\/product_tag?post=3060"}],"curies":[{"name":"wp","href":"https:\/\/api.w.org\/{rel}","templated":true}]}}