{"id":3008,"date":"2025-10-31T22:00:33","date_gmt":"2025-10-31T14:00:33","guid":{"rendered":"https:\/\/lanselva.com\/?post_type=product&#038;p=3008"},"modified":"2026-03-20T15:35:10","modified_gmt":"2026-03-20T07:35:10","slug":"artificial-parrot-tulip-silk-flower-bouquet-moisturizing-touch","status":"publish","type":"product","link":"https:\/\/lanselva.com\/pt\/produto\/artificial-parrot-tulip-silk-flower-bouquet-moisturizing-touch\/","title":{"rendered":"Papagaio Artificial Tulipa Bouquet de Flores de Seda Toque Hidratante"},"content":{"rendered":"","protected":false},"excerpt":{"rendered":"<p>- Modelo\uff1aY-236<br \/>\n- Materiais\uff1aSeda+PVC macio<br \/>\n- Cor\uff1a6 cores est\u00e3o dispon\u00edveis para sele\u00e7\u00e3o<br \/>\n- Tamanho\uff1a27,5\u2033\/70cm<br \/>\n- Carater\u00edstica: toque natural e real<br \/>\n- Utiliza\u00e7\u00e3o\uff1aDecora\u00e7\u00e3o de casa, festa, casamento<br \/>\n- MOQ\uff1a100Pcs<br \/>\n- Embalagem\uff1aCaixa de cart\u00e3o<\/p>","protected":false},"featured_media":3009,"template":"","meta":{"_acf_changed":false},"product_brand":[],"product_cat":[23],"product_tag":[],"class_list":{"0":"post-3008","1":"product","2":"type-product","3":"status-publish","4":"has-post-thumbnail","6":"product_cat-artificial-flower","8":"first","9":"instock","10":"shipping-taxable","11":"product-type-simple"},"acf":[],"yoast_head":"<!-- This site is optimized with the Yoast SEO plugin v26.7 - https:\/\/yoast.com\/wordpress\/plugins\/seo\/ -->\n<title>Artificial Parrot Tulip Silk Flower Bouquet Moisturizing Touch - LANSELVA Artificial Tree &amp; Plant Factory<\/title>\n<meta name=\"description\" content=\"Highly realistic moisturizing artificial flowers with a soft touch, available in a wide range of colors and varieties.\" \/>\n<meta name=\"robots\" content=\"index, follow, max-snippet:-1, max-image-preview:large, max-video-preview:-1\" \/>\n<link rel=\"canonical\" href=\"https:\/\/lanselva.com\/pt\/produto\/artificial-parrot-tulip-silk-flower-bouquet-moisturizing-touch\/\" \/>\n<meta property=\"og:locale\" content=\"pt_PT\" \/>\n<meta property=\"og:type\" content=\"article\" \/>\n<meta property=\"og:title\" content=\"Artificial Parrot Tulip Silk Flower Bouquet Moisturizing Touch - LANSELVA Artificial Tree &amp; Plant Factory\" \/>\n<meta property=\"og:description\" content=\"Highly realistic moisturizing artificial flowers with a soft touch, available in a wide range of colors and varieties.\" \/>\n<meta property=\"og:url\" content=\"https:\/\/lanselva.com\/pt\/produto\/artificial-parrot-tulip-silk-flower-bouquet-moisturizing-touch\/\" \/>\n<meta property=\"og:site_name\" content=\"LANSELVA Artificial Tree &amp; Plant Factory\" \/>\n<meta property=\"article:modified_time\" content=\"2026-03-20T07:35:10+00:00\" \/>\n<meta property=\"og:image\" content=\"https:\/\/lanselva.com\/wp-content\/uploads\/2025\/10\/Y-236-1761919139.png\" \/>\n\t<meta property=\"og:image:width\" content=\"800\" \/>\n\t<meta property=\"og:image:height\" content=\"800\" \/>\n\t<meta property=\"og:image:type\" content=\"image\/png\" \/>\n<meta name=\"twitter:card\" content=\"summary_large_image\" \/>\n<meta name=\"twitter:label1\" content=\"Est. reading time\" \/>\n\t<meta name=\"twitter:data1\" content=\"1 minuto\" \/>\n<script type=\"application\/ld+json\" class=\"yoast-schema-graph\">{\"@context\":\"https:\/\/schema.org\",\"@graph\":[{\"@type\":\"WebPage\",\"@id\":\"https:\/\/lanselva.com\/product\/artificial-parrot-tulip-silk-flower-bouquet-moisturizing-touch\/\",\"url\":\"https:\/\/lanselva.com\/product\/artificial-parrot-tulip-silk-flower-bouquet-moisturizing-touch\/\",\"name\":\"Artificial Parrot Tulip Silk Flower Bouquet Moisturizing Touch - LANSELVA Artificial Tree &amp; Plant Factory\",\"isPartOf\":{\"@id\":\"https:\/\/lanselva.com\/#website\"},\"primaryImageOfPage\":{\"@id\":\"https:\/\/lanselva.com\/product\/artificial-parrot-tulip-silk-flower-bouquet-moisturizing-touch\/#primaryimage\"},\"image\":{\"@id\":\"https:\/\/lanselva.com\/product\/artificial-parrot-tulip-silk-flower-bouquet-moisturizing-touch\/#primaryimage\"},\"thumbnailUrl\":\"https:\/\/lanselva.com\/wp-content\/uploads\/2025\/10\/Y-236-1761919139.png\",\"datePublished\":\"2025-10-31T14:00:33+00:00\",\"dateModified\":\"2026-03-20T07:35:10+00:00\",\"description\":\"Highly realistic moisturizing artificial flowers with a soft touch, available in a wide range of colors and varieties.\",\"breadcrumb\":{\"@id\":\"https:\/\/lanselva.com\/product\/artificial-parrot-tulip-silk-flower-bouquet-moisturizing-touch\/#breadcrumb\"},\"inLanguage\":\"pt-AO\",\"potentialAction\":[{\"@type\":\"ReadAction\",\"target\":[\"https:\/\/lanselva.com\/product\/artificial-parrot-tulip-silk-flower-bouquet-moisturizing-touch\/\"]}]},{\"@type\":\"ImageObject\",\"inLanguage\":\"pt-AO\",\"@id\":\"https:\/\/lanselva.com\/product\/artificial-parrot-tulip-silk-flower-bouquet-moisturizing-touch\/#primaryimage\",\"url\":\"https:\/\/lanselva.com\/wp-content\/uploads\/2025\/10\/Y-236-1761919139.png\",\"contentUrl\":\"https:\/\/lanselva.com\/wp-content\/uploads\/2025\/10\/Y-236-1761919139.png\",\"width\":800,\"height\":800},{\"@type\":\"BreadcrumbList\",\"@id\":\"https:\/\/lanselva.com\/product\/artificial-parrot-tulip-silk-flower-bouquet-moisturizing-touch\/#breadcrumb\",\"itemListElement\":[{\"@type\":\"ListItem\",\"position\":1,\"name\":\"\u9996\u9875\",\"item\":\"https:\/\/lanselva.com\/\"},{\"@type\":\"ListItem\",\"position\":2,\"name\":\"Products\",\"item\":\"https:\/\/lanselva.com\/shop\/\"},{\"@type\":\"ListItem\",\"position\":3,\"name\":\"Artificial Parrot Tulip Silk Flower Bouquet Moisturizing Touch\"}]},{\"@type\":\"WebSite\",\"@id\":\"https:\/\/lanselva.com\/#website\",\"url\":\"https:\/\/lanselva.com\/\",\"name\":\"Lanselva Artificial Tree & Plant Factory\",\"description\":\"\",\"publisher\":{\"@id\":\"https:\/\/lanselva.com\/#organization\"},\"potentialAction\":[{\"@type\":\"SearchAction\",\"target\":{\"@type\":\"EntryPoint\",\"urlTemplate\":\"https:\/\/lanselva.com\/?s={search_term_string}\"},\"query-input\":{\"@type\":\"PropertyValueSpecification\",\"valueRequired\":true,\"valueName\":\"search_term_string\"}}],\"inLanguage\":\"pt-AO\"},{\"@type\":\"Organization\",\"@id\":\"https:\/\/lanselva.com\/#organization\",\"name\":\"FIAS Artificial Flower Plant Factory\",\"url\":\"https:\/\/lanselva.com\/\",\"logo\":{\"@type\":\"ImageObject\",\"inLanguage\":\"pt-AO\",\"@id\":\"https:\/\/lanselva.com\/#\/schema\/logo\/image\/\",\"url\":\"https:\/\/lanselva.com\/wp-content\/uploads\/2026\/01\/cropped-1021768024887_.pic-1768025105-1.png\",\"contentUrl\":\"https:\/\/lanselva.com\/wp-content\/uploads\/2026\/01\/cropped-1021768024887_.pic-1768025105-1.png\",\"width\":1213,\"height\":1207,\"caption\":\"FIAS Artificial Flower Plant Factory\"},\"image\":{\"@id\":\"https:\/\/lanselva.com\/#\/schema\/logo\/image\/\"}}]}<\/script>\n<!-- \/ Yoast SEO plugin. -->","yoast_head_json":{"title":"Artificial Parrot Tulip Silk Flower Bouquet Moisturizing Touch - LANSELVA Artificial Tree &amp; Plant Factory","description":"Highly realistic moisturizing artificial flowers with a soft touch, available in a wide range of colors and varieties.","robots":{"index":"index","follow":"follow","max-snippet":"max-snippet:-1","max-image-preview":"max-image-preview:large","max-video-preview":"max-video-preview:-1"},"canonical":"https:\/\/lanselva.com\/pt\/produto\/artificial-parrot-tulip-silk-flower-bouquet-moisturizing-touch\/","og_locale":"pt_PT","og_type":"article","og_title":"Artificial Parrot Tulip Silk Flower Bouquet Moisturizing Touch - LANSELVA Artificial Tree &amp; Plant Factory","og_description":"Highly realistic moisturizing artificial flowers with a soft touch, available in a wide range of colors and varieties.","og_url":"https:\/\/lanselva.com\/pt\/produto\/artificial-parrot-tulip-silk-flower-bouquet-moisturizing-touch\/","og_site_name":"LANSELVA Artificial Tree &amp; Plant Factory","article_modified_time":"2026-03-20T07:35:10+00:00","og_image":[{"width":800,"height":800,"url":"https:\/\/lanselva.com\/wp-content\/uploads\/2025\/10\/Y-236-1761919139.png","type":"image\/png"}],"twitter_card":"summary_large_image","twitter_misc":{"Est. reading time":"1 minuto"},"schema":{"@context":"https:\/\/schema.org","@graph":[{"@type":"WebPage","@id":"https:\/\/lanselva.com\/product\/artificial-parrot-tulip-silk-flower-bouquet-moisturizing-touch\/","url":"https:\/\/lanselva.com\/product\/artificial-parrot-tulip-silk-flower-bouquet-moisturizing-touch\/","name":"Artificial Parrot Tulip Silk Flower Bouquet Moisturizing Touch - LANSELVA Artificial Tree &amp; Plant Factory","isPartOf":{"@id":"https:\/\/lanselva.com\/#website"},"primaryImageOfPage":{"@id":"https:\/\/lanselva.com\/product\/artificial-parrot-tulip-silk-flower-bouquet-moisturizing-touch\/#primaryimage"},"image":{"@id":"https:\/\/lanselva.com\/product\/artificial-parrot-tulip-silk-flower-bouquet-moisturizing-touch\/#primaryimage"},"thumbnailUrl":"https:\/\/lanselva.com\/wp-content\/uploads\/2025\/10\/Y-236-1761919139.png","datePublished":"2025-10-31T14:00:33+00:00","dateModified":"2026-03-20T07:35:10+00:00","description":"Highly realistic moisturizing artificial flowers with a soft touch, available in a wide range of colors and varieties.","breadcrumb":{"@id":"https:\/\/lanselva.com\/product\/artificial-parrot-tulip-silk-flower-bouquet-moisturizing-touch\/#breadcrumb"},"inLanguage":"pt-AO","potentialAction":[{"@type":"ReadAction","target":["https:\/\/lanselva.com\/product\/artificial-parrot-tulip-silk-flower-bouquet-moisturizing-touch\/"]}]},{"@type":"ImageObject","inLanguage":"pt-AO","@id":"https:\/\/lanselva.com\/product\/artificial-parrot-tulip-silk-flower-bouquet-moisturizing-touch\/#primaryimage","url":"https:\/\/lanselva.com\/wp-content\/uploads\/2025\/10\/Y-236-1761919139.png","contentUrl":"https:\/\/lanselva.com\/wp-content\/uploads\/2025\/10\/Y-236-1761919139.png","width":800,"height":800},{"@type":"BreadcrumbList","@id":"https:\/\/lanselva.com\/product\/artificial-parrot-tulip-silk-flower-bouquet-moisturizing-touch\/#breadcrumb","itemListElement":[{"@type":"ListItem","position":1,"name":"\u9996\u9875","item":"https:\/\/lanselva.com\/"},{"@type":"ListItem","position":2,"name":"Products","item":"https:\/\/lanselva.com\/shop\/"},{"@type":"ListItem","position":3,"name":"Artificial Parrot Tulip Silk Flower Bouquet Moisturizing Touch"}]},{"@type":"WebSite","@id":"https:\/\/lanselva.com\/#website","url":"https:\/\/lanselva.com\/","name":"Lanselva Artificial Tree & Plant Factory","description":"","publisher":{"@id":"https:\/\/lanselva.com\/#organization"},"potentialAction":[{"@type":"SearchAction","target":{"@type":"EntryPoint","urlTemplate":"https:\/\/lanselva.com\/?s={search_term_string}"},"query-input":{"@type":"PropertyValueSpecification","valueRequired":true,"valueName":"search_term_string"}}],"inLanguage":"pt-AO"},{"@type":"Organization","@id":"https:\/\/lanselva.com\/#organization","name":"FIAS Artificial Flower Plant Factory","url":"https:\/\/lanselva.com\/","logo":{"@type":"ImageObject","inLanguage":"pt-AO","@id":"https:\/\/lanselva.com\/#\/schema\/logo\/image\/","url":"https:\/\/lanselva.com\/wp-content\/uploads\/2026\/01\/cropped-1021768024887_.pic-1768025105-1.png","contentUrl":"https:\/\/lanselva.com\/wp-content\/uploads\/2026\/01\/cropped-1021768024887_.pic-1768025105-1.png","width":1213,"height":1207,"caption":"FIAS Artificial Flower Plant Factory"},"image":{"@id":"https:\/\/lanselva.com\/#\/schema\/logo\/image\/"}}]}},"_links":{"self":[{"href":"https:\/\/lanselva.com\/pt\/wp-json\/wp\/v2\/product\/3008","targetHints":{"allow":["GET"]}}],"collection":[{"href":"https:\/\/lanselva.com\/pt\/wp-json\/wp\/v2\/product"}],"about":[{"href":"https:\/\/lanselva.com\/pt\/wp-json\/wp\/v2\/types\/product"}],"version-history":[{"count":0,"href":"https:\/\/lanselva.com\/pt\/wp-json\/wp\/v2\/product\/3008\/revisions"}],"wp:featuredmedia":[{"embeddable":true,"href":"https:\/\/lanselva.com\/pt\/wp-json\/wp\/v2\/media\/3009"}],"wp:attachment":[{"href":"https:\/\/lanselva.com\/pt\/wp-json\/wp\/v2\/media?parent=3008"}],"wp:term":[{"taxonomy":"product_brand","embeddable":true,"href":"https:\/\/lanselva.com\/pt\/wp-json\/wp\/v2\/product_brand?post=3008"},{"taxonomy":"product_cat","embeddable":true,"href":"https:\/\/lanselva.com\/pt\/wp-json\/wp\/v2\/product_cat?post=3008"},{"taxonomy":"product_tag","embeddable":true,"href":"https:\/\/lanselva.com\/pt\/wp-json\/wp\/v2\/product_tag?post=3008"}],"curies":[{"name":"wp","href":"https:\/\/api.w.org\/{rel}","templated":true}]}}