{"id":2811,"date":"2025-08-19T15:48:15","date_gmt":"2025-08-19T07:48:15","guid":{"rendered":"https:\/\/lanselva.com\/?post_type=product&#038;p=2811"},"modified":"2026-01-31T21:25:57","modified_gmt":"2026-01-31T13:25:57","slug":"indoor-outdoor-artificial-tree-decorative-landscaping","status":"publish","type":"product","link":"https:\/\/lanselva.com\/pt\/produto\/indoor-outdoor-artificial-tree-decorative-landscaping\/","title":{"rendered":"\u00c1rvore artificial para interior\/exterior Paisagismo decorativo"},"content":{"rendered":"","protected":false},"excerpt":{"rendered":"<ul>\n<li>Modelo\uff1a U-274<\/li>\n<li>Materiais\uff1aFlor de seda+fibra de vidro\/madeira<\/li>\n<li>Cor: 1 cores est\u00e3o dispon\u00edveis para sele\u00e7\u00e3o\/personaliza\u00e7\u00e3o<\/li>\n<li>Tamanho\uff1aPersonalizado<\/li>\n<li>Funcionalidade\uff1a toque natural e real<\/li>\n<li>Utiliza\u00e7\u00e3o\uff1a Decora\u00e7\u00e3o interior e exterior<\/li>\n<li>MOQ\uff1a2 Pcs<\/li>\n<li>\u00a0Embalagem\uff1a Caixa de cart\u00e3o<\/li>\n<\/ul>","protected":false},"featured_media":2812,"template":"","meta":{"_acf_changed":false},"product_brand":[],"product_cat":[36],"product_tag":[],"class_list":{"0":"post-2811","1":"product","2":"type-product","3":"status-publish","4":"has-post-thumbnail","6":"product_cat-artificial-tree","8":"first","9":"instock","10":"shipping-taxable","11":"product-type-simple"},"acf":[],"yoast_head":"<!-- This site is optimized with the Yoast SEO plugin v26.7 - https:\/\/yoast.com\/wordpress\/plugins\/seo\/ -->\n<title>Indoor\/Outdoor Artificial Tree Decorative Landscaping - LANSELVA Artificial Tree &amp; Plant Factory<\/title>\n<meta name=\"description\" content=\"Indoor and outdoor artificial wisteria trees, with wooden or fiberglass tree trunks, suitable for decoration in hotels, shopping malls, homes, etc.\" \/>\n<meta name=\"robots\" content=\"index, follow, max-snippet:-1, max-image-preview:large, max-video-preview:-1\" \/>\n<link rel=\"canonical\" href=\"https:\/\/lanselva.com\/pt\/produto\/indoor-outdoor-artificial-tree-decorative-landscaping\/\" \/>\n<meta property=\"og:locale\" content=\"pt_PT\" \/>\n<meta property=\"og:type\" content=\"article\" \/>\n<meta property=\"og:title\" content=\"Indoor\/Outdoor Artificial Tree Decorative Landscaping - LANSELVA Artificial Tree &amp; Plant Factory\" \/>\n<meta property=\"og:description\" content=\"Indoor and outdoor artificial wisteria trees, with wooden or fiberglass tree trunks, suitable for decoration in hotels, shopping malls, homes, etc.\" \/>\n<meta property=\"og:url\" content=\"https:\/\/lanselva.com\/pt\/produto\/indoor-outdoor-artificial-tree-decorative-landscaping\/\" \/>\n<meta property=\"og:site_name\" content=\"LANSELVA Artificial Tree &amp; Plant Factory\" \/>\n<meta property=\"article:modified_time\" content=\"2026-01-31T13:25:57+00:00\" \/>\n<meta property=\"og:image\" content=\"https:\/\/lanselva.com\/wp-content\/uploads\/2025\/08\/U-274-1-1755589603.png\" \/>\n\t<meta property=\"og:image:width\" content=\"800\" \/>\n\t<meta property=\"og:image:height\" content=\"800\" \/>\n\t<meta property=\"og:image:type\" content=\"image\/png\" \/>\n<meta name=\"twitter:card\" content=\"summary_large_image\" \/>\n<meta name=\"twitter:label1\" content=\"Est. reading time\" \/>\n\t<meta name=\"twitter:data1\" content=\"1 minuto\" \/>\n<script type=\"application\/ld+json\" class=\"yoast-schema-graph\">{\"@context\":\"https:\/\/schema.org\",\"@graph\":[{\"@type\":\"WebPage\",\"@id\":\"https:\/\/lanselva.com\/product\/indoor-outdoor-artificial-tree-decorative-landscaping\/\",\"url\":\"https:\/\/lanselva.com\/product\/indoor-outdoor-artificial-tree-decorative-landscaping\/\",\"name\":\"Indoor\/Outdoor Artificial Tree Decorative Landscaping - LANSELVA Artificial Tree &amp; Plant Factory\",\"isPartOf\":{\"@id\":\"https:\/\/lanselva.com\/#website\"},\"primaryImageOfPage\":{\"@id\":\"https:\/\/lanselva.com\/product\/indoor-outdoor-artificial-tree-decorative-landscaping\/#primaryimage\"},\"image\":{\"@id\":\"https:\/\/lanselva.com\/product\/indoor-outdoor-artificial-tree-decorative-landscaping\/#primaryimage\"},\"thumbnailUrl\":\"https:\/\/lanselva.com\/wp-content\/uploads\/2025\/08\/U-274-1-1755589603.png\",\"datePublished\":\"2025-08-19T07:48:15+00:00\",\"dateModified\":\"2026-01-31T13:25:57+00:00\",\"description\":\"Indoor and outdoor artificial wisteria trees, with wooden or fiberglass tree trunks, suitable for decoration in hotels, shopping malls, homes, etc.\",\"breadcrumb\":{\"@id\":\"https:\/\/lanselva.com\/product\/indoor-outdoor-artificial-tree-decorative-landscaping\/#breadcrumb\"},\"inLanguage\":\"pt-AO\",\"potentialAction\":[{\"@type\":\"ReadAction\",\"target\":[\"https:\/\/lanselva.com\/product\/indoor-outdoor-artificial-tree-decorative-landscaping\/\"]}]},{\"@type\":\"ImageObject\",\"inLanguage\":\"pt-AO\",\"@id\":\"https:\/\/lanselva.com\/product\/indoor-outdoor-artificial-tree-decorative-landscaping\/#primaryimage\",\"url\":\"https:\/\/lanselva.com\/wp-content\/uploads\/2025\/08\/U-274-1-1755589603.png\",\"contentUrl\":\"https:\/\/lanselva.com\/wp-content\/uploads\/2025\/08\/U-274-1-1755589603.png\",\"width\":800,\"height\":800},{\"@type\":\"BreadcrumbList\",\"@id\":\"https:\/\/lanselva.com\/product\/indoor-outdoor-artificial-tree-decorative-landscaping\/#breadcrumb\",\"itemListElement\":[{\"@type\":\"ListItem\",\"position\":1,\"name\":\"\u9996\u9875\",\"item\":\"https:\/\/lanselva.com\/\"},{\"@type\":\"ListItem\",\"position\":2,\"name\":\"Products\",\"item\":\"https:\/\/lanselva.com\/shop\/\"},{\"@type\":\"ListItem\",\"position\":3,\"name\":\"Indoor\/Outdoor Artificial Tree Decorative Landscaping\"}]},{\"@type\":\"WebSite\",\"@id\":\"https:\/\/lanselva.com\/#website\",\"url\":\"https:\/\/lanselva.com\/\",\"name\":\"Lanselva Artificial Tree & Plant Factory\",\"description\":\"\",\"publisher\":{\"@id\":\"https:\/\/lanselva.com\/#organization\"},\"potentialAction\":[{\"@type\":\"SearchAction\",\"target\":{\"@type\":\"EntryPoint\",\"urlTemplate\":\"https:\/\/lanselva.com\/?s={search_term_string}\"},\"query-input\":{\"@type\":\"PropertyValueSpecification\",\"valueRequired\":true,\"valueName\":\"search_term_string\"}}],\"inLanguage\":\"pt-AO\"},{\"@type\":\"Organization\",\"@id\":\"https:\/\/lanselva.com\/#organization\",\"name\":\"FIAS Artificial Flower Plant Factory\",\"url\":\"https:\/\/lanselva.com\/\",\"logo\":{\"@type\":\"ImageObject\",\"inLanguage\":\"pt-AO\",\"@id\":\"https:\/\/lanselva.com\/#\/schema\/logo\/image\/\",\"url\":\"https:\/\/lanselva.com\/wp-content\/uploads\/2026\/01\/cropped-1021768024887_.pic-1768025105-1.png\",\"contentUrl\":\"https:\/\/lanselva.com\/wp-content\/uploads\/2026\/01\/cropped-1021768024887_.pic-1768025105-1.png\",\"width\":1213,\"height\":1207,\"caption\":\"FIAS Artificial Flower Plant Factory\"},\"image\":{\"@id\":\"https:\/\/lanselva.com\/#\/schema\/logo\/image\/\"}}]}<\/script>\n<!-- \/ Yoast SEO plugin. -->","yoast_head_json":{"title":"Indoor\/Outdoor Artificial Tree Decorative Landscaping - LANSELVA Artificial Tree &amp; Plant Factory","description":"Indoor and outdoor artificial wisteria trees, with wooden or fiberglass tree trunks, suitable for decoration in hotels, shopping malls, homes, etc.","robots":{"index":"index","follow":"follow","max-snippet":"max-snippet:-1","max-image-preview":"max-image-preview:large","max-video-preview":"max-video-preview:-1"},"canonical":"https:\/\/lanselva.com\/pt\/produto\/indoor-outdoor-artificial-tree-decorative-landscaping\/","og_locale":"pt_PT","og_type":"article","og_title":"Indoor\/Outdoor Artificial Tree Decorative Landscaping - LANSELVA Artificial Tree &amp; Plant Factory","og_description":"Indoor and outdoor artificial wisteria trees, with wooden or fiberglass tree trunks, suitable for decoration in hotels, shopping malls, homes, etc.","og_url":"https:\/\/lanselva.com\/pt\/produto\/indoor-outdoor-artificial-tree-decorative-landscaping\/","og_site_name":"LANSELVA Artificial Tree &amp; Plant Factory","article_modified_time":"2026-01-31T13:25:57+00:00","og_image":[{"width":800,"height":800,"url":"https:\/\/lanselva.com\/wp-content\/uploads\/2025\/08\/U-274-1-1755589603.png","type":"image\/png"}],"twitter_card":"summary_large_image","twitter_misc":{"Est. reading time":"1 minuto"},"schema":{"@context":"https:\/\/schema.org","@graph":[{"@type":"WebPage","@id":"https:\/\/lanselva.com\/product\/indoor-outdoor-artificial-tree-decorative-landscaping\/","url":"https:\/\/lanselva.com\/product\/indoor-outdoor-artificial-tree-decorative-landscaping\/","name":"Indoor\/Outdoor Artificial Tree Decorative Landscaping - LANSELVA Artificial Tree &amp; Plant Factory","isPartOf":{"@id":"https:\/\/lanselva.com\/#website"},"primaryImageOfPage":{"@id":"https:\/\/lanselva.com\/product\/indoor-outdoor-artificial-tree-decorative-landscaping\/#primaryimage"},"image":{"@id":"https:\/\/lanselva.com\/product\/indoor-outdoor-artificial-tree-decorative-landscaping\/#primaryimage"},"thumbnailUrl":"https:\/\/lanselva.com\/wp-content\/uploads\/2025\/08\/U-274-1-1755589603.png","datePublished":"2025-08-19T07:48:15+00:00","dateModified":"2026-01-31T13:25:57+00:00","description":"Indoor and outdoor artificial wisteria trees, with wooden or fiberglass tree trunks, suitable for decoration in hotels, shopping malls, homes, etc.","breadcrumb":{"@id":"https:\/\/lanselva.com\/product\/indoor-outdoor-artificial-tree-decorative-landscaping\/#breadcrumb"},"inLanguage":"pt-AO","potentialAction":[{"@type":"ReadAction","target":["https:\/\/lanselva.com\/product\/indoor-outdoor-artificial-tree-decorative-landscaping\/"]}]},{"@type":"ImageObject","inLanguage":"pt-AO","@id":"https:\/\/lanselva.com\/product\/indoor-outdoor-artificial-tree-decorative-landscaping\/#primaryimage","url":"https:\/\/lanselva.com\/wp-content\/uploads\/2025\/08\/U-274-1-1755589603.png","contentUrl":"https:\/\/lanselva.com\/wp-content\/uploads\/2025\/08\/U-274-1-1755589603.png","width":800,"height":800},{"@type":"BreadcrumbList","@id":"https:\/\/lanselva.com\/product\/indoor-outdoor-artificial-tree-decorative-landscaping\/#breadcrumb","itemListElement":[{"@type":"ListItem","position":1,"name":"\u9996\u9875","item":"https:\/\/lanselva.com\/"},{"@type":"ListItem","position":2,"name":"Products","item":"https:\/\/lanselva.com\/shop\/"},{"@type":"ListItem","position":3,"name":"Indoor\/Outdoor Artificial Tree Decorative Landscaping"}]},{"@type":"WebSite","@id":"https:\/\/lanselva.com\/#website","url":"https:\/\/lanselva.com\/","name":"Lanselva Artificial Tree & Plant Factory","description":"","publisher":{"@id":"https:\/\/lanselva.com\/#organization"},"potentialAction":[{"@type":"SearchAction","target":{"@type":"EntryPoint","urlTemplate":"https:\/\/lanselva.com\/?s={search_term_string}"},"query-input":{"@type":"PropertyValueSpecification","valueRequired":true,"valueName":"search_term_string"}}],"inLanguage":"pt-AO"},{"@type":"Organization","@id":"https:\/\/lanselva.com\/#organization","name":"FIAS Artificial Flower Plant Factory","url":"https:\/\/lanselva.com\/","logo":{"@type":"ImageObject","inLanguage":"pt-AO","@id":"https:\/\/lanselva.com\/#\/schema\/logo\/image\/","url":"https:\/\/lanselva.com\/wp-content\/uploads\/2026\/01\/cropped-1021768024887_.pic-1768025105-1.png","contentUrl":"https:\/\/lanselva.com\/wp-content\/uploads\/2026\/01\/cropped-1021768024887_.pic-1768025105-1.png","width":1213,"height":1207,"caption":"FIAS Artificial Flower Plant Factory"},"image":{"@id":"https:\/\/lanselva.com\/#\/schema\/logo\/image\/"}}]}},"_links":{"self":[{"href":"https:\/\/lanselva.com\/pt\/wp-json\/wp\/v2\/product\/2811","targetHints":{"allow":["GET"]}}],"collection":[{"href":"https:\/\/lanselva.com\/pt\/wp-json\/wp\/v2\/product"}],"about":[{"href":"https:\/\/lanselva.com\/pt\/wp-json\/wp\/v2\/types\/product"}],"version-history":[{"count":0,"href":"https:\/\/lanselva.com\/pt\/wp-json\/wp\/v2\/product\/2811\/revisions"}],"wp:featuredmedia":[{"embeddable":true,"href":"https:\/\/lanselva.com\/pt\/wp-json\/wp\/v2\/media\/2812"}],"wp:attachment":[{"href":"https:\/\/lanselva.com\/pt\/wp-json\/wp\/v2\/media?parent=2811"}],"wp:term":[{"taxonomy":"product_brand","embeddable":true,"href":"https:\/\/lanselva.com\/pt\/wp-json\/wp\/v2\/product_brand?post=2811"},{"taxonomy":"product_cat","embeddable":true,"href":"https:\/\/lanselva.com\/pt\/wp-json\/wp\/v2\/product_cat?post=2811"},{"taxonomy":"product_tag","embeddable":true,"href":"https:\/\/lanselva.com\/pt\/wp-json\/wp\/v2\/product_tag?post=2811"}],"curies":[{"name":"wp","href":"https:\/\/api.w.org\/{rel}","templated":true}]}}