{"id":2677,"date":"2025-07-20T19:12:05","date_gmt":"2025-07-20T11:12:05","guid":{"rendered":"https:\/\/lanselva.com\/?post_type=product&#038;p=2677"},"modified":"2025-07-20T19:12:05","modified_gmt":"2025-07-20T11:12:05","slug":"high-bottom-matte-cloth-artificial-flowers-popular-flower","status":"publish","type":"product","link":"https:\/\/lanselva.com\/pt\/produto\/high-bottom-matte-cloth-artificial-flowers-popular-flower\/","title":{"rendered":"Flores artificiais de pano fosco de fundo alto Flores populares"},"content":{"rendered":"","protected":false},"excerpt":{"rendered":"<ul>\n<li>Modelo\uff1a U-82<\/li>\n<li>Materiais\uff1aFlor de seda<\/li>\n<li>Cor: 7 cores dispon\u00edveis para sele\u00e7\u00e3o\/personaliza\u00e7\u00e3o<\/li>\n<li>Tamanho\uff1a1 m2\/Personalizado<\/li>\n<li>Funcionalidade\uff1a toque natural e real<\/li>\n<li>Utiliza\u00e7\u00e3o\uff1a Casamento \/ Confer\u00eancia<\/li>\n<li>MOQ\uff1a10Pcs<\/li>\n<li>\u00a0Embalagem\uff1a Caixa de cart\u00e3o<\/li>\n<\/ul>","protected":false},"featured_media":2678,"template":"","meta":{"_acf_changed":false},"product_brand":[],"product_cat":[28],"product_tag":[],"class_list":{"0":"post-2677","1":"product","2":"type-product","3":"status-publish","4":"has-post-thumbnail","6":"product_cat-wedding-flowers","8":"first","9":"instock","10":"shipping-taxable","11":"product-type-simple"},"acf":[],"yoast_head":"<!-- This site is optimized with the Yoast SEO plugin v26.7 - https:\/\/yoast.com\/wordpress\/plugins\/seo\/ -->\n<title>High-Bottom Matte Cloth Artificial Flowers Popular Flower - LANSELVA Artificial Tree &amp; Plant Factory<\/title>\n<meta name=\"robots\" content=\"index, follow, max-snippet:-1, max-image-preview:large, max-video-preview:-1\" \/>\n<link rel=\"canonical\" href=\"https:\/\/lanselva.com\/pt\/produto\/high-bottom-matte-cloth-artificial-flowers-popular-flower\/\" \/>\n<meta property=\"og:locale\" content=\"pt_PT\" \/>\n<meta property=\"og:type\" content=\"article\" \/>\n<meta property=\"og:title\" content=\"High-Bottom Matte Cloth Artificial Flowers Popular Flower - LANSELVA Artificial Tree &amp; Plant Factory\" \/>\n<meta property=\"og:description\" content=\"Model\uff1a U-82  Materials\uff1aSilk flower  Color:\u00a0 7 colors are available for selection\/Customized  Size\uff1a1 sqm\/Customized  Feature\uff1a natural, real touch  Usage\uff1a Wedding \/ Conference  MOQ\uff1a10Pcs  \u00a0Packing\uff1a Carton Box\" \/>\n<meta property=\"og:url\" content=\"https:\/\/lanselva.com\/pt\/produto\/high-bottom-matte-cloth-artificial-flowers-popular-flower\/\" \/>\n<meta property=\"og:site_name\" content=\"LANSELVA Artificial Tree &amp; Plant Factory\" \/>\n<meta property=\"og:image\" content=\"https:\/\/lanselva.com\/wp-content\/uploads\/2025\/07\/u-82-1-1753009835.png\" \/>\n\t<meta property=\"og:image:width\" content=\"720\" \/>\n\t<meta property=\"og:image:height\" content=\"720\" \/>\n\t<meta property=\"og:image:type\" content=\"image\/png\" \/>\n<meta name=\"twitter:card\" content=\"summary_large_image\" \/>\n<meta name=\"twitter:label1\" content=\"Est. reading time\" \/>\n\t<meta name=\"twitter:data1\" content=\"1 minuto\" \/>\n<script type=\"application\/ld+json\" class=\"yoast-schema-graph\">{\"@context\":\"https:\/\/schema.org\",\"@graph\":[{\"@type\":\"WebPage\",\"@id\":\"https:\/\/lanselva.com\/product\/high-bottom-matte-cloth-artificial-flowers-popular-flower\/\",\"url\":\"https:\/\/lanselva.com\/product\/high-bottom-matte-cloth-artificial-flowers-popular-flower\/\",\"name\":\"High-Bottom Matte Cloth Artificial Flowers Popular Flower - LANSELVA Artificial Tree &amp; Plant Factory\",\"isPartOf\":{\"@id\":\"https:\/\/lanselva.com\/#website\"},\"primaryImageOfPage\":{\"@id\":\"https:\/\/lanselva.com\/product\/high-bottom-matte-cloth-artificial-flowers-popular-flower\/#primaryimage\"},\"image\":{\"@id\":\"https:\/\/lanselva.com\/product\/high-bottom-matte-cloth-artificial-flowers-popular-flower\/#primaryimage\"},\"thumbnailUrl\":\"https:\/\/lanselva.com\/wp-content\/uploads\/2025\/07\/u-82-1-1753009835.png\",\"datePublished\":\"2025-07-20T11:12:05+00:00\",\"breadcrumb\":{\"@id\":\"https:\/\/lanselva.com\/product\/high-bottom-matte-cloth-artificial-flowers-popular-flower\/#breadcrumb\"},\"inLanguage\":\"pt-AO\",\"potentialAction\":[{\"@type\":\"ReadAction\",\"target\":[\"https:\/\/lanselva.com\/product\/high-bottom-matte-cloth-artificial-flowers-popular-flower\/\"]}]},{\"@type\":\"ImageObject\",\"inLanguage\":\"pt-AO\",\"@id\":\"https:\/\/lanselva.com\/product\/high-bottom-matte-cloth-artificial-flowers-popular-flower\/#primaryimage\",\"url\":\"https:\/\/lanselva.com\/wp-content\/uploads\/2025\/07\/u-82-1-1753009835.png\",\"contentUrl\":\"https:\/\/lanselva.com\/wp-content\/uploads\/2025\/07\/u-82-1-1753009835.png\",\"width\":720,\"height\":720},{\"@type\":\"BreadcrumbList\",\"@id\":\"https:\/\/lanselva.com\/product\/high-bottom-matte-cloth-artificial-flowers-popular-flower\/#breadcrumb\",\"itemListElement\":[{\"@type\":\"ListItem\",\"position\":1,\"name\":\"\u9996\u9875\",\"item\":\"https:\/\/lanselva.com\/\"},{\"@type\":\"ListItem\",\"position\":2,\"name\":\"Products\",\"item\":\"https:\/\/lanselva.com\/shop\/\"},{\"@type\":\"ListItem\",\"position\":3,\"name\":\"High-Bottom Matte Cloth Artificial Flowers Popular Flower\"}]},{\"@type\":\"WebSite\",\"@id\":\"https:\/\/lanselva.com\/#website\",\"url\":\"https:\/\/lanselva.com\/\",\"name\":\"Lanselva Artificial Tree & Plant Factory\",\"description\":\"\",\"publisher\":{\"@id\":\"https:\/\/lanselva.com\/#organization\"},\"potentialAction\":[{\"@type\":\"SearchAction\",\"target\":{\"@type\":\"EntryPoint\",\"urlTemplate\":\"https:\/\/lanselva.com\/?s={search_term_string}\"},\"query-input\":{\"@type\":\"PropertyValueSpecification\",\"valueRequired\":true,\"valueName\":\"search_term_string\"}}],\"inLanguage\":\"pt-AO\"},{\"@type\":\"Organization\",\"@id\":\"https:\/\/lanselva.com\/#organization\",\"name\":\"FIAS Artificial Flower Plant Factory\",\"url\":\"https:\/\/lanselva.com\/\",\"logo\":{\"@type\":\"ImageObject\",\"inLanguage\":\"pt-AO\",\"@id\":\"https:\/\/lanselva.com\/#\/schema\/logo\/image\/\",\"url\":\"https:\/\/lanselva.com\/wp-content\/uploads\/2026\/01\/cropped-1021768024887_.pic-1768025105-1.png\",\"contentUrl\":\"https:\/\/lanselva.com\/wp-content\/uploads\/2026\/01\/cropped-1021768024887_.pic-1768025105-1.png\",\"width\":1213,\"height\":1207,\"caption\":\"FIAS Artificial Flower Plant Factory\"},\"image\":{\"@id\":\"https:\/\/lanselva.com\/#\/schema\/logo\/image\/\"}}]}<\/script>\n<!-- \/ Yoast SEO plugin. -->","yoast_head_json":{"title":"High-Bottom Matte Cloth Artificial Flowers Popular Flower - LANSELVA Artificial Tree &amp; Plant Factory","robots":{"index":"index","follow":"follow","max-snippet":"max-snippet:-1","max-image-preview":"max-image-preview:large","max-video-preview":"max-video-preview:-1"},"canonical":"https:\/\/lanselva.com\/pt\/produto\/high-bottom-matte-cloth-artificial-flowers-popular-flower\/","og_locale":"pt_PT","og_type":"article","og_title":"High-Bottom Matte Cloth Artificial Flowers Popular Flower - LANSELVA Artificial Tree &amp; Plant Factory","og_description":"Model\uff1a U-82  Materials\uff1aSilk flower  Color:\u00a0 7 colors are available for selection\/Customized  Size\uff1a1 sqm\/Customized  Feature\uff1a natural, real touch  Usage\uff1a Wedding \/ Conference  MOQ\uff1a10Pcs  \u00a0Packing\uff1a Carton Box","og_url":"https:\/\/lanselva.com\/pt\/produto\/high-bottom-matte-cloth-artificial-flowers-popular-flower\/","og_site_name":"LANSELVA Artificial Tree &amp; Plant Factory","og_image":[{"width":720,"height":720,"url":"https:\/\/lanselva.com\/wp-content\/uploads\/2025\/07\/u-82-1-1753009835.png","type":"image\/png"}],"twitter_card":"summary_large_image","twitter_misc":{"Est. reading time":"1 minuto"},"schema":{"@context":"https:\/\/schema.org","@graph":[{"@type":"WebPage","@id":"https:\/\/lanselva.com\/product\/high-bottom-matte-cloth-artificial-flowers-popular-flower\/","url":"https:\/\/lanselva.com\/product\/high-bottom-matte-cloth-artificial-flowers-popular-flower\/","name":"High-Bottom Matte Cloth Artificial Flowers Popular Flower - LANSELVA Artificial Tree &amp; Plant Factory","isPartOf":{"@id":"https:\/\/lanselva.com\/#website"},"primaryImageOfPage":{"@id":"https:\/\/lanselva.com\/product\/high-bottom-matte-cloth-artificial-flowers-popular-flower\/#primaryimage"},"image":{"@id":"https:\/\/lanselva.com\/product\/high-bottom-matte-cloth-artificial-flowers-popular-flower\/#primaryimage"},"thumbnailUrl":"https:\/\/lanselva.com\/wp-content\/uploads\/2025\/07\/u-82-1-1753009835.png","datePublished":"2025-07-20T11:12:05+00:00","breadcrumb":{"@id":"https:\/\/lanselva.com\/product\/high-bottom-matte-cloth-artificial-flowers-popular-flower\/#breadcrumb"},"inLanguage":"pt-AO","potentialAction":[{"@type":"ReadAction","target":["https:\/\/lanselva.com\/product\/high-bottom-matte-cloth-artificial-flowers-popular-flower\/"]}]},{"@type":"ImageObject","inLanguage":"pt-AO","@id":"https:\/\/lanselva.com\/product\/high-bottom-matte-cloth-artificial-flowers-popular-flower\/#primaryimage","url":"https:\/\/lanselva.com\/wp-content\/uploads\/2025\/07\/u-82-1-1753009835.png","contentUrl":"https:\/\/lanselva.com\/wp-content\/uploads\/2025\/07\/u-82-1-1753009835.png","width":720,"height":720},{"@type":"BreadcrumbList","@id":"https:\/\/lanselva.com\/product\/high-bottom-matte-cloth-artificial-flowers-popular-flower\/#breadcrumb","itemListElement":[{"@type":"ListItem","position":1,"name":"\u9996\u9875","item":"https:\/\/lanselva.com\/"},{"@type":"ListItem","position":2,"name":"Products","item":"https:\/\/lanselva.com\/shop\/"},{"@type":"ListItem","position":3,"name":"High-Bottom Matte Cloth Artificial Flowers Popular Flower"}]},{"@type":"WebSite","@id":"https:\/\/lanselva.com\/#website","url":"https:\/\/lanselva.com\/","name":"Lanselva Artificial Tree & Plant Factory","description":"","publisher":{"@id":"https:\/\/lanselva.com\/#organization"},"potentialAction":[{"@type":"SearchAction","target":{"@type":"EntryPoint","urlTemplate":"https:\/\/lanselva.com\/?s={search_term_string}"},"query-input":{"@type":"PropertyValueSpecification","valueRequired":true,"valueName":"search_term_string"}}],"inLanguage":"pt-AO"},{"@type":"Organization","@id":"https:\/\/lanselva.com\/#organization","name":"FIAS Artificial Flower Plant Factory","url":"https:\/\/lanselva.com\/","logo":{"@type":"ImageObject","inLanguage":"pt-AO","@id":"https:\/\/lanselva.com\/#\/schema\/logo\/image\/","url":"https:\/\/lanselva.com\/wp-content\/uploads\/2026\/01\/cropped-1021768024887_.pic-1768025105-1.png","contentUrl":"https:\/\/lanselva.com\/wp-content\/uploads\/2026\/01\/cropped-1021768024887_.pic-1768025105-1.png","width":1213,"height":1207,"caption":"FIAS Artificial Flower Plant Factory"},"image":{"@id":"https:\/\/lanselva.com\/#\/schema\/logo\/image\/"}}]}},"_links":{"self":[{"href":"https:\/\/lanselva.com\/pt\/wp-json\/wp\/v2\/product\/2677","targetHints":{"allow":["GET"]}}],"collection":[{"href":"https:\/\/lanselva.com\/pt\/wp-json\/wp\/v2\/product"}],"about":[{"href":"https:\/\/lanselva.com\/pt\/wp-json\/wp\/v2\/types\/product"}],"version-history":[{"count":0,"href":"https:\/\/lanselva.com\/pt\/wp-json\/wp\/v2\/product\/2677\/revisions"}],"wp:featuredmedia":[{"embeddable":true,"href":"https:\/\/lanselva.com\/pt\/wp-json\/wp\/v2\/media\/2678"}],"wp:attachment":[{"href":"https:\/\/lanselva.com\/pt\/wp-json\/wp\/v2\/media?parent=2677"}],"wp:term":[{"taxonomy":"product_brand","embeddable":true,"href":"https:\/\/lanselva.com\/pt\/wp-json\/wp\/v2\/product_brand?post=2677"},{"taxonomy":"product_cat","embeddable":true,"href":"https:\/\/lanselva.com\/pt\/wp-json\/wp\/v2\/product_cat?post=2677"},{"taxonomy":"product_tag","embeddable":true,"href":"https:\/\/lanselva.com\/pt\/wp-json\/wp\/v2\/product_tag?post=2677"}],"curies":[{"name":"wp","href":"https:\/\/api.w.org\/{rel}","templated":true}]}}