{"id":1574,"date":"2025-06-13T13:53:15","date_gmt":"2025-06-13T05:53:15","guid":{"rendered":"https:\/\/lanselva.com\/?post_type=product&#038;p=1574"},"modified":"2025-06-13T13:53:16","modified_gmt":"2025-06-13T05:53:16","slug":"eucalyptus-camellia-vine-simulation-wall-for-outdoor-home","status":"publish","type":"product","link":"https:\/\/lanselva.com\/pt\/produto\/eucalyptus-camellia-vine-simulation-wall-for-outdoor-home\/","title":{"rendered":"Parede de simula\u00e7\u00e3o de videira de cam\u00e9lia de eucalipto para casa exterior"},"content":{"rendered":"","protected":false},"excerpt":{"rendered":"<ul>\n<li>Modelo\uff1a D-5<\/li>\n<li>Materiais\uff1a Pl\u00e1stico<\/li>\n<li>Cor: 6 cores dispon\u00edveis para sele\u00e7\u00e3o<\/li>\n<li>Tamanho\uff1a 77cm<\/li>\n<li>Funcionalidade\uff1a toque natural e real<\/li>\n<li>Utiliza\u00e7\u00e3o\uff1a Decora\u00e7\u00e3o de casamentos e festas em casa<\/li>\n<li>MOQ\uff1a100Pcs<\/li>\n<li>Embalagem\uff1a Caixa de cart\u00e3o<\/li>\n<\/ul>","protected":false},"featured_media":1575,"template":"","meta":{"_acf_changed":false},"product_brand":[],"product_cat":[35],"product_tag":[],"class_list":{"0":"post-1574","1":"product","2":"type-product","3":"status-publish","4":"has-post-thumbnail","6":"product_cat-artificial-plant","8":"first","9":"instock","10":"shipping-taxable","11":"product-type-simple"},"acf":[],"yoast_head":"<!-- This site is optimized with the Yoast SEO plugin v26.7 - https:\/\/yoast.com\/wordpress\/plugins\/seo\/ -->\n<title>Eucalyptus Camellia Vine Simulation Wall for Outdoor Home - LANSELVA Artificial Tree &amp; Plant Factory<\/title>\n<meta name=\"robots\" content=\"index, follow, max-snippet:-1, max-image-preview:large, max-video-preview:-1\" \/>\n<link rel=\"canonical\" href=\"https:\/\/lanselva.com\/pt\/produto\/eucalyptus-camellia-vine-simulation-wall-for-outdoor-home\/\" \/>\n<meta property=\"og:locale\" content=\"pt_PT\" \/>\n<meta property=\"og:type\" content=\"article\" \/>\n<meta property=\"og:title\" content=\"Eucalyptus Camellia Vine Simulation Wall for Outdoor Home - LANSELVA Artificial Tree &amp; Plant Factory\" \/>\n<meta property=\"og:description\" content=\"Model\uff1a D-5  Materials\uff1a Plastic  Color: 6 colors are available for selection  Size\uff1a 77cm  Feature\uff1a natural, real touch  Usage\uff1a Home Party Wedding Decoration  MOQ\uff1a100Pcs  Packing\uff1a Carton Box\" \/>\n<meta property=\"og:url\" content=\"https:\/\/lanselva.com\/pt\/produto\/eucalyptus-camellia-vine-simulation-wall-for-outdoor-home\/\" \/>\n<meta property=\"og:site_name\" content=\"LANSELVA Artificial Tree &amp; Plant Factory\" \/>\n<meta property=\"article:modified_time\" content=\"2025-06-13T05:53:16+00:00\" \/>\n<meta property=\"og:image\" content=\"https:\/\/lanselva.com\/wp-content\/uploads\/2025\/06\/Ha61374e333ed418b9c44f49d96458da7O.jpg_720x720q50-1749793787.png\" \/>\n\t<meta property=\"og:image:width\" content=\"720\" \/>\n\t<meta property=\"og:image:height\" content=\"720\" \/>\n\t<meta property=\"og:image:type\" content=\"image\/png\" \/>\n<meta name=\"twitter:card\" content=\"summary_large_image\" \/>\n<script type=\"application\/ld+json\" class=\"yoast-schema-graph\">{\"@context\":\"https:\/\/schema.org\",\"@graph\":[{\"@type\":\"WebPage\",\"@id\":\"https:\/\/lanselva.com\/product\/eucalyptus-camellia-vine-simulation-wall-for-outdoor-home\/\",\"url\":\"https:\/\/lanselva.com\/product\/eucalyptus-camellia-vine-simulation-wall-for-outdoor-home\/\",\"name\":\"Eucalyptus Camellia Vine Simulation Wall for Outdoor Home - LANSELVA Artificial Tree &amp; Plant Factory\",\"isPartOf\":{\"@id\":\"https:\/\/lanselva.com\/#website\"},\"primaryImageOfPage\":{\"@id\":\"https:\/\/lanselva.com\/product\/eucalyptus-camellia-vine-simulation-wall-for-outdoor-home\/#primaryimage\"},\"image\":{\"@id\":\"https:\/\/lanselva.com\/product\/eucalyptus-camellia-vine-simulation-wall-for-outdoor-home\/#primaryimage\"},\"thumbnailUrl\":\"https:\/\/lanselva.com\/wp-content\/uploads\/2025\/06\/Ha61374e333ed418b9c44f49d96458da7O.jpg_720x720q50-1749793787.png\",\"datePublished\":\"2025-06-13T05:53:15+00:00\",\"dateModified\":\"2025-06-13T05:53:16+00:00\",\"breadcrumb\":{\"@id\":\"https:\/\/lanselva.com\/product\/eucalyptus-camellia-vine-simulation-wall-for-outdoor-home\/#breadcrumb\"},\"inLanguage\":\"pt-AO\",\"potentialAction\":[{\"@type\":\"ReadAction\",\"target\":[\"https:\/\/lanselva.com\/product\/eucalyptus-camellia-vine-simulation-wall-for-outdoor-home\/\"]}]},{\"@type\":\"ImageObject\",\"inLanguage\":\"pt-AO\",\"@id\":\"https:\/\/lanselva.com\/product\/eucalyptus-camellia-vine-simulation-wall-for-outdoor-home\/#primaryimage\",\"url\":\"https:\/\/lanselva.com\/wp-content\/uploads\/2025\/06\/Ha61374e333ed418b9c44f49d96458da7O.jpg_720x720q50-1749793787.png\",\"contentUrl\":\"https:\/\/lanselva.com\/wp-content\/uploads\/2025\/06\/Ha61374e333ed418b9c44f49d96458da7O.jpg_720x720q50-1749793787.png\",\"width\":720,\"height\":720,\"caption\":\"Eucalyptus Camellia Vine Simulation Wall for Outdoor Home\"},{\"@type\":\"BreadcrumbList\",\"@id\":\"https:\/\/lanselva.com\/product\/eucalyptus-camellia-vine-simulation-wall-for-outdoor-home\/#breadcrumb\",\"itemListElement\":[{\"@type\":\"ListItem\",\"position\":1,\"name\":\"\u9996\u9875\",\"item\":\"https:\/\/lanselva.com\/\"},{\"@type\":\"ListItem\",\"position\":2,\"name\":\"Products\",\"item\":\"https:\/\/lanselva.com\/shop\/\"},{\"@type\":\"ListItem\",\"position\":3,\"name\":\"Eucalyptus Camellia Vine Simulation Wall for Outdoor Home\"}]},{\"@type\":\"WebSite\",\"@id\":\"https:\/\/lanselva.com\/#website\",\"url\":\"https:\/\/lanselva.com\/\",\"name\":\"Lanselva Artificial Tree & Plant Factory\",\"description\":\"\",\"publisher\":{\"@id\":\"https:\/\/lanselva.com\/#organization\"},\"potentialAction\":[{\"@type\":\"SearchAction\",\"target\":{\"@type\":\"EntryPoint\",\"urlTemplate\":\"https:\/\/lanselva.com\/?s={search_term_string}\"},\"query-input\":{\"@type\":\"PropertyValueSpecification\",\"valueRequired\":true,\"valueName\":\"search_term_string\"}}],\"inLanguage\":\"pt-AO\"},{\"@type\":\"Organization\",\"@id\":\"https:\/\/lanselva.com\/#organization\",\"name\":\"FIAS Artificial Flower Plant Factory\",\"url\":\"https:\/\/lanselva.com\/\",\"logo\":{\"@type\":\"ImageObject\",\"inLanguage\":\"pt-AO\",\"@id\":\"https:\/\/lanselva.com\/#\/schema\/logo\/image\/\",\"url\":\"https:\/\/lanselva.com\/wp-content\/uploads\/2026\/01\/cropped-1021768024887_.pic-1768025105-1.png\",\"contentUrl\":\"https:\/\/lanselva.com\/wp-content\/uploads\/2026\/01\/cropped-1021768024887_.pic-1768025105-1.png\",\"width\":1213,\"height\":1207,\"caption\":\"FIAS Artificial Flower Plant Factory\"},\"image\":{\"@id\":\"https:\/\/lanselva.com\/#\/schema\/logo\/image\/\"}}]}<\/script>\n<!-- \/ Yoast SEO plugin. -->","yoast_head_json":{"title":"Eucalyptus Camellia Vine Simulation Wall for Outdoor Home - LANSELVA Artificial Tree &amp; Plant Factory","robots":{"index":"index","follow":"follow","max-snippet":"max-snippet:-1","max-image-preview":"max-image-preview:large","max-video-preview":"max-video-preview:-1"},"canonical":"https:\/\/lanselva.com\/pt\/produto\/eucalyptus-camellia-vine-simulation-wall-for-outdoor-home\/","og_locale":"pt_PT","og_type":"article","og_title":"Eucalyptus Camellia Vine Simulation Wall for Outdoor Home - LANSELVA Artificial Tree &amp; Plant Factory","og_description":"Model\uff1a D-5  Materials\uff1a Plastic  Color: 6 colors are available for selection  Size\uff1a 77cm  Feature\uff1a natural, real touch  Usage\uff1a Home Party Wedding Decoration  MOQ\uff1a100Pcs  Packing\uff1a Carton Box","og_url":"https:\/\/lanselva.com\/pt\/produto\/eucalyptus-camellia-vine-simulation-wall-for-outdoor-home\/","og_site_name":"LANSELVA Artificial Tree &amp; Plant Factory","article_modified_time":"2025-06-13T05:53:16+00:00","og_image":[{"width":720,"height":720,"url":"https:\/\/lanselva.com\/wp-content\/uploads\/2025\/06\/Ha61374e333ed418b9c44f49d96458da7O.jpg_720x720q50-1749793787.png","type":"image\/png"}],"twitter_card":"summary_large_image","schema":{"@context":"https:\/\/schema.org","@graph":[{"@type":"WebPage","@id":"https:\/\/lanselva.com\/product\/eucalyptus-camellia-vine-simulation-wall-for-outdoor-home\/","url":"https:\/\/lanselva.com\/product\/eucalyptus-camellia-vine-simulation-wall-for-outdoor-home\/","name":"Eucalyptus Camellia Vine Simulation Wall for Outdoor Home - LANSELVA Artificial Tree &amp; Plant Factory","isPartOf":{"@id":"https:\/\/lanselva.com\/#website"},"primaryImageOfPage":{"@id":"https:\/\/lanselva.com\/product\/eucalyptus-camellia-vine-simulation-wall-for-outdoor-home\/#primaryimage"},"image":{"@id":"https:\/\/lanselva.com\/product\/eucalyptus-camellia-vine-simulation-wall-for-outdoor-home\/#primaryimage"},"thumbnailUrl":"https:\/\/lanselva.com\/wp-content\/uploads\/2025\/06\/Ha61374e333ed418b9c44f49d96458da7O.jpg_720x720q50-1749793787.png","datePublished":"2025-06-13T05:53:15+00:00","dateModified":"2025-06-13T05:53:16+00:00","breadcrumb":{"@id":"https:\/\/lanselva.com\/product\/eucalyptus-camellia-vine-simulation-wall-for-outdoor-home\/#breadcrumb"},"inLanguage":"pt-AO","potentialAction":[{"@type":"ReadAction","target":["https:\/\/lanselva.com\/product\/eucalyptus-camellia-vine-simulation-wall-for-outdoor-home\/"]}]},{"@type":"ImageObject","inLanguage":"pt-AO","@id":"https:\/\/lanselva.com\/product\/eucalyptus-camellia-vine-simulation-wall-for-outdoor-home\/#primaryimage","url":"https:\/\/lanselva.com\/wp-content\/uploads\/2025\/06\/Ha61374e333ed418b9c44f49d96458da7O.jpg_720x720q50-1749793787.png","contentUrl":"https:\/\/lanselva.com\/wp-content\/uploads\/2025\/06\/Ha61374e333ed418b9c44f49d96458da7O.jpg_720x720q50-1749793787.png","width":720,"height":720,"caption":"Eucalyptus Camellia Vine Simulation Wall for Outdoor Home"},{"@type":"BreadcrumbList","@id":"https:\/\/lanselva.com\/product\/eucalyptus-camellia-vine-simulation-wall-for-outdoor-home\/#breadcrumb","itemListElement":[{"@type":"ListItem","position":1,"name":"\u9996\u9875","item":"https:\/\/lanselva.com\/"},{"@type":"ListItem","position":2,"name":"Products","item":"https:\/\/lanselva.com\/shop\/"},{"@type":"ListItem","position":3,"name":"Eucalyptus Camellia Vine Simulation Wall for Outdoor Home"}]},{"@type":"WebSite","@id":"https:\/\/lanselva.com\/#website","url":"https:\/\/lanselva.com\/","name":"Lanselva Artificial Tree & Plant Factory","description":"","publisher":{"@id":"https:\/\/lanselva.com\/#organization"},"potentialAction":[{"@type":"SearchAction","target":{"@type":"EntryPoint","urlTemplate":"https:\/\/lanselva.com\/?s={search_term_string}"},"query-input":{"@type":"PropertyValueSpecification","valueRequired":true,"valueName":"search_term_string"}}],"inLanguage":"pt-AO"},{"@type":"Organization","@id":"https:\/\/lanselva.com\/#organization","name":"FIAS Artificial Flower Plant Factory","url":"https:\/\/lanselva.com\/","logo":{"@type":"ImageObject","inLanguage":"pt-AO","@id":"https:\/\/lanselva.com\/#\/schema\/logo\/image\/","url":"https:\/\/lanselva.com\/wp-content\/uploads\/2026\/01\/cropped-1021768024887_.pic-1768025105-1.png","contentUrl":"https:\/\/lanselva.com\/wp-content\/uploads\/2026\/01\/cropped-1021768024887_.pic-1768025105-1.png","width":1213,"height":1207,"caption":"FIAS Artificial Flower Plant Factory"},"image":{"@id":"https:\/\/lanselva.com\/#\/schema\/logo\/image\/"}}]}},"_links":{"self":[{"href":"https:\/\/lanselva.com\/pt\/wp-json\/wp\/v2\/product\/1574","targetHints":{"allow":["GET"]}}],"collection":[{"href":"https:\/\/lanselva.com\/pt\/wp-json\/wp\/v2\/product"}],"about":[{"href":"https:\/\/lanselva.com\/pt\/wp-json\/wp\/v2\/types\/product"}],"version-history":[{"count":0,"href":"https:\/\/lanselva.com\/pt\/wp-json\/wp\/v2\/product\/1574\/revisions"}],"wp:featuredmedia":[{"embeddable":true,"href":"https:\/\/lanselva.com\/pt\/wp-json\/wp\/v2\/media\/1575"}],"wp:attachment":[{"href":"https:\/\/lanselva.com\/pt\/wp-json\/wp\/v2\/media?parent=1574"}],"wp:term":[{"taxonomy":"product_brand","embeddable":true,"href":"https:\/\/lanselva.com\/pt\/wp-json\/wp\/v2\/product_brand?post=1574"},{"taxonomy":"product_cat","embeddable":true,"href":"https:\/\/lanselva.com\/pt\/wp-json\/wp\/v2\/product_cat?post=1574"},{"taxonomy":"product_tag","embeddable":true,"href":"https:\/\/lanselva.com\/pt\/wp-json\/wp\/v2\/product_tag?post=1574"}],"curies":[{"name":"wp","href":"https:\/\/api.w.org\/{rel}","templated":true}]}}