{"id":1535,"date":"2025-06-13T13:38:44","date_gmt":"2025-06-13T05:38:44","guid":{"rendered":"https:\/\/lanselva.com\/?post_type=product&#038;p=1535"},"modified":"2025-06-13T13:38:45","modified_gmt":"2025-06-13T05:38:45","slug":"artificial-eucalyptus-leaves-and-stems-for-home-office-bouquets","status":"publish","type":"product","link":"https:\/\/lanselva.com\/pt\/produto\/artificial-eucalyptus-leaves-and-stems-for-home-office-bouquets\/","title":{"rendered":"Folhas e caules artificiais de eucalipto para ramos de flores para escrit\u00f3rio em casa"},"content":{"rendered":"","protected":false},"excerpt":{"rendered":"<ul>\n<li>Modelo\uff1a Y-001<\/li>\n<li>Materiais\uff1a Pl\u00e1stico<\/li>\n<li>Cor: 1 cor dispon\u00edvel para sele\u00e7\u00e3o<\/li>\n<li>Tamanho\uff1a 38cm<\/li>\n<li>Funcionalidade\uff1a toque natural e real<\/li>\n<li>Utiliza\u00e7\u00e3o\uff1a Bouquets para escrit\u00f3rio em casa<\/li>\n<li>MOQ\uff1a100Pcs<\/li>\n<li>Embalagem\uff1a Caixa de cart\u00e3o<\/li>\n<\/ul>","protected":false},"featured_media":1536,"template":"","meta":{"_acf_changed":false},"product_brand":[],"product_cat":[35],"product_tag":[],"class_list":{"0":"post-1535","1":"product","2":"type-product","3":"status-publish","4":"has-post-thumbnail","6":"product_cat-artificial-plant","8":"first","9":"instock","10":"shipping-taxable","11":"product-type-simple"},"acf":[],"yoast_head":"<!-- This site is optimized with the Yoast SEO plugin v26.7 - https:\/\/yoast.com\/wordpress\/plugins\/seo\/ -->\n<title>Artificial Eucalyptus Leaves and Stems for Home Office Bouquets - LANSELVA Artificial Tree &amp; Plant Factory<\/title>\n<meta name=\"robots\" content=\"index, follow, max-snippet:-1, max-image-preview:large, max-video-preview:-1\" \/>\n<link rel=\"canonical\" href=\"https:\/\/lanselva.com\/pt\/produto\/artificial-eucalyptus-leaves-and-stems-for-home-office-bouquets\/\" \/>\n<meta property=\"og:locale\" content=\"pt_PT\" \/>\n<meta property=\"og:type\" content=\"article\" \/>\n<meta property=\"og:title\" content=\"Artificial Eucalyptus Leaves and Stems for Home Office Bouquets - LANSELVA Artificial Tree &amp; Plant Factory\" \/>\n<meta property=\"og:description\" content=\"Model\uff1a Y-001  Materials\uff1a Plastic  Color: 1 color is available for selection  Size\uff1a 38cm  Feature\uff1a natural, real touch  Usage\uff1a Home Office Bouquets  MOQ\uff1a100Pcs  Packing\uff1a Carton Box\" \/>\n<meta property=\"og:url\" content=\"https:\/\/lanselva.com\/pt\/produto\/artificial-eucalyptus-leaves-and-stems-for-home-office-bouquets\/\" \/>\n<meta property=\"og:site_name\" content=\"LANSELVA Artificial Tree &amp; Plant Factory\" \/>\n<meta property=\"article:modified_time\" content=\"2025-06-13T05:38:45+00:00\" \/>\n<meta property=\"og:image\" content=\"https:\/\/lanselva.com\/wp-content\/uploads\/2025\/06\/H448c95949bb6469a9414e822c37903331.jpg_720x720q50-1749792995.png\" \/>\n\t<meta property=\"og:image:width\" content=\"720\" \/>\n\t<meta property=\"og:image:height\" content=\"720\" \/>\n\t<meta property=\"og:image:type\" content=\"image\/png\" \/>\n<meta name=\"twitter:card\" content=\"summary_large_image\" \/>\n<script type=\"application\/ld+json\" class=\"yoast-schema-graph\">{\"@context\":\"https:\/\/schema.org\",\"@graph\":[{\"@type\":\"WebPage\",\"@id\":\"https:\/\/lanselva.com\/product\/artificial-eucalyptus-leaves-and-stems-for-home-office-bouquets\/\",\"url\":\"https:\/\/lanselva.com\/product\/artificial-eucalyptus-leaves-and-stems-for-home-office-bouquets\/\",\"name\":\"Artificial Eucalyptus Leaves and Stems for Home Office Bouquets - LANSELVA Artificial Tree &amp; Plant Factory\",\"isPartOf\":{\"@id\":\"https:\/\/lanselva.com\/#website\"},\"primaryImageOfPage\":{\"@id\":\"https:\/\/lanselva.com\/product\/artificial-eucalyptus-leaves-and-stems-for-home-office-bouquets\/#primaryimage\"},\"image\":{\"@id\":\"https:\/\/lanselva.com\/product\/artificial-eucalyptus-leaves-and-stems-for-home-office-bouquets\/#primaryimage\"},\"thumbnailUrl\":\"https:\/\/lanselva.com\/wp-content\/uploads\/2025\/06\/H448c95949bb6469a9414e822c37903331.jpg_720x720q50-1749792995.png\",\"datePublished\":\"2025-06-13T05:38:44+00:00\",\"dateModified\":\"2025-06-13T05:38:45+00:00\",\"breadcrumb\":{\"@id\":\"https:\/\/lanselva.com\/product\/artificial-eucalyptus-leaves-and-stems-for-home-office-bouquets\/#breadcrumb\"},\"inLanguage\":\"pt-AO\",\"potentialAction\":[{\"@type\":\"ReadAction\",\"target\":[\"https:\/\/lanselva.com\/product\/artificial-eucalyptus-leaves-and-stems-for-home-office-bouquets\/\"]}]},{\"@type\":\"ImageObject\",\"inLanguage\":\"pt-AO\",\"@id\":\"https:\/\/lanselva.com\/product\/artificial-eucalyptus-leaves-and-stems-for-home-office-bouquets\/#primaryimage\",\"url\":\"https:\/\/lanselva.com\/wp-content\/uploads\/2025\/06\/H448c95949bb6469a9414e822c37903331.jpg_720x720q50-1749792995.png\",\"contentUrl\":\"https:\/\/lanselva.com\/wp-content\/uploads\/2025\/06\/H448c95949bb6469a9414e822c37903331.jpg_720x720q50-1749792995.png\",\"width\":720,\"height\":720,\"caption\":\"Artificial Eucalyptus Leaves and Stems for Home Office Bouquets\"},{\"@type\":\"BreadcrumbList\",\"@id\":\"https:\/\/lanselva.com\/product\/artificial-eucalyptus-leaves-and-stems-for-home-office-bouquets\/#breadcrumb\",\"itemListElement\":[{\"@type\":\"ListItem\",\"position\":1,\"name\":\"\u9996\u9875\",\"item\":\"https:\/\/lanselva.com\/\"},{\"@type\":\"ListItem\",\"position\":2,\"name\":\"Products\",\"item\":\"https:\/\/lanselva.com\/shop\/\"},{\"@type\":\"ListItem\",\"position\":3,\"name\":\"Artificial Eucalyptus Leaves and Stems for Home Office Bouquets\"}]},{\"@type\":\"WebSite\",\"@id\":\"https:\/\/lanselva.com\/#website\",\"url\":\"https:\/\/lanselva.com\/\",\"name\":\"Lanselva Artificial Tree & Plant Factory\",\"description\":\"\",\"publisher\":{\"@id\":\"https:\/\/lanselva.com\/#organization\"},\"potentialAction\":[{\"@type\":\"SearchAction\",\"target\":{\"@type\":\"EntryPoint\",\"urlTemplate\":\"https:\/\/lanselva.com\/?s={search_term_string}\"},\"query-input\":{\"@type\":\"PropertyValueSpecification\",\"valueRequired\":true,\"valueName\":\"search_term_string\"}}],\"inLanguage\":\"pt-AO\"},{\"@type\":\"Organization\",\"@id\":\"https:\/\/lanselva.com\/#organization\",\"name\":\"FIAS Artificial Flower Plant Factory\",\"url\":\"https:\/\/lanselva.com\/\",\"logo\":{\"@type\":\"ImageObject\",\"inLanguage\":\"pt-AO\",\"@id\":\"https:\/\/lanselva.com\/#\/schema\/logo\/image\/\",\"url\":\"https:\/\/lanselva.com\/wp-content\/uploads\/2026\/01\/cropped-1021768024887_.pic-1768025105-1.png\",\"contentUrl\":\"https:\/\/lanselva.com\/wp-content\/uploads\/2026\/01\/cropped-1021768024887_.pic-1768025105-1.png\",\"width\":1213,\"height\":1207,\"caption\":\"FIAS Artificial Flower Plant Factory\"},\"image\":{\"@id\":\"https:\/\/lanselva.com\/#\/schema\/logo\/image\/\"}}]}<\/script>\n<!-- \/ Yoast SEO plugin. -->","yoast_head_json":{"title":"Artificial Eucalyptus Leaves and Stems for Home Office Bouquets - LANSELVA Artificial Tree &amp; Plant Factory","robots":{"index":"index","follow":"follow","max-snippet":"max-snippet:-1","max-image-preview":"max-image-preview:large","max-video-preview":"max-video-preview:-1"},"canonical":"https:\/\/lanselva.com\/pt\/produto\/artificial-eucalyptus-leaves-and-stems-for-home-office-bouquets\/","og_locale":"pt_PT","og_type":"article","og_title":"Artificial Eucalyptus Leaves and Stems for Home Office Bouquets - LANSELVA Artificial Tree &amp; Plant Factory","og_description":"Model\uff1a Y-001  Materials\uff1a Plastic  Color: 1 color is available for selection  Size\uff1a 38cm  Feature\uff1a natural, real touch  Usage\uff1a Home Office Bouquets  MOQ\uff1a100Pcs  Packing\uff1a Carton Box","og_url":"https:\/\/lanselva.com\/pt\/produto\/artificial-eucalyptus-leaves-and-stems-for-home-office-bouquets\/","og_site_name":"LANSELVA Artificial Tree &amp; Plant Factory","article_modified_time":"2025-06-13T05:38:45+00:00","og_image":[{"width":720,"height":720,"url":"https:\/\/lanselva.com\/wp-content\/uploads\/2025\/06\/H448c95949bb6469a9414e822c37903331.jpg_720x720q50-1749792995.png","type":"image\/png"}],"twitter_card":"summary_large_image","schema":{"@context":"https:\/\/schema.org","@graph":[{"@type":"WebPage","@id":"https:\/\/lanselva.com\/product\/artificial-eucalyptus-leaves-and-stems-for-home-office-bouquets\/","url":"https:\/\/lanselva.com\/product\/artificial-eucalyptus-leaves-and-stems-for-home-office-bouquets\/","name":"Artificial Eucalyptus Leaves and Stems for Home Office Bouquets - LANSELVA Artificial Tree &amp; Plant Factory","isPartOf":{"@id":"https:\/\/lanselva.com\/#website"},"primaryImageOfPage":{"@id":"https:\/\/lanselva.com\/product\/artificial-eucalyptus-leaves-and-stems-for-home-office-bouquets\/#primaryimage"},"image":{"@id":"https:\/\/lanselva.com\/product\/artificial-eucalyptus-leaves-and-stems-for-home-office-bouquets\/#primaryimage"},"thumbnailUrl":"https:\/\/lanselva.com\/wp-content\/uploads\/2025\/06\/H448c95949bb6469a9414e822c37903331.jpg_720x720q50-1749792995.png","datePublished":"2025-06-13T05:38:44+00:00","dateModified":"2025-06-13T05:38:45+00:00","breadcrumb":{"@id":"https:\/\/lanselva.com\/product\/artificial-eucalyptus-leaves-and-stems-for-home-office-bouquets\/#breadcrumb"},"inLanguage":"pt-AO","potentialAction":[{"@type":"ReadAction","target":["https:\/\/lanselva.com\/product\/artificial-eucalyptus-leaves-and-stems-for-home-office-bouquets\/"]}]},{"@type":"ImageObject","inLanguage":"pt-AO","@id":"https:\/\/lanselva.com\/product\/artificial-eucalyptus-leaves-and-stems-for-home-office-bouquets\/#primaryimage","url":"https:\/\/lanselva.com\/wp-content\/uploads\/2025\/06\/H448c95949bb6469a9414e822c37903331.jpg_720x720q50-1749792995.png","contentUrl":"https:\/\/lanselva.com\/wp-content\/uploads\/2025\/06\/H448c95949bb6469a9414e822c37903331.jpg_720x720q50-1749792995.png","width":720,"height":720,"caption":"Artificial Eucalyptus Leaves and Stems for Home Office Bouquets"},{"@type":"BreadcrumbList","@id":"https:\/\/lanselva.com\/product\/artificial-eucalyptus-leaves-and-stems-for-home-office-bouquets\/#breadcrumb","itemListElement":[{"@type":"ListItem","position":1,"name":"\u9996\u9875","item":"https:\/\/lanselva.com\/"},{"@type":"ListItem","position":2,"name":"Products","item":"https:\/\/lanselva.com\/shop\/"},{"@type":"ListItem","position":3,"name":"Artificial Eucalyptus Leaves and Stems for Home Office Bouquets"}]},{"@type":"WebSite","@id":"https:\/\/lanselva.com\/#website","url":"https:\/\/lanselva.com\/","name":"Lanselva Artificial Tree & Plant Factory","description":"","publisher":{"@id":"https:\/\/lanselva.com\/#organization"},"potentialAction":[{"@type":"SearchAction","target":{"@type":"EntryPoint","urlTemplate":"https:\/\/lanselva.com\/?s={search_term_string}"},"query-input":{"@type":"PropertyValueSpecification","valueRequired":true,"valueName":"search_term_string"}}],"inLanguage":"pt-AO"},{"@type":"Organization","@id":"https:\/\/lanselva.com\/#organization","name":"FIAS Artificial Flower Plant Factory","url":"https:\/\/lanselva.com\/","logo":{"@type":"ImageObject","inLanguage":"pt-AO","@id":"https:\/\/lanselva.com\/#\/schema\/logo\/image\/","url":"https:\/\/lanselva.com\/wp-content\/uploads\/2026\/01\/cropped-1021768024887_.pic-1768025105-1.png","contentUrl":"https:\/\/lanselva.com\/wp-content\/uploads\/2026\/01\/cropped-1021768024887_.pic-1768025105-1.png","width":1213,"height":1207,"caption":"FIAS Artificial Flower Plant Factory"},"image":{"@id":"https:\/\/lanselva.com\/#\/schema\/logo\/image\/"}}]}},"_links":{"self":[{"href":"https:\/\/lanselva.com\/pt\/wp-json\/wp\/v2\/product\/1535","targetHints":{"allow":["GET"]}}],"collection":[{"href":"https:\/\/lanselva.com\/pt\/wp-json\/wp\/v2\/product"}],"about":[{"href":"https:\/\/lanselva.com\/pt\/wp-json\/wp\/v2\/types\/product"}],"version-history":[{"count":0,"href":"https:\/\/lanselva.com\/pt\/wp-json\/wp\/v2\/product\/1535\/revisions"}],"wp:featuredmedia":[{"embeddable":true,"href":"https:\/\/lanselva.com\/pt\/wp-json\/wp\/v2\/media\/1536"}],"wp:attachment":[{"href":"https:\/\/lanselva.com\/pt\/wp-json\/wp\/v2\/media?parent=1535"}],"wp:term":[{"taxonomy":"product_brand","embeddable":true,"href":"https:\/\/lanselva.com\/pt\/wp-json\/wp\/v2\/product_brand?post=1535"},{"taxonomy":"product_cat","embeddable":true,"href":"https:\/\/lanselva.com\/pt\/wp-json\/wp\/v2\/product_cat?post=1535"},{"taxonomy":"product_tag","embeddable":true,"href":"https:\/\/lanselva.com\/pt\/wp-json\/wp\/v2\/product_tag?post=1535"}],"curies":[{"name":"wp","href":"https:\/\/api.w.org\/{rel}","templated":true}]}}