{"id":3856,"date":"2026-03-07T22:28:24","date_gmt":"2026-03-07T14:28:24","guid":{"rendered":"https:\/\/lanselva.com\/?post_type=product&#038;p=3856"},"modified":"2026-03-07T22:29:42","modified_gmt":"2026-03-07T14:29:42","slug":"1-5-2-meter-artificial-flower-tree-for-use-in-wedding-hotel-table-decorations","status":"publish","type":"product","link":"https:\/\/lanselva.com\/fr\/produit\/1-5-2-meter-artificial-flower-tree-for-use-in-wedding-hotel-table-decorations\/","title":{"rendered":"Arbre \u00e0 fleurs artificiel pour d\u00e9coration de table de mariage ou d'h\u00f4tel"},"content":{"rendered":"","protected":false},"excerpt":{"rendered":"<ul>\n<li>Mod\u00e8le\uff1aU-W04<\/li>\n<li>Mat\u00e9riaux\uff1aPlastique renforc\u00e9 de fibres de verre+Soie<\/li>\n<li>Couleur : personnalis\u00e9e<\/li>\n<li>Taille\uff1aCustomized<\/li>\n<li>Caract\u00e9ristiques\uff1a naturel, toucher r\u00e9el<\/li>\n<li>Usage\uff1a Mariage \/ Conf\u00e9rence<\/li>\n<li>MOQ\uff1a5pcs<\/li>\n<li>\u00a0Emballage\uff1a Bo\u00eete en carton<\/li>\n<\/ul>","protected":false},"featured_media":3861,"template":"","meta":{"_acf_changed":false},"product_brand":[],"product_cat":[28],"product_tag":[],"class_list":{"0":"post-3856","1":"product","2":"type-product","3":"status-publish","4":"has-post-thumbnail","6":"product_cat-wedding-flowers","8":"first","9":"instock","10":"shipping-taxable","11":"product-type-simple"},"acf":[],"yoast_head":"<!-- This site is optimized with the Yoast SEO plugin v26.7 - https:\/\/yoast.com\/wordpress\/plugins\/seo\/ -->\n<title>Artificial flower tree for use in wedding hotel table decorations - LANSELVA Artificial Tree &amp; Plant Factory<\/title>\n<meta name=\"description\" content=\"1.5-2 meters tall artificial flower trees for wedding hotel table decoration, white star flower tree, wisteria flower tree, cherry blossom tree\" \/>\n<meta name=\"robots\" content=\"index, follow, max-snippet:-1, max-image-preview:large, max-video-preview:-1\" \/>\n<link rel=\"canonical\" href=\"https:\/\/lanselva.com\/fr\/produit\/1-5-2-meter-artificial-flower-tree-for-use-in-wedding-hotel-table-decorations\/\" \/>\n<meta property=\"og:locale\" content=\"fr_FR\" \/>\n<meta property=\"og:type\" content=\"article\" \/>\n<meta property=\"og:title\" content=\"Artificial flower tree for use in wedding hotel table decorations - LANSELVA Artificial Tree &amp; Plant Factory\" \/>\n<meta property=\"og:description\" content=\"1.5-2 meters tall artificial flower trees for wedding hotel table decoration, white star flower tree, wisteria flower tree, cherry blossom tree\" \/>\n<meta property=\"og:url\" content=\"https:\/\/lanselva.com\/fr\/produit\/1-5-2-meter-artificial-flower-tree-for-use-in-wedding-hotel-table-decorations\/\" \/>\n<meta property=\"og:site_name\" content=\"LANSELVA Artificial Tree &amp; Plant Factory\" \/>\n<meta property=\"article:modified_time\" content=\"2026-03-07T14:29:42+00:00\" \/>\n<meta property=\"og:image\" content=\"https:\/\/lanselva.com\/wp-content\/uploads\/2026\/03\/W04-5-1772893672.jpg\" \/>\n\t<meta property=\"og:image:width\" content=\"800\" \/>\n\t<meta property=\"og:image:height\" content=\"800\" \/>\n\t<meta property=\"og:image:type\" content=\"image\/jpeg\" \/>\n<meta name=\"twitter:card\" content=\"summary_large_image\" \/>\n<meta name=\"twitter:label1\" content=\"Dur\u00e9e de lecture estim\u00e9e\" \/>\n\t<meta name=\"twitter:data1\" content=\"1 minute\" \/>\n<script type=\"application\/ld+json\" class=\"yoast-schema-graph\">{\"@context\":\"https:\/\/schema.org\",\"@graph\":[{\"@type\":\"WebPage\",\"@id\":\"https:\/\/lanselva.com\/product\/1-5-2-meter-artificial-flower-tree-for-use-in-wedding-hotel-table-decorations\/\",\"url\":\"https:\/\/lanselva.com\/product\/1-5-2-meter-artificial-flower-tree-for-use-in-wedding-hotel-table-decorations\/\",\"name\":\"Artificial flower tree for use in wedding hotel table decorations - LANSELVA Artificial Tree &amp; Plant Factory\",\"isPartOf\":{\"@id\":\"https:\/\/lanselva.com\/#website\"},\"primaryImageOfPage\":{\"@id\":\"https:\/\/lanselva.com\/product\/1-5-2-meter-artificial-flower-tree-for-use-in-wedding-hotel-table-decorations\/#primaryimage\"},\"image\":{\"@id\":\"https:\/\/lanselva.com\/product\/1-5-2-meter-artificial-flower-tree-for-use-in-wedding-hotel-table-decorations\/#primaryimage\"},\"thumbnailUrl\":\"https:\/\/lanselva.com\/wp-content\/uploads\/2026\/03\/W04-5-1772893672.jpg\",\"datePublished\":\"2026-03-07T14:28:24+00:00\",\"dateModified\":\"2026-03-07T14:29:42+00:00\",\"description\":\"1.5-2 meters tall artificial flower trees for wedding hotel table decoration, white star flower tree, wisteria flower tree, cherry blossom tree\",\"breadcrumb\":{\"@id\":\"https:\/\/lanselva.com\/product\/1-5-2-meter-artificial-flower-tree-for-use-in-wedding-hotel-table-decorations\/#breadcrumb\"},\"inLanguage\":\"fr-FR\",\"potentialAction\":[{\"@type\":\"ReadAction\",\"target\":[\"https:\/\/lanselva.com\/product\/1-5-2-meter-artificial-flower-tree-for-use-in-wedding-hotel-table-decorations\/\"]}]},{\"@type\":\"ImageObject\",\"inLanguage\":\"fr-FR\",\"@id\":\"https:\/\/lanselva.com\/product\/1-5-2-meter-artificial-flower-tree-for-use-in-wedding-hotel-table-decorations\/#primaryimage\",\"url\":\"https:\/\/lanselva.com\/wp-content\/uploads\/2026\/03\/W04-5-1772893672.jpg\",\"contentUrl\":\"https:\/\/lanselva.com\/wp-content\/uploads\/2026\/03\/W04-5-1772893672.jpg\",\"width\":800,\"height\":800},{\"@type\":\"BreadcrumbList\",\"@id\":\"https:\/\/lanselva.com\/product\/1-5-2-meter-artificial-flower-tree-for-use-in-wedding-hotel-table-decorations\/#breadcrumb\",\"itemListElement\":[{\"@type\":\"ListItem\",\"position\":1,\"name\":\"\u9996\u9875\",\"item\":\"https:\/\/lanselva.com\/\"},{\"@type\":\"ListItem\",\"position\":2,\"name\":\"Products\",\"item\":\"https:\/\/lanselva.com\/shop\/\"},{\"@type\":\"ListItem\",\"position\":3,\"name\":\"Artificial flower tree for use in wedding hotel table decorations\"}]},{\"@type\":\"WebSite\",\"@id\":\"https:\/\/lanselva.com\/#website\",\"url\":\"https:\/\/lanselva.com\/\",\"name\":\"Lanselva Artificial Tree & Plant Factory\",\"description\":\"\",\"publisher\":{\"@id\":\"https:\/\/lanselva.com\/#organization\"},\"potentialAction\":[{\"@type\":\"SearchAction\",\"target\":{\"@type\":\"EntryPoint\",\"urlTemplate\":\"https:\/\/lanselva.com\/?s={search_term_string}\"},\"query-input\":{\"@type\":\"PropertyValueSpecification\",\"valueRequired\":true,\"valueName\":\"search_term_string\"}}],\"inLanguage\":\"fr-FR\"},{\"@type\":\"Organization\",\"@id\":\"https:\/\/lanselva.com\/#organization\",\"name\":\"FIAS Artificial Flower Plant Factory\",\"url\":\"https:\/\/lanselva.com\/\",\"logo\":{\"@type\":\"ImageObject\",\"inLanguage\":\"fr-FR\",\"@id\":\"https:\/\/lanselva.com\/#\/schema\/logo\/image\/\",\"url\":\"https:\/\/lanselva.com\/wp-content\/uploads\/2026\/01\/cropped-1021768024887_.pic-1768025105-1.png\",\"contentUrl\":\"https:\/\/lanselva.com\/wp-content\/uploads\/2026\/01\/cropped-1021768024887_.pic-1768025105-1.png\",\"width\":1213,\"height\":1207,\"caption\":\"FIAS Artificial Flower Plant Factory\"},\"image\":{\"@id\":\"https:\/\/lanselva.com\/#\/schema\/logo\/image\/\"}}]}<\/script>\n<!-- \/ Yoast SEO plugin. -->","yoast_head_json":{"title":"Artificial flower tree for use in wedding hotel table decorations - LANSELVA Artificial Tree &amp; Plant Factory","description":"1.5-2 meters tall artificial flower trees for wedding hotel table decoration, white star flower tree, wisteria flower tree, cherry blossom tree","robots":{"index":"index","follow":"follow","max-snippet":"max-snippet:-1","max-image-preview":"max-image-preview:large","max-video-preview":"max-video-preview:-1"},"canonical":"https:\/\/lanselva.com\/fr\/produit\/1-5-2-meter-artificial-flower-tree-for-use-in-wedding-hotel-table-decorations\/","og_locale":"fr_FR","og_type":"article","og_title":"Artificial flower tree for use in wedding hotel table decorations - LANSELVA Artificial Tree &amp; Plant Factory","og_description":"1.5-2 meters tall artificial flower trees for wedding hotel table decoration, white star flower tree, wisteria flower tree, cherry blossom tree","og_url":"https:\/\/lanselva.com\/fr\/produit\/1-5-2-meter-artificial-flower-tree-for-use-in-wedding-hotel-table-decorations\/","og_site_name":"LANSELVA Artificial Tree &amp; Plant Factory","article_modified_time":"2026-03-07T14:29:42+00:00","og_image":[{"width":800,"height":800,"url":"https:\/\/lanselva.com\/wp-content\/uploads\/2026\/03\/W04-5-1772893672.jpg","type":"image\/jpeg"}],"twitter_card":"summary_large_image","twitter_misc":{"Dur\u00e9e de lecture estim\u00e9e":"1 minute"},"schema":{"@context":"https:\/\/schema.org","@graph":[{"@type":"WebPage","@id":"https:\/\/lanselva.com\/product\/1-5-2-meter-artificial-flower-tree-for-use-in-wedding-hotel-table-decorations\/","url":"https:\/\/lanselva.com\/product\/1-5-2-meter-artificial-flower-tree-for-use-in-wedding-hotel-table-decorations\/","name":"Artificial flower tree for use in wedding hotel table decorations - LANSELVA Artificial Tree &amp; Plant Factory","isPartOf":{"@id":"https:\/\/lanselva.com\/#website"},"primaryImageOfPage":{"@id":"https:\/\/lanselva.com\/product\/1-5-2-meter-artificial-flower-tree-for-use-in-wedding-hotel-table-decorations\/#primaryimage"},"image":{"@id":"https:\/\/lanselva.com\/product\/1-5-2-meter-artificial-flower-tree-for-use-in-wedding-hotel-table-decorations\/#primaryimage"},"thumbnailUrl":"https:\/\/lanselva.com\/wp-content\/uploads\/2026\/03\/W04-5-1772893672.jpg","datePublished":"2026-03-07T14:28:24+00:00","dateModified":"2026-03-07T14:29:42+00:00","description":"1.5-2 meters tall artificial flower trees for wedding hotel table decoration, white star flower tree, wisteria flower tree, cherry blossom tree","breadcrumb":{"@id":"https:\/\/lanselva.com\/product\/1-5-2-meter-artificial-flower-tree-for-use-in-wedding-hotel-table-decorations\/#breadcrumb"},"inLanguage":"fr-FR","potentialAction":[{"@type":"ReadAction","target":["https:\/\/lanselva.com\/product\/1-5-2-meter-artificial-flower-tree-for-use-in-wedding-hotel-table-decorations\/"]}]},{"@type":"ImageObject","inLanguage":"fr-FR","@id":"https:\/\/lanselva.com\/product\/1-5-2-meter-artificial-flower-tree-for-use-in-wedding-hotel-table-decorations\/#primaryimage","url":"https:\/\/lanselva.com\/wp-content\/uploads\/2026\/03\/W04-5-1772893672.jpg","contentUrl":"https:\/\/lanselva.com\/wp-content\/uploads\/2026\/03\/W04-5-1772893672.jpg","width":800,"height":800},{"@type":"BreadcrumbList","@id":"https:\/\/lanselva.com\/product\/1-5-2-meter-artificial-flower-tree-for-use-in-wedding-hotel-table-decorations\/#breadcrumb","itemListElement":[{"@type":"ListItem","position":1,"name":"\u9996\u9875","item":"https:\/\/lanselva.com\/"},{"@type":"ListItem","position":2,"name":"Products","item":"https:\/\/lanselva.com\/shop\/"},{"@type":"ListItem","position":3,"name":"Artificial flower tree for use in wedding hotel table decorations"}]},{"@type":"WebSite","@id":"https:\/\/lanselva.com\/#website","url":"https:\/\/lanselva.com\/","name":"Lanselva Artificial Tree & Plant Factory","description":"","publisher":{"@id":"https:\/\/lanselva.com\/#organization"},"potentialAction":[{"@type":"SearchAction","target":{"@type":"EntryPoint","urlTemplate":"https:\/\/lanselva.com\/?s={search_term_string}"},"query-input":{"@type":"PropertyValueSpecification","valueRequired":true,"valueName":"search_term_string"}}],"inLanguage":"fr-FR"},{"@type":"Organization","@id":"https:\/\/lanselva.com\/#organization","name":"FIAS Artificial Flower Plant Factory","url":"https:\/\/lanselva.com\/","logo":{"@type":"ImageObject","inLanguage":"fr-FR","@id":"https:\/\/lanselva.com\/#\/schema\/logo\/image\/","url":"https:\/\/lanselva.com\/wp-content\/uploads\/2026\/01\/cropped-1021768024887_.pic-1768025105-1.png","contentUrl":"https:\/\/lanselva.com\/wp-content\/uploads\/2026\/01\/cropped-1021768024887_.pic-1768025105-1.png","width":1213,"height":1207,"caption":"FIAS Artificial Flower Plant Factory"},"image":{"@id":"https:\/\/lanselva.com\/#\/schema\/logo\/image\/"}}]}},"_links":{"self":[{"href":"https:\/\/lanselva.com\/fr\/wp-json\/wp\/v2\/product\/3856","targetHints":{"allow":["GET"]}}],"collection":[{"href":"https:\/\/lanselva.com\/fr\/wp-json\/wp\/v2\/product"}],"about":[{"href":"https:\/\/lanselva.com\/fr\/wp-json\/wp\/v2\/types\/product"}],"version-history":[{"count":0,"href":"https:\/\/lanselva.com\/fr\/wp-json\/wp\/v2\/product\/3856\/revisions"}],"wp:featuredmedia":[{"embeddable":true,"href":"https:\/\/lanselva.com\/fr\/wp-json\/wp\/v2\/media\/3861"}],"wp:attachment":[{"href":"https:\/\/lanselva.com\/fr\/wp-json\/wp\/v2\/media?parent=3856"}],"wp:term":[{"taxonomy":"product_brand","embeddable":true,"href":"https:\/\/lanselva.com\/fr\/wp-json\/wp\/v2\/product_brand?post=3856"},{"taxonomy":"product_cat","embeddable":true,"href":"https:\/\/lanselva.com\/fr\/wp-json\/wp\/v2\/product_cat?post=3856"},{"taxonomy":"product_tag","embeddable":true,"href":"https:\/\/lanselva.com\/fr\/wp-json\/wp\/v2\/product_tag?post=3856"}],"curies":[{"name":"wp","href":"https:\/\/api.w.org\/{rel}","templated":true}]}}