{"id":3827,"date":"2026-03-07T13:01:23","date_gmt":"2026-03-07T05:01:23","guid":{"rendered":"https:\/\/lanselva.com\/?post_type=product&#038;p=3827"},"modified":"2026-03-07T22:31:31","modified_gmt":"2026-03-07T14:31:31","slug":"large-artificial-cherry-blossom-trees-used-for-decoration-in-stores-and-weddings","status":"publish","type":"product","link":"https:\/\/lanselva.com\/fr\/produit\/large-artificial-cherry-blossom-trees-used-for-decoration-in-stores-and-weddings\/","title":{"rendered":"Arbres \u00e0 fleurs de cerisier artificiels pour la d\u00e9coration des mariages."},"content":{"rendered":"","protected":false},"excerpt":{"rendered":"<ul>\n<li>Mod\u00e8le\uff1a U-T64<\/li>\n<li>Mat\u00e9riaux\uff1aFibre de verre+soie<\/li>\n<li>Couleur : personnalis\u00e9e<\/li>\n<li>Taille\uff1aCustomized<\/li>\n<li>Caract\u00e9ristiques\uff1a naturel, toucher r\u00e9el<\/li>\n<li>Usage\uff1a Int\u00e9rieur Ext\u00e9rieur H\u00f4tel Paysage<\/li>\n<li>MOQ\uff1a1 Pcs<\/li>\n<li>Emballage\uff1a Bo\u00eete en carton<\/li>\n<\/ul>","protected":false},"featured_media":3818,"template":"","meta":{"_acf_changed":false},"product_brand":[],"product_cat":[36],"product_tag":[],"class_list":{"0":"post-3827","1":"product","2":"type-product","3":"status-publish","4":"has-post-thumbnail","6":"product_cat-artificial-tree","8":"first","9":"instock","10":"shipping-taxable","11":"product-type-simple"},"acf":[],"yoast_head":"<!-- This site is optimized with the Yoast SEO plugin v26.7 - https:\/\/yoast.com\/wordpress\/plugins\/seo\/ -->\n<title>Artificial cherry blossom trees for decoration in weddings. - LANSELVA Artificial Tree &amp; Plant Factory<\/title>\n<meta name=\"description\" content=\"Large artificial cherry blossom trees are used for store decoration and wedding arrangements. Made of fiberglass and silk flowers.\" \/>\n<meta name=\"robots\" content=\"index, follow, max-snippet:-1, max-image-preview:large, max-video-preview:-1\" \/>\n<link rel=\"canonical\" href=\"https:\/\/lanselva.com\/fr\/produit\/large-artificial-cherry-blossom-trees-used-for-decoration-in-stores-and-weddings\/\" \/>\n<meta property=\"og:locale\" content=\"fr_FR\" \/>\n<meta property=\"og:type\" content=\"article\" \/>\n<meta property=\"og:title\" content=\"Artificial cherry blossom trees for decoration in weddings. - LANSELVA Artificial Tree &amp; Plant Factory\" \/>\n<meta property=\"og:description\" content=\"Large artificial cherry blossom trees are used for store decoration and wedding arrangements. Made of fiberglass and silk flowers.\" \/>\n<meta property=\"og:url\" content=\"https:\/\/lanselva.com\/fr\/produit\/large-artificial-cherry-blossom-trees-used-for-decoration-in-stores-and-weddings\/\" \/>\n<meta property=\"og:site_name\" content=\"LANSELVA Artificial Tree &amp; Plant Factory\" \/>\n<meta property=\"article:modified_time\" content=\"2026-03-07T14:31:31+00:00\" \/>\n<meta property=\"og:image\" content=\"https:\/\/lanselva.com\/wp-content\/uploads\/2026\/03\/\u6a31\u82b1\u681163-1-1772859306.jpg\" \/>\n\t<meta property=\"og:image:width\" content=\"800\" \/>\n\t<meta property=\"og:image:height\" content=\"800\" \/>\n\t<meta property=\"og:image:type\" content=\"image\/jpeg\" \/>\n<meta name=\"twitter:card\" content=\"summary_large_image\" \/>\n<meta name=\"twitter:label1\" content=\"Dur\u00e9e de lecture estim\u00e9e\" \/>\n\t<meta name=\"twitter:data1\" content=\"1 minute\" \/>\n<script type=\"application\/ld+json\" class=\"yoast-schema-graph\">{\"@context\":\"https:\/\/schema.org\",\"@graph\":[{\"@type\":\"WebPage\",\"@id\":\"https:\/\/lanselva.com\/product\/large-artificial-cherry-blossom-trees-used-for-decoration-in-stores-and-weddings\/\",\"url\":\"https:\/\/lanselva.com\/product\/large-artificial-cherry-blossom-trees-used-for-decoration-in-stores-and-weddings\/\",\"name\":\"Artificial cherry blossom trees for decoration in weddings. - LANSELVA Artificial Tree &amp; Plant Factory\",\"isPartOf\":{\"@id\":\"https:\/\/lanselva.com\/#website\"},\"primaryImageOfPage\":{\"@id\":\"https:\/\/lanselva.com\/product\/large-artificial-cherry-blossom-trees-used-for-decoration-in-stores-and-weddings\/#primaryimage\"},\"image\":{\"@id\":\"https:\/\/lanselva.com\/product\/large-artificial-cherry-blossom-trees-used-for-decoration-in-stores-and-weddings\/#primaryimage\"},\"thumbnailUrl\":\"https:\/\/lanselva.com\/wp-content\/uploads\/2026\/03\/\u6a31\u82b1\u681163-1-1772859306.jpg\",\"datePublished\":\"2026-03-07T05:01:23+00:00\",\"dateModified\":\"2026-03-07T14:31:31+00:00\",\"description\":\"Large artificial cherry blossom trees are used for store decoration and wedding arrangements. Made of fiberglass and silk flowers.\",\"breadcrumb\":{\"@id\":\"https:\/\/lanselva.com\/product\/large-artificial-cherry-blossom-trees-used-for-decoration-in-stores-and-weddings\/#breadcrumb\"},\"inLanguage\":\"fr-FR\",\"potentialAction\":[{\"@type\":\"ReadAction\",\"target\":[\"https:\/\/lanselva.com\/product\/large-artificial-cherry-blossom-trees-used-for-decoration-in-stores-and-weddings\/\"]}]},{\"@type\":\"ImageObject\",\"inLanguage\":\"fr-FR\",\"@id\":\"https:\/\/lanselva.com\/product\/large-artificial-cherry-blossom-trees-used-for-decoration-in-stores-and-weddings\/#primaryimage\",\"url\":\"https:\/\/lanselva.com\/wp-content\/uploads\/2026\/03\/\u6a31\u82b1\u681163-1-1772859306.jpg\",\"contentUrl\":\"https:\/\/lanselva.com\/wp-content\/uploads\/2026\/03\/\u6a31\u82b1\u681163-1-1772859306.jpg\",\"width\":800,\"height\":800},{\"@type\":\"BreadcrumbList\",\"@id\":\"https:\/\/lanselva.com\/product\/large-artificial-cherry-blossom-trees-used-for-decoration-in-stores-and-weddings\/#breadcrumb\",\"itemListElement\":[{\"@type\":\"ListItem\",\"position\":1,\"name\":\"\u9996\u9875\",\"item\":\"https:\/\/lanselva.com\/\"},{\"@type\":\"ListItem\",\"position\":2,\"name\":\"Products\",\"item\":\"https:\/\/lanselva.com\/shop\/\"},{\"@type\":\"ListItem\",\"position\":3,\"name\":\"Artificial cherry blossom trees for decoration in weddings.\"}]},{\"@type\":\"WebSite\",\"@id\":\"https:\/\/lanselva.com\/#website\",\"url\":\"https:\/\/lanselva.com\/\",\"name\":\"Lanselva Artificial Tree & Plant Factory\",\"description\":\"\",\"publisher\":{\"@id\":\"https:\/\/lanselva.com\/#organization\"},\"potentialAction\":[{\"@type\":\"SearchAction\",\"target\":{\"@type\":\"EntryPoint\",\"urlTemplate\":\"https:\/\/lanselva.com\/?s={search_term_string}\"},\"query-input\":{\"@type\":\"PropertyValueSpecification\",\"valueRequired\":true,\"valueName\":\"search_term_string\"}}],\"inLanguage\":\"fr-FR\"},{\"@type\":\"Organization\",\"@id\":\"https:\/\/lanselva.com\/#organization\",\"name\":\"FIAS Artificial Flower Plant Factory\",\"url\":\"https:\/\/lanselva.com\/\",\"logo\":{\"@type\":\"ImageObject\",\"inLanguage\":\"fr-FR\",\"@id\":\"https:\/\/lanselva.com\/#\/schema\/logo\/image\/\",\"url\":\"https:\/\/lanselva.com\/wp-content\/uploads\/2026\/01\/cropped-1021768024887_.pic-1768025105-1.png\",\"contentUrl\":\"https:\/\/lanselva.com\/wp-content\/uploads\/2026\/01\/cropped-1021768024887_.pic-1768025105-1.png\",\"width\":1213,\"height\":1207,\"caption\":\"FIAS Artificial Flower Plant Factory\"},\"image\":{\"@id\":\"https:\/\/lanselva.com\/#\/schema\/logo\/image\/\"}}]}<\/script>\n<!-- \/ Yoast SEO plugin. -->","yoast_head_json":{"title":"Artificial cherry blossom trees for decoration in weddings. - LANSELVA Artificial Tree &amp; Plant Factory","description":"Large artificial cherry blossom trees are used for store decoration and wedding arrangements. Made of fiberglass and silk flowers.","robots":{"index":"index","follow":"follow","max-snippet":"max-snippet:-1","max-image-preview":"max-image-preview:large","max-video-preview":"max-video-preview:-1"},"canonical":"https:\/\/lanselva.com\/fr\/produit\/large-artificial-cherry-blossom-trees-used-for-decoration-in-stores-and-weddings\/","og_locale":"fr_FR","og_type":"article","og_title":"Artificial cherry blossom trees for decoration in weddings. - LANSELVA Artificial Tree &amp; Plant Factory","og_description":"Large artificial cherry blossom trees are used for store decoration and wedding arrangements. Made of fiberglass and silk flowers.","og_url":"https:\/\/lanselva.com\/fr\/produit\/large-artificial-cherry-blossom-trees-used-for-decoration-in-stores-and-weddings\/","og_site_name":"LANSELVA Artificial Tree &amp; Plant Factory","article_modified_time":"2026-03-07T14:31:31+00:00","og_image":[{"width":800,"height":800,"url":"https:\/\/lanselva.com\/wp-content\/uploads\/2026\/03\/\u6a31\u82b1\u681163-1-1772859306.jpg","type":"image\/jpeg"}],"twitter_card":"summary_large_image","twitter_misc":{"Dur\u00e9e de lecture estim\u00e9e":"1 minute"},"schema":{"@context":"https:\/\/schema.org","@graph":[{"@type":"WebPage","@id":"https:\/\/lanselva.com\/product\/large-artificial-cherry-blossom-trees-used-for-decoration-in-stores-and-weddings\/","url":"https:\/\/lanselva.com\/product\/large-artificial-cherry-blossom-trees-used-for-decoration-in-stores-and-weddings\/","name":"Artificial cherry blossom trees for decoration in weddings. - LANSELVA Artificial Tree &amp; Plant Factory","isPartOf":{"@id":"https:\/\/lanselva.com\/#website"},"primaryImageOfPage":{"@id":"https:\/\/lanselva.com\/product\/large-artificial-cherry-blossom-trees-used-for-decoration-in-stores-and-weddings\/#primaryimage"},"image":{"@id":"https:\/\/lanselva.com\/product\/large-artificial-cherry-blossom-trees-used-for-decoration-in-stores-and-weddings\/#primaryimage"},"thumbnailUrl":"https:\/\/lanselva.com\/wp-content\/uploads\/2026\/03\/\u6a31\u82b1\u681163-1-1772859306.jpg","datePublished":"2026-03-07T05:01:23+00:00","dateModified":"2026-03-07T14:31:31+00:00","description":"Large artificial cherry blossom trees are used for store decoration and wedding arrangements. Made of fiberglass and silk flowers.","breadcrumb":{"@id":"https:\/\/lanselva.com\/product\/large-artificial-cherry-blossom-trees-used-for-decoration-in-stores-and-weddings\/#breadcrumb"},"inLanguage":"fr-FR","potentialAction":[{"@type":"ReadAction","target":["https:\/\/lanselva.com\/product\/large-artificial-cherry-blossom-trees-used-for-decoration-in-stores-and-weddings\/"]}]},{"@type":"ImageObject","inLanguage":"fr-FR","@id":"https:\/\/lanselva.com\/product\/large-artificial-cherry-blossom-trees-used-for-decoration-in-stores-and-weddings\/#primaryimage","url":"https:\/\/lanselva.com\/wp-content\/uploads\/2026\/03\/\u6a31\u82b1\u681163-1-1772859306.jpg","contentUrl":"https:\/\/lanselva.com\/wp-content\/uploads\/2026\/03\/\u6a31\u82b1\u681163-1-1772859306.jpg","width":800,"height":800},{"@type":"BreadcrumbList","@id":"https:\/\/lanselva.com\/product\/large-artificial-cherry-blossom-trees-used-for-decoration-in-stores-and-weddings\/#breadcrumb","itemListElement":[{"@type":"ListItem","position":1,"name":"\u9996\u9875","item":"https:\/\/lanselva.com\/"},{"@type":"ListItem","position":2,"name":"Products","item":"https:\/\/lanselva.com\/shop\/"},{"@type":"ListItem","position":3,"name":"Artificial cherry blossom trees for decoration in weddings."}]},{"@type":"WebSite","@id":"https:\/\/lanselva.com\/#website","url":"https:\/\/lanselva.com\/","name":"Lanselva Artificial Tree & Plant Factory","description":"","publisher":{"@id":"https:\/\/lanselva.com\/#organization"},"potentialAction":[{"@type":"SearchAction","target":{"@type":"EntryPoint","urlTemplate":"https:\/\/lanselva.com\/?s={search_term_string}"},"query-input":{"@type":"PropertyValueSpecification","valueRequired":true,"valueName":"search_term_string"}}],"inLanguage":"fr-FR"},{"@type":"Organization","@id":"https:\/\/lanselva.com\/#organization","name":"FIAS Artificial Flower Plant Factory","url":"https:\/\/lanselva.com\/","logo":{"@type":"ImageObject","inLanguage":"fr-FR","@id":"https:\/\/lanselva.com\/#\/schema\/logo\/image\/","url":"https:\/\/lanselva.com\/wp-content\/uploads\/2026\/01\/cropped-1021768024887_.pic-1768025105-1.png","contentUrl":"https:\/\/lanselva.com\/wp-content\/uploads\/2026\/01\/cropped-1021768024887_.pic-1768025105-1.png","width":1213,"height":1207,"caption":"FIAS Artificial Flower Plant Factory"},"image":{"@id":"https:\/\/lanselva.com\/#\/schema\/logo\/image\/"}}]}},"_links":{"self":[{"href":"https:\/\/lanselva.com\/fr\/wp-json\/wp\/v2\/product\/3827","targetHints":{"allow":["GET"]}}],"collection":[{"href":"https:\/\/lanselva.com\/fr\/wp-json\/wp\/v2\/product"}],"about":[{"href":"https:\/\/lanselva.com\/fr\/wp-json\/wp\/v2\/types\/product"}],"version-history":[{"count":0,"href":"https:\/\/lanselva.com\/fr\/wp-json\/wp\/v2\/product\/3827\/revisions"}],"wp:featuredmedia":[{"embeddable":true,"href":"https:\/\/lanselva.com\/fr\/wp-json\/wp\/v2\/media\/3818"}],"wp:attachment":[{"href":"https:\/\/lanselva.com\/fr\/wp-json\/wp\/v2\/media?parent=3827"}],"wp:term":[{"taxonomy":"product_brand","embeddable":true,"href":"https:\/\/lanselva.com\/fr\/wp-json\/wp\/v2\/product_brand?post=3827"},{"taxonomy":"product_cat","embeddable":true,"href":"https:\/\/lanselva.com\/fr\/wp-json\/wp\/v2\/product_cat?post=3827"},{"taxonomy":"product_tag","embeddable":true,"href":"https:\/\/lanselva.com\/fr\/wp-json\/wp\/v2\/product_tag?post=3827"}],"curies":[{"name":"wp","href":"https:\/\/api.w.org\/{rel}","templated":true}]}}