{"id":2832,"date":"2025-08-19T16:06:03","date_gmt":"2025-08-19T08:06:03","guid":{"rendered":"https:\/\/lanselva.com\/?post_type=product&#038;p=2832"},"modified":"2026-01-31T21:33:39","modified_gmt":"2026-01-31T13:33:39","slug":"solid-wood-artificial-wisteria-peach-blossom-trees","status":"publish","type":"product","link":"https:\/\/lanselva.com\/fr\/produit\/solid-wood-artificial-wisteria-peach-blossom-trees\/","title":{"rendered":"Bois massif Arbres artificiels glycines fleurs de p\u00eacher"},"content":{"rendered":"","protected":false},"excerpt":{"rendered":"<ul>\n<li>Mod\u00e8le\uff1a U-278<\/li>\n<li>Mat\u00e9riaux\uff1aPlastic+silk+wood<\/li>\n<li>Couleur : 1 couleur est disponible pour la s\u00e9lection\/personnalis\u00e9e<\/li>\n<li>Taille\uff1aCustomized<\/li>\n<li>Caract\u00e9ristiques\uff1a naturel, toucher r\u00e9el<\/li>\n<li>Usage\uff1a D\u00e9coration int\u00e9rieure ext\u00e9rieure<\/li>\n<li>MOQ\uff1a1 Pcs<\/li>\n<li>\u00a0Emballage\uff1a Bo\u00eete en carton<\/li>\n<\/ul>","protected":false},"featured_media":2833,"template":"","meta":{"_acf_changed":false},"product_brand":[],"product_cat":[36],"product_tag":[],"class_list":{"0":"post-2832","1":"product","2":"type-product","3":"status-publish","4":"has-post-thumbnail","6":"product_cat-artificial-tree","8":"first","9":"instock","10":"shipping-taxable","11":"product-type-simple"},"acf":[],"yoast_head":"<!-- This site is optimized with the Yoast SEO plugin v27.4 - https:\/\/yoast.com\/product\/yoast-seo-wordpress\/ -->\n<title>Solid Wood Artificial Wisteria Peach Blossom Trees - LANSELVA Artificial Tree &amp; Plant Factory<\/title>\n<meta name=\"description\" content=\"Indoor and outdoor artificial wisteria trees, with solid wood trunks, suitable for use in hotel, commercial and other landscape decorations.\" \/>\n<meta name=\"robots\" content=\"index, follow, max-snippet:-1, max-image-preview:large, max-video-preview:-1\" \/>\n<link rel=\"canonical\" href=\"https:\/\/lanselva.com\/fr\/produit\/solid-wood-artificial-wisteria-peach-blossom-trees\/\" \/>\n<meta property=\"og:locale\" content=\"fr_FR\" \/>\n<meta property=\"og:type\" content=\"article\" \/>\n<meta property=\"og:title\" content=\"Solid Wood Artificial Wisteria Peach Blossom Trees - LANSELVA Artificial Tree &amp; Plant Factory\" \/>\n<meta property=\"og:description\" content=\"Indoor and outdoor artificial wisteria trees, with solid wood trunks, suitable for use in hotel, commercial and other landscape decorations.\" \/>\n<meta property=\"og:url\" content=\"https:\/\/lanselva.com\/fr\/produit\/solid-wood-artificial-wisteria-peach-blossom-trees\/\" \/>\n<meta property=\"og:site_name\" content=\"LANSELVA Artificial Tree &amp; Plant Factory\" \/>\n<meta property=\"article:modified_time\" content=\"2026-01-31T13:33:39+00:00\" \/>\n<meta property=\"og:image\" content=\"https:\/\/lanselva.com\/wp-content\/uploads\/2025\/08\/U-278-1-1755590651.png\" \/>\n\t<meta property=\"og:image:width\" content=\"750\" \/>\n\t<meta property=\"og:image:height\" content=\"750\" \/>\n\t<meta property=\"og:image:type\" content=\"image\/png\" \/>\n<meta name=\"twitter:card\" content=\"summary_large_image\" \/>\n<meta name=\"twitter:label1\" content=\"Dur\u00e9e de lecture estim\u00e9e\" \/>\n\t<meta name=\"twitter:data1\" content=\"1 minute\" \/>\n<script type=\"application\/ld+json\" class=\"yoast-schema-graph\">{\"@context\":\"https:\\\/\\\/schema.org\",\"@graph\":[{\"@type\":\"WebPage\",\"@id\":\"https:\\\/\\\/lanselva.com\\\/product\\\/solid-wood-artificial-wisteria-peach-blossom-trees\\\/\",\"url\":\"https:\\\/\\\/lanselva.com\\\/product\\\/solid-wood-artificial-wisteria-peach-blossom-trees\\\/\",\"name\":\"Solid Wood Artificial Wisteria Peach Blossom Trees - LANSELVA Artificial Tree &amp; Plant Factory\",\"isPartOf\":{\"@id\":\"https:\\\/\\\/lanselva.com\\\/#website\"},\"primaryImageOfPage\":{\"@id\":\"https:\\\/\\\/lanselva.com\\\/product\\\/solid-wood-artificial-wisteria-peach-blossom-trees\\\/#primaryimage\"},\"image\":{\"@id\":\"https:\\\/\\\/lanselva.com\\\/product\\\/solid-wood-artificial-wisteria-peach-blossom-trees\\\/#primaryimage\"},\"thumbnailUrl\":\"https:\\\/\\\/lanselva.com\\\/wp-content\\\/uploads\\\/2025\\\/08\\\/U-278-1-1755590651.png\",\"datePublished\":\"2025-08-19T08:06:03+00:00\",\"dateModified\":\"2026-01-31T13:33:39+00:00\",\"description\":\"Indoor and outdoor artificial wisteria trees, with solid wood trunks, suitable for use in hotel, commercial and other landscape decorations.\",\"breadcrumb\":{\"@id\":\"https:\\\/\\\/lanselva.com\\\/product\\\/solid-wood-artificial-wisteria-peach-blossom-trees\\\/#breadcrumb\"},\"inLanguage\":\"fr-FR\",\"potentialAction\":[{\"@type\":\"ReadAction\",\"target\":[\"https:\\\/\\\/lanselva.com\\\/product\\\/solid-wood-artificial-wisteria-peach-blossom-trees\\\/\"]}]},{\"@type\":\"ImageObject\",\"inLanguage\":\"fr-FR\",\"@id\":\"https:\\\/\\\/lanselva.com\\\/product\\\/solid-wood-artificial-wisteria-peach-blossom-trees\\\/#primaryimage\",\"url\":\"https:\\\/\\\/lanselva.com\\\/wp-content\\\/uploads\\\/2025\\\/08\\\/U-278-1-1755590651.png\",\"contentUrl\":\"https:\\\/\\\/lanselva.com\\\/wp-content\\\/uploads\\\/2025\\\/08\\\/U-278-1-1755590651.png\",\"width\":750,\"height\":750},{\"@type\":\"BreadcrumbList\",\"@id\":\"https:\\\/\\\/lanselva.com\\\/product\\\/solid-wood-artificial-wisteria-peach-blossom-trees\\\/#breadcrumb\",\"itemListElement\":[{\"@type\":\"ListItem\",\"position\":1,\"name\":\"\u9996\u9875\",\"item\":\"https:\\\/\\\/lanselva.com\\\/\"},{\"@type\":\"ListItem\",\"position\":2,\"name\":\"Products\",\"item\":\"https:\\\/\\\/lanselva.com\\\/shop\\\/\"},{\"@type\":\"ListItem\",\"position\":3,\"name\":\"Solid Wood Artificial Wisteria Peach Blossom Trees\"}]},{\"@type\":\"WebSite\",\"@id\":\"https:\\\/\\\/lanselva.com\\\/#website\",\"url\":\"https:\\\/\\\/lanselva.com\\\/\",\"name\":\"Lanselva Artificial Tree & Plant Factory\",\"description\":\"\",\"publisher\":{\"@id\":\"https:\\\/\\\/lanselva.com\\\/#organization\"},\"potentialAction\":[{\"@type\":\"SearchAction\",\"target\":{\"@type\":\"EntryPoint\",\"urlTemplate\":\"https:\\\/\\\/lanselva.com\\\/?s={search_term_string}\"},\"query-input\":{\"@type\":\"PropertyValueSpecification\",\"valueRequired\":true,\"valueName\":\"search_term_string\"}}],\"inLanguage\":\"fr-FR\"},{\"@type\":\"Organization\",\"@id\":\"https:\\\/\\\/lanselva.com\\\/#organization\",\"name\":\"FIAS Artificial Flower Plant Factory\",\"url\":\"https:\\\/\\\/lanselva.com\\\/\",\"logo\":{\"@type\":\"ImageObject\",\"inLanguage\":\"fr-FR\",\"@id\":\"https:\\\/\\\/lanselva.com\\\/#\\\/schema\\\/logo\\\/image\\\/\",\"url\":\"https:\\\/\\\/lanselva.com\\\/wp-content\\\/uploads\\\/2026\\\/01\\\/cropped-1021768024887_.pic-1768025105-1.png\",\"contentUrl\":\"https:\\\/\\\/lanselva.com\\\/wp-content\\\/uploads\\\/2026\\\/01\\\/cropped-1021768024887_.pic-1768025105-1.png\",\"width\":1213,\"height\":1207,\"caption\":\"FIAS Artificial Flower Plant Factory\"},\"image\":{\"@id\":\"https:\\\/\\\/lanselva.com\\\/#\\\/schema\\\/logo\\\/image\\\/\"}}]}<\/script>\n<!-- \/ Yoast SEO plugin. -->","yoast_head_json":{"title":"Solid Wood Artificial Wisteria Peach Blossom Trees - LANSELVA Artificial Tree &amp; Plant Factory","description":"Indoor and outdoor artificial wisteria trees, with solid wood trunks, suitable for use in hotel, commercial and other landscape decorations.","robots":{"index":"index","follow":"follow","max-snippet":"max-snippet:-1","max-image-preview":"max-image-preview:large","max-video-preview":"max-video-preview:-1"},"canonical":"https:\/\/lanselva.com\/fr\/produit\/solid-wood-artificial-wisteria-peach-blossom-trees\/","og_locale":"fr_FR","og_type":"article","og_title":"Solid Wood Artificial Wisteria Peach Blossom Trees - LANSELVA Artificial Tree &amp; Plant Factory","og_description":"Indoor and outdoor artificial wisteria trees, with solid wood trunks, suitable for use in hotel, commercial and other landscape decorations.","og_url":"https:\/\/lanselva.com\/fr\/produit\/solid-wood-artificial-wisteria-peach-blossom-trees\/","og_site_name":"LANSELVA Artificial Tree &amp; Plant Factory","article_modified_time":"2026-01-31T13:33:39+00:00","og_image":[{"width":750,"height":750,"url":"https:\/\/lanselva.com\/wp-content\/uploads\/2025\/08\/U-278-1-1755590651.png","type":"image\/png"}],"twitter_card":"summary_large_image","twitter_misc":{"Dur\u00e9e de lecture estim\u00e9e":"1 minute"},"schema":{"@context":"https:\/\/schema.org","@graph":[{"@type":"WebPage","@id":"https:\/\/lanselva.com\/product\/solid-wood-artificial-wisteria-peach-blossom-trees\/","url":"https:\/\/lanselva.com\/product\/solid-wood-artificial-wisteria-peach-blossom-trees\/","name":"Solid Wood Artificial Wisteria Peach Blossom Trees - LANSELVA Artificial Tree &amp; Plant Factory","isPartOf":{"@id":"https:\/\/lanselva.com\/#website"},"primaryImageOfPage":{"@id":"https:\/\/lanselva.com\/product\/solid-wood-artificial-wisteria-peach-blossom-trees\/#primaryimage"},"image":{"@id":"https:\/\/lanselva.com\/product\/solid-wood-artificial-wisteria-peach-blossom-trees\/#primaryimage"},"thumbnailUrl":"https:\/\/lanselva.com\/wp-content\/uploads\/2025\/08\/U-278-1-1755590651.png","datePublished":"2025-08-19T08:06:03+00:00","dateModified":"2026-01-31T13:33:39+00:00","description":"Indoor and outdoor artificial wisteria trees, with solid wood trunks, suitable for use in hotel, commercial and other landscape decorations.","breadcrumb":{"@id":"https:\/\/lanselva.com\/product\/solid-wood-artificial-wisteria-peach-blossom-trees\/#breadcrumb"},"inLanguage":"fr-FR","potentialAction":[{"@type":"ReadAction","target":["https:\/\/lanselva.com\/product\/solid-wood-artificial-wisteria-peach-blossom-trees\/"]}]},{"@type":"ImageObject","inLanguage":"fr-FR","@id":"https:\/\/lanselva.com\/product\/solid-wood-artificial-wisteria-peach-blossom-trees\/#primaryimage","url":"https:\/\/lanselva.com\/wp-content\/uploads\/2025\/08\/U-278-1-1755590651.png","contentUrl":"https:\/\/lanselva.com\/wp-content\/uploads\/2025\/08\/U-278-1-1755590651.png","width":750,"height":750},{"@type":"BreadcrumbList","@id":"https:\/\/lanselva.com\/product\/solid-wood-artificial-wisteria-peach-blossom-trees\/#breadcrumb","itemListElement":[{"@type":"ListItem","position":1,"name":"\u9996\u9875","item":"https:\/\/lanselva.com\/"},{"@type":"ListItem","position":2,"name":"Products","item":"https:\/\/lanselva.com\/shop\/"},{"@type":"ListItem","position":3,"name":"Solid Wood Artificial Wisteria Peach Blossom Trees"}]},{"@type":"WebSite","@id":"https:\/\/lanselva.com\/#website","url":"https:\/\/lanselva.com\/","name":"Lanselva Artificial Tree & Plant Factory","description":"","publisher":{"@id":"https:\/\/lanselva.com\/#organization"},"potentialAction":[{"@type":"SearchAction","target":{"@type":"EntryPoint","urlTemplate":"https:\/\/lanselva.com\/?s={search_term_string}"},"query-input":{"@type":"PropertyValueSpecification","valueRequired":true,"valueName":"search_term_string"}}],"inLanguage":"fr-FR"},{"@type":"Organization","@id":"https:\/\/lanselva.com\/#organization","name":"FIAS Artificial Flower Plant Factory","url":"https:\/\/lanselva.com\/","logo":{"@type":"ImageObject","inLanguage":"fr-FR","@id":"https:\/\/lanselva.com\/#\/schema\/logo\/image\/","url":"https:\/\/lanselva.com\/wp-content\/uploads\/2026\/01\/cropped-1021768024887_.pic-1768025105-1.png","contentUrl":"https:\/\/lanselva.com\/wp-content\/uploads\/2026\/01\/cropped-1021768024887_.pic-1768025105-1.png","width":1213,"height":1207,"caption":"FIAS Artificial Flower Plant Factory"},"image":{"@id":"https:\/\/lanselva.com\/#\/schema\/logo\/image\/"}}]}},"_links":{"self":[{"href":"https:\/\/lanselva.com\/fr\/wp-json\/wp\/v2\/product\/2832","targetHints":{"allow":["GET"]}}],"collection":[{"href":"https:\/\/lanselva.com\/fr\/wp-json\/wp\/v2\/product"}],"about":[{"href":"https:\/\/lanselva.com\/fr\/wp-json\/wp\/v2\/types\/product"}],"version-history":[{"count":0,"href":"https:\/\/lanselva.com\/fr\/wp-json\/wp\/v2\/product\/2832\/revisions"}],"wp:featuredmedia":[{"embeddable":true,"href":"https:\/\/lanselva.com\/fr\/wp-json\/wp\/v2\/media\/2833"}],"wp:attachment":[{"href":"https:\/\/lanselva.com\/fr\/wp-json\/wp\/v2\/media?parent=2832"}],"wp:term":[{"taxonomy":"product_brand","embeddable":true,"href":"https:\/\/lanselva.com\/fr\/wp-json\/wp\/v2\/product_brand?post=2832"},{"taxonomy":"product_cat","embeddable":true,"href":"https:\/\/lanselva.com\/fr\/wp-json\/wp\/v2\/product_cat?post=2832"},{"taxonomy":"product_tag","embeddable":true,"href":"https:\/\/lanselva.com\/fr\/wp-json\/wp\/v2\/product_tag?post=2832"}],"curies":[{"name":"wp","href":"https:\/\/api.w.org\/{rel}","templated":true}]}}