{"id":69,"date":"2025-04-19T12:31:09","date_gmt":"2025-04-19T04:31:09","guid":{"rendered":"https:\/\/lanselva.com\/?page_id=69"},"modified":"2025-05-25T21:17:52","modified_gmt":"2025-05-25T13:17:52","slug":"news","status":"publish","type":"page","link":"https:\/\/lanselva.com\/es\/news\/","title":{"rendered":"Noticias"},"content":{"rendered":"<div data-elementor-type=\"wp-page\" data-elementor-id=\"69\" class=\"elementor elementor-69\" data-elementor-post-type=\"page\">\n\t\t\t\t\t\t<section class=\"elementor-section elementor-top-section elementor-element elementor-element-545ce65a elementor-section-boxed elementor-section-height-default elementor-section-height-default\" data-id=\"545ce65a\" data-element_type=\"section\" data-e-type=\"section\" data-settings=\"{&quot;background_background&quot;:&quot;classic&quot;}\">\n\t\t\t\t\t\t\t<div class=\"elementor-background-overlay\"><\/div>\n\t\t\t\t\t\t\t<div class=\"elementor-container elementor-column-gap-default\">\n\t\t\t\t\t<div class=\"elementor-column elementor-col-100 elementor-top-column elementor-element elementor-element-2f15875\" data-id=\"2f15875\" data-element_type=\"column\" data-e-type=\"column\" data-settings=\"{&quot;background_background&quot;:&quot;classic&quot;}\">\n\t\t\t<div class=\"elementor-widget-wrap elementor-element-populated\">\n\t\t\t\t\t\t<div class=\"elementor-element elementor-element-2d1dfc27 elementor-invisible elementor-widget elementor-widget-heading\" data-id=\"2d1dfc27\" data-element_type=\"widget\" data-e-type=\"widget\" data-settings=\"{&quot;_animation&quot;:&quot;fadeInUp&quot;}\" data-widget_type=\"heading.default\">\n\t\t\t\t<div class=\"elementor-widget-container\">\n\t\t\t\t\t<h1 class=\"elementor-heading-title elementor-size-default\">Blog<\/h1>\t\t\t\t<\/div>\n\t\t\t\t<\/div>\n\t\t\t\t<div class=\"elementor-element elementor-element-d21698e elementor-icon-list--layout-inline elementor-align-center elementor-list-item-link-full_width elementor-widget elementor-widget-icon-list\" data-id=\"d21698e\" data-element_type=\"widget\" data-e-type=\"widget\" data-widget_type=\"icon-list.default\">\n\t\t\t\t<div class=\"elementor-widget-container\">\n\t\t\t\t\t\t\t<ul class=\"elementor-icon-list-items elementor-inline-items\">\n\t\t\t\t\t\t\t<li class=\"elementor-icon-list-item elementor-inline-item\">\n\t\t\t\t\t\t\t\t\t\t\t<a href=\"https:\/\/lanselva.com\/es\">\n\n\t\t\t\t\t\t\t\t\t\t\t\t<span class=\"elementor-icon-list-icon\">\n\t\t\t\t\t\t\t<svg aria-hidden=\"true\" class=\"e-font-icon-svg e-fas-home\" viewbox=\"0 0 576 512\" xmlns=\"http:\/\/www.w3.org\/2000\/svg\"><path d=\"M280.37 148.26L96 300.11V464a16 16 0 0 0 16 16l112.06-.29a16 16 0 0 0 15.92-16V368a16 16 0 0 1 16-16h64a16 16 0 0 1 16 16v95.64a16 16 0 0 0 16 16.05L464 480a16 16 0 0 0 16-16V300L295.67 148.26a12.19 12.19 0 0 0-15.3 0zM571.6 251.47L488 182.56V44.05a12 12 0 0 0-12-12h-56a12 12 0 0 0-12 12v72.61L318.47 43a48 48 0 0 0-61 0L4.34 251.47a12 12 0 0 0-1.6 16.9l25.5 31A12 12 0 0 0 45.15 301l235.22-193.74a12.19 12.19 0 0 1 15.3 0L530.9 301a12 12 0 0 0 16.9-1.6l25.5-31a12 12 0 0 0-1.7-16.93z\"><\/path><\/svg>\t\t\t\t\t\t<\/span>\n\t\t\t\t\t\t\t\t\t\t<span class=\"elementor-icon-list-text\">Inicio<\/span>\n\t\t\t\t\t\t\t\t\t\t\t<\/a>\n\t\t\t\t\t\t\t\t\t<\/li>\n\t\t\t\t\t\t\t\t<li class=\"elementor-icon-list-item elementor-inline-item\">\n\t\t\t\t\t\t\t\t\t\t\t<span class=\"elementor-icon-list-icon\">\n\t\t\t\t\t\t\t<svg aria-hidden=\"true\" class=\"e-font-icon-svg e-fas-angle-double-right\" viewbox=\"0 0 448 512\" xmlns=\"http:\/\/www.w3.org\/2000\/svg\"><path d=\"M224.3 273l-136 136c-9.4 9.4-24.6 9.4-33.9 0l-22.6-22.6c-9.4-9.4-9.4-24.6 0-33.9l96.4-96.4-96.4-96.4c-9.4-9.4-9.4-24.6 0-33.9L54.3 103c9.4-9.4 24.6-9.4 33.9 0l136 136c9.5 9.4 9.5 24.6.1 34zm192-34l-136-136c-9.4-9.4-24.6-9.4-33.9 0l-22.6 22.6c-9.4 9.4-9.4 24.6 0 33.9l96.4 96.4-96.4 96.4c-9.4 9.4-9.4 24.6 0 33.9l22.6 22.6c9.4 9.4 24.6 9.4 33.9 0l136-136c9.4-9.2 9.4-24.4 0-33.8z\"><\/path><\/svg>\t\t\t\t\t\t<\/span>\n\t\t\t\t\t\t\t\t\t\t<span class=\"elementor-icon-list-text\">Blog<\/span>\n\t\t\t\t\t\t\t\t\t<\/li>\n\t\t\t\t\t\t<\/ul>\n\t\t\t\t\t\t<\/div>\n\t\t\t\t<\/div>\n\t\t\t\t\t<\/div>\n\t\t<\/div>\n\t\t\t\t\t<\/div>\n\t\t<\/section>\n\t\t<div class=\"elementor-element elementor-element-519b3ed e-flex e-con-boxed e-con e-parent\" data-id=\"519b3ed\" data-element_type=\"container\" data-e-type=\"container\">\n\t\t\t\t\t<div class=\"e-con-inner\">\n\t\t\t\t<div class=\"elementor-element elementor-element-157d8bc elementor-grid-3 elementor-grid-tablet-2 elementor-grid-mobile-1 elementor-posts--thumbnail-top elementor-widget elementor-widget-posts\" data-id=\"157d8bc\" data-element_type=\"widget\" data-e-type=\"widget\" data-settings=\"{&quot;pagination_type&quot;:&quot;numbers_and_prev_next&quot;,&quot;classic_columns&quot;:&quot;3&quot;,&quot;classic_columns_tablet&quot;:&quot;2&quot;,&quot;classic_columns_mobile&quot;:&quot;1&quot;,&quot;classic_row_gap&quot;:{&quot;unit&quot;:&quot;px&quot;,&quot;size&quot;:35,&quot;sizes&quot;:[]},&quot;classic_row_gap_tablet&quot;:{&quot;unit&quot;:&quot;px&quot;,&quot;size&quot;:&quot;&quot;,&quot;sizes&quot;:[]},&quot;classic_row_gap_mobile&quot;:{&quot;unit&quot;:&quot;px&quot;,&quot;size&quot;:&quot;&quot;,&quot;sizes&quot;:[]}}\" data-widget_type=\"posts.classic\">\n\t\t\t\t<div class=\"elementor-widget-container\">\n\t\t\t\t\t\t\t<div class=\"elementor-posts-container elementor-posts elementor-posts--skin-classic elementor-grid\" role=\"list\">\n\t\t\t\t<article class=\"elementor-post elementor-grid-item post-427 post type-post status-publish format-standard has-post-thumbnail hentry category-uncategorized\" role=\"listitem\">\n\t\t\t\t<a class=\"elementor-post__thumbnail__link\" href=\"https:\/\/lanselva.com\/es\/2025\/04\/24\/what-to-check-when-buying-fake-trees-from-a-factory\/\" tabindex=\"-1\" >\n\t\t\t<div class=\"elementor-post__thumbnail\"><img fetchpriority=\"high\" decoding=\"async\" width=\"1000\" height=\"667\" src=\"https:\/\/lanselva.com\/wp-content\/uploads\/2025\/04\/news-4-1745649159.jpg\" class=\"attachment-full size-full wp-image-415\" alt=\"\" srcset=\"https:\/\/lanselva.com\/wp-content\/uploads\/2025\/04\/news-4-1745649159.jpg 1000w, https:\/\/lanselva.com\/wp-content\/uploads\/2025\/04\/news-4-1745649159-50x33.jpg 50w, https:\/\/lanselva.com\/wp-content\/uploads\/2025\/04\/news-4-1745649159-600x400.jpg 600w, https:\/\/lanselva.com\/wp-content\/uploads\/2025\/04\/news-4-1745649159-300x200.jpg 300w, https:\/\/lanselva.com\/wp-content\/uploads\/2025\/04\/news-4-1745649159-768x512.jpg 768w\" sizes=\"(max-width: 1000px) 100vw, 1000px\" \/><\/div>\n\t\t<\/a>\n\t\t\t\t<div class=\"elementor-post__text\">\n\t\t\t\t<h3 class=\"elementor-post__title\">\n\t\t\t<a href=\"https:\/\/lanselva.com\/es\/2025\/04\/24\/what-to-check-when-buying-fake-trees-from-a-factory\/\" >\n\t\t\t\tQu\u00e9 comprobar al comprar \u00e1rboles falsos en una f\u00e1brica\t\t\t<\/a>\n\t\t<\/h3>\n\t\t\t\t<div class=\"elementor-post__meta-data\">\n\t\t\t\t\t<span class=\"elementor-post-date\">\n\t\t\t24 de abril de 2025\t\t<\/span>\n\t\t\t\t<\/div>\n\t\t\t\t<div class=\"elementor-post__excerpt\">\n\t\t\t<p>Comprar \u00e1rboles falsos directamente a una f\u00e1brica puede ahorrar dinero. Pero hay que comprobar varias cosas antes de hacer el pedido. Esta gu\u00eda explica lo m\u00e1s importante. 1. Calidad del material No todos los<\/p>\n\t\t<\/div>\n\t\t\n\t\t<a class=\"elementor-post__read-more\" href=\"https:\/\/lanselva.com\/es\/2025\/04\/24\/what-to-check-when-buying-fake-trees-from-a-factory\/\" aria-label=\"Read more about What to Check When Buying Fake Trees from a Factory\" tabindex=\"-1\" >\n\t\t\tLeer M\u00e1s \u00bb\t\t<\/a>\n\n\t\t\t\t<\/div>\n\t\t\t\t<\/article>\n\t\t\t\t<article class=\"elementor-post elementor-grid-item post-410 post type-post status-publish format-standard has-post-thumbnail hentry category-uncategorized\" role=\"listitem\">\n\t\t\t\t<a class=\"elementor-post__thumbnail__link\" href=\"https:\/\/lanselva.com\/es\/2025\/04\/16\/china-factory-direct-wholesale-artificial-flowers-trees-for-flower-shops\/\" tabindex=\"-1\" >\n\t\t\t<div class=\"elementor-post__thumbnail\"><img decoding=\"async\" width=\"1000\" height=\"667\" data-src=\"https:\/\/lanselva.com\/wp-content\/uploads\/2025\/04\/news-1-1745649145.jpg\" class=\"attachment-full size-full wp-image-412 lazyload\" alt=\"\" data-srcset=\"https:\/\/lanselva.com\/wp-content\/uploads\/2025\/04\/news-1-1745649145.jpg 1000w, https:\/\/lanselva.com\/wp-content\/uploads\/2025\/04\/news-1-1745649145-50x33.jpg 50w, https:\/\/lanselva.com\/wp-content\/uploads\/2025\/04\/news-1-1745649145-600x400.jpg 600w, https:\/\/lanselva.com\/wp-content\/uploads\/2025\/04\/news-1-1745649145-300x200.jpg 300w, https:\/\/lanselva.com\/wp-content\/uploads\/2025\/04\/news-1-1745649145-768x512.jpg 768w\" data-sizes=\"(max-width: 1000px) 100vw, 1000px\" src=\"data:image\/gif;base64,R0lGODlhAQABAAAAACH5BAEKAAEALAAAAAABAAEAAAICTAEAOw==\" style=\"--smush-placeholder-width: 1000px; --smush-placeholder-aspect-ratio: 1000\/667;\" \/><\/div>\n\t\t<\/a>\n\t\t\t\t<div class=\"elementor-post__text\">\n\t\t\t\t<h3 class=\"elementor-post__title\">\n\t\t\t<a href=\"https:\/\/lanselva.com\/es\/2025\/04\/16\/china-factory-direct-wholesale-artificial-flowers-trees-for-flower-shops\/\" >\n\t\t\t\tChina Directo de F\u00e1brica - Venta al por mayor de flores y \u00e1rboles artificiales para florister\u00edas\t\t\t<\/a>\n\t\t<\/h3>\n\t\t\t\t<div class=\"elementor-post__meta-data\">\n\t\t\t\t\t<span class=\"elementor-post-date\">\n\t\t\t16 de abril de 2025\t\t<\/span>\n\t\t\t\t<\/div>\n\t\t\t\t<div class=\"elementor-post__excerpt\">\n\t\t\t<p>Si tienes una florister\u00eda, necesitas flores y \u00e1rboles artificiales. Las plantas de verdad mueren. Necesitan agua y luz solar. Las falsas duran m\u00e1s. Parecen reales pero no necesitan<\/p>\n\t\t<\/div>\n\t\t\n\t\t<a class=\"elementor-post__read-more\" href=\"https:\/\/lanselva.com\/es\/2025\/04\/16\/china-factory-direct-wholesale-artificial-flowers-trees-for-flower-shops\/\" aria-label=\"Read more about China Factory Direct &#8211; Wholesale Artificial Flowers &amp; Trees for Flower Shops\" tabindex=\"-1\" >\n\t\t\tLeer M\u00e1s \u00bb\t\t<\/a>\n\n\t\t\t\t<\/div>\n\t\t\t\t<\/article>\n\t\t\t\t<article class=\"elementor-post elementor-grid-item post-425 post type-post status-publish format-standard has-post-thumbnail hentry category-uncategorized\" role=\"listitem\">\n\t\t\t\t<a class=\"elementor-post__thumbnail__link\" href=\"https:\/\/lanselva.com\/es\/2025\/04\/15\/factory-price-artificial-plants-supply-for-florists-worldwide\/\" tabindex=\"-1\" >\n\t\t\t<div class=\"elementor-post__thumbnail\"><img decoding=\"async\" width=\"1000\" height=\"667\" data-src=\"https:\/\/lanselva.com\/wp-content\/uploads\/2025\/04\/news-3-1745649154.jpg\" class=\"attachment-full size-full wp-image-414 lazyload\" alt=\"\" data-srcset=\"https:\/\/lanselva.com\/wp-content\/uploads\/2025\/04\/news-3-1745649154.jpg 1000w, https:\/\/lanselva.com\/wp-content\/uploads\/2025\/04\/news-3-1745649154-50x33.jpg 50w, https:\/\/lanselva.com\/wp-content\/uploads\/2025\/04\/news-3-1745649154-600x400.jpg 600w, https:\/\/lanselva.com\/wp-content\/uploads\/2025\/04\/news-3-1745649154-300x200.jpg 300w, https:\/\/lanselva.com\/wp-content\/uploads\/2025\/04\/news-3-1745649154-768x512.jpg 768w\" data-sizes=\"(max-width: 1000px) 100vw, 1000px\" src=\"data:image\/gif;base64,R0lGODlhAQABAAAAACH5BAEKAAEALAAAAAABAAEAAAICTAEAOw==\" style=\"--smush-placeholder-width: 1000px; --smush-placeholder-aspect-ratio: 1000\/667;\" \/><\/div>\n\t\t<\/a>\n\t\t\t\t<div class=\"elementor-post__text\">\n\t\t\t\t<h3 class=\"elementor-post__title\">\n\t\t\t<a href=\"https:\/\/lanselva.com\/es\/2025\/04\/15\/factory-price-artificial-plants-supply-for-florists-worldwide\/\" >\n\t\t\t\tPlantas artificiales a precio de f\u00e1brica - Suministro para floristas de todo el mundo\t\t\t<\/a>\n\t\t<\/h3>\n\t\t\t\t<div class=\"elementor-post__meta-data\">\n\t\t\t\t\t<span class=\"elementor-post-date\">\n\t\t\t15 de abril de 2025\t\t<\/span>\n\t\t\t\t<\/div>\n\t\t\t\t<div class=\"elementor-post__excerpt\">\n\t\t\t<p>Si tiene una florister\u00eda, un negocio de bodas o una tienda de decoraci\u00f3n del hogar, las plantas artificiales pueden aumentar sus ventas. Nunca se marchitan. Se mantienen coloridas todo el a\u00f1o. Y lo mejor de todo<\/p>\n\t\t<\/div>\n\t\t\n\t\t<a class=\"elementor-post__read-more\" href=\"https:\/\/lanselva.com\/es\/2025\/04\/15\/factory-price-artificial-plants-supply-for-florists-worldwide\/\" aria-label=\"Read more about Factory Price Artificial Plants &#8211; Supply for Florists Worldwide\" tabindex=\"-1\" >\n\t\t\tLeer M\u00e1s \u00bb\t\t<\/a>\n\n\t\t\t\t<\/div>\n\t\t\t\t<\/article>\n\t\t\t\t<article class=\"elementor-post elementor-grid-item post-423 post type-post status-publish format-standard has-post-thumbnail hentry category-uncategorized\" role=\"listitem\">\n\t\t\t\t<a class=\"elementor-post__thumbnail__link\" href=\"https:\/\/lanselva.com\/es\/2025\/04\/01\/how-to-pick-a-reliable-artificial-flower-supplier-for-your-shop\/\" tabindex=\"-1\" >\n\t\t\t<div class=\"elementor-post__thumbnail\"><img decoding=\"async\" width=\"1000\" height=\"667\" data-src=\"https:\/\/lanselva.com\/wp-content\/uploads\/2025\/04\/news-2-1745649150.jpg\" class=\"attachment-full size-full wp-image-413 lazyload\" alt=\"\" data-srcset=\"https:\/\/lanselva.com\/wp-content\/uploads\/2025\/04\/news-2-1745649150.jpg 1000w, https:\/\/lanselva.com\/wp-content\/uploads\/2025\/04\/news-2-1745649150-50x33.jpg 50w, https:\/\/lanselva.com\/wp-content\/uploads\/2025\/04\/news-2-1745649150-600x400.jpg 600w, https:\/\/lanselva.com\/wp-content\/uploads\/2025\/04\/news-2-1745649150-300x200.jpg 300w, https:\/\/lanselva.com\/wp-content\/uploads\/2025\/04\/news-2-1745649150-768x512.jpg 768w\" data-sizes=\"(max-width: 1000px) 100vw, 1000px\" src=\"data:image\/gif;base64,R0lGODlhAQABAAAAACH5BAEKAAEALAAAAAABAAEAAAICTAEAOw==\" style=\"--smush-placeholder-width: 1000px; --smush-placeholder-aspect-ratio: 1000\/667;\" \/><\/div>\n\t\t<\/a>\n\t\t\t\t<div class=\"elementor-post__text\">\n\t\t\t\t<h3 class=\"elementor-post__title\">\n\t\t\t<a href=\"https:\/\/lanselva.com\/es\/2025\/04\/01\/how-to-pick-a-reliable-artificial-flower-supplier-for-your-shop\/\" >\n\t\t\t\tC\u00f3mo elegir un proveedor fiable de flores artificiales para su tienda\t\t\t<\/a>\n\t\t<\/h3>\n\t\t\t\t<div class=\"elementor-post__meta-data\">\n\t\t\t\t\t<span class=\"elementor-post-date\">\n\t\t\t1 de abril de 2025\t\t<\/span>\n\t\t\t\t<\/div>\n\t\t\t\t<div class=\"elementor-post__excerpt\">\n\t\t\t<p>Si vende flores artificiales, su proveedor es importante. Un mal proveedor env\u00eda mala calidad. Uno bueno ayuda a que su negocio crezca. He aqu\u00ed c\u00f3mo elegir el adecuado. Por qu\u00e9 el<\/p>\n\t\t<\/div>\n\t\t\n\t\t<a class=\"elementor-post__read-more\" href=\"https:\/\/lanselva.com\/es\/2025\/04\/01\/how-to-pick-a-reliable-artificial-flower-supplier-for-your-shop\/\" aria-label=\"Read more about How to Pick a Reliable Artificial Flower Supplier for Your Shop\" tabindex=\"-1\" >\n\t\t\tLeer M\u00e1s \u00bb\t\t<\/a>\n\n\t\t\t\t<\/div>\n\t\t\t\t<\/article>\n\t\t\t\t<\/div>\n\t\t\n\t\t\t\t\t\t<\/div>\n\t\t\t\t<\/div>\n\t\t\t\t\t<\/div>\n\t\t\t\t<\/div>\n\t\t\t\t<\/div>","protected":false},"excerpt":{"rendered":"<p>Blog Home Blog<\/p>","protected":false},"author":1,"featured_media":0,"parent":0,"menu_order":0,"comment_status":"closed","ping_status":"closed","template":"elementor_header_footer","meta":{"_acf_changed":false,"footnotes":""},"class_list":["post-69","page","type-page","status-publish","hentry"],"acf":[],"yoast_head":"<!-- This site is optimized with the Yoast SEO plugin v27.4 - https:\/\/yoast.com\/product\/yoast-seo-wordpress\/ -->\n<title>News - LANSELVA Artificial Tree &amp; Plant Factory<\/title>\n<meta name=\"robots\" content=\"index, follow, max-snippet:-1, max-image-preview:large, max-video-preview:-1\" \/>\n<link rel=\"canonical\" href=\"https:\/\/lanselva.com\/es\/news\/\" \/>\n<meta property=\"og:locale\" content=\"es_ES\" \/>\n<meta property=\"og:type\" content=\"article\" \/>\n<meta property=\"og:title\" content=\"News - LANSELVA Artificial Tree &amp; Plant Factory\" \/>\n<meta property=\"og:description\" content=\"Blog Home Blog\" \/>\n<meta property=\"og:url\" content=\"https:\/\/lanselva.com\/es\/news\/\" \/>\n<meta property=\"og:site_name\" content=\"LANSELVA Artificial Tree &amp; Plant Factory\" \/>\n<meta property=\"article:modified_time\" content=\"2025-05-25T13:17:52+00:00\" \/>\n<meta property=\"og:image\" content=\"https:\/\/lanselva.com\/wp-content\/uploads\/2026\/01\/cropped-1021768024887_.pic-1768025105-1.png\" \/>\n\t<meta property=\"og:image:width\" content=\"1213\" \/>\n\t<meta property=\"og:image:height\" content=\"1207\" \/>\n\t<meta property=\"og:image:type\" content=\"image\/png\" \/>\n<meta name=\"twitter:card\" content=\"summary_large_image\" \/>\n<script type=\"application\/ld+json\" class=\"yoast-schema-graph\">{\"@context\":\"https:\\\/\\\/schema.org\",\"@graph\":[{\"@type\":\"WebPage\",\"@id\":\"https:\\\/\\\/lanselva.com\\\/news\\\/\",\"url\":\"https:\\\/\\\/lanselva.com\\\/news\\\/\",\"name\":\"News - LANSELVA Artificial Tree &amp; Plant Factory\",\"isPartOf\":{\"@id\":\"https:\\\/\\\/lanselva.com\\\/#website\"},\"datePublished\":\"2025-04-19T04:31:09+00:00\",\"dateModified\":\"2025-05-25T13:17:52+00:00\",\"breadcrumb\":{\"@id\":\"https:\\\/\\\/lanselva.com\\\/news\\\/#breadcrumb\"},\"inLanguage\":\"es\",\"potentialAction\":[{\"@type\":\"ReadAction\",\"target\":[\"https:\\\/\\\/lanselva.com\\\/news\\\/\"]}]},{\"@type\":\"BreadcrumbList\",\"@id\":\"https:\\\/\\\/lanselva.com\\\/news\\\/#breadcrumb\",\"itemListElement\":[{\"@type\":\"ListItem\",\"position\":1,\"name\":\"\u9996\u9875\",\"item\":\"https:\\\/\\\/lanselva.com\\\/\"},{\"@type\":\"ListItem\",\"position\":2,\"name\":\"News\"}]},{\"@type\":\"WebSite\",\"@id\":\"https:\\\/\\\/lanselva.com\\\/#website\",\"url\":\"https:\\\/\\\/lanselva.com\\\/\",\"name\":\"Lanselva Artificial Tree & Plant Factory\",\"description\":\"\",\"publisher\":{\"@id\":\"https:\\\/\\\/lanselva.com\\\/#organization\"},\"potentialAction\":[{\"@type\":\"SearchAction\",\"target\":{\"@type\":\"EntryPoint\",\"urlTemplate\":\"https:\\\/\\\/lanselva.com\\\/?s={search_term_string}\"},\"query-input\":{\"@type\":\"PropertyValueSpecification\",\"valueRequired\":true,\"valueName\":\"search_term_string\"}}],\"inLanguage\":\"es\"},{\"@type\":\"Organization\",\"@id\":\"https:\\\/\\\/lanselva.com\\\/#organization\",\"name\":\"FIAS Artificial Flower Plant Factory\",\"url\":\"https:\\\/\\\/lanselva.com\\\/\",\"logo\":{\"@type\":\"ImageObject\",\"inLanguage\":\"es\",\"@id\":\"https:\\\/\\\/lanselva.com\\\/#\\\/schema\\\/logo\\\/image\\\/\",\"url\":\"https:\\\/\\\/lanselva.com\\\/wp-content\\\/uploads\\\/2026\\\/01\\\/cropped-1021768024887_.pic-1768025105-1.png\",\"contentUrl\":\"https:\\\/\\\/lanselva.com\\\/wp-content\\\/uploads\\\/2026\\\/01\\\/cropped-1021768024887_.pic-1768025105-1.png\",\"width\":1213,\"height\":1207,\"caption\":\"FIAS Artificial Flower Plant Factory\"},\"image\":{\"@id\":\"https:\\\/\\\/lanselva.com\\\/#\\\/schema\\\/logo\\\/image\\\/\"}}]}<\/script>\n<!-- \/ Yoast SEO plugin. -->","yoast_head_json":{"title":"News - LANSELVA Artificial Tree &amp; Plant Factory","robots":{"index":"index","follow":"follow","max-snippet":"max-snippet:-1","max-image-preview":"max-image-preview:large","max-video-preview":"max-video-preview:-1"},"canonical":"https:\/\/lanselva.com\/es\/news\/","og_locale":"es_ES","og_type":"article","og_title":"News - LANSELVA Artificial Tree &amp; Plant Factory","og_description":"Blog Home Blog","og_url":"https:\/\/lanselva.com\/es\/news\/","og_site_name":"LANSELVA Artificial Tree &amp; Plant Factory","article_modified_time":"2025-05-25T13:17:52+00:00","og_image":[{"width":1213,"height":1207,"url":"https:\/\/lanselva.com\/wp-content\/uploads\/2026\/01\/cropped-1021768024887_.pic-1768025105-1.png","type":"image\/png"}],"twitter_card":"summary_large_image","schema":{"@context":"https:\/\/schema.org","@graph":[{"@type":"WebPage","@id":"https:\/\/lanselva.com\/news\/","url":"https:\/\/lanselva.com\/news\/","name":"News - LANSELVA Artificial Tree &amp; Plant Factory","isPartOf":{"@id":"https:\/\/lanselva.com\/#website"},"datePublished":"2025-04-19T04:31:09+00:00","dateModified":"2025-05-25T13:17:52+00:00","breadcrumb":{"@id":"https:\/\/lanselva.com\/news\/#breadcrumb"},"inLanguage":"es","potentialAction":[{"@type":"ReadAction","target":["https:\/\/lanselva.com\/news\/"]}]},{"@type":"BreadcrumbList","@id":"https:\/\/lanselva.com\/news\/#breadcrumb","itemListElement":[{"@type":"ListItem","position":1,"name":"\u9996\u9875","item":"https:\/\/lanselva.com\/"},{"@type":"ListItem","position":2,"name":"News"}]},{"@type":"WebSite","@id":"https:\/\/lanselva.com\/#website","url":"https:\/\/lanselva.com\/","name":"Lanselva Artificial Tree & Plant Factory","description":"","publisher":{"@id":"https:\/\/lanselva.com\/#organization"},"potentialAction":[{"@type":"SearchAction","target":{"@type":"EntryPoint","urlTemplate":"https:\/\/lanselva.com\/?s={search_term_string}"},"query-input":{"@type":"PropertyValueSpecification","valueRequired":true,"valueName":"search_term_string"}}],"inLanguage":"es"},{"@type":"Organization","@id":"https:\/\/lanselva.com\/#organization","name":"FIAS Artificial Flower Plant Factory","url":"https:\/\/lanselva.com\/","logo":{"@type":"ImageObject","inLanguage":"es","@id":"https:\/\/lanselva.com\/#\/schema\/logo\/image\/","url":"https:\/\/lanselva.com\/wp-content\/uploads\/2026\/01\/cropped-1021768024887_.pic-1768025105-1.png","contentUrl":"https:\/\/lanselva.com\/wp-content\/uploads\/2026\/01\/cropped-1021768024887_.pic-1768025105-1.png","width":1213,"height":1207,"caption":"FIAS Artificial Flower Plant Factory"},"image":{"@id":"https:\/\/lanselva.com\/#\/schema\/logo\/image\/"}}]}},"_links":{"self":[{"href":"https:\/\/lanselva.com\/es\/wp-json\/wp\/v2\/pages\/69","targetHints":{"allow":["GET"]}}],"collection":[{"href":"https:\/\/lanselva.com\/es\/wp-json\/wp\/v2\/pages"}],"about":[{"href":"https:\/\/lanselva.com\/es\/wp-json\/wp\/v2\/types\/page"}],"author":[{"embeddable":true,"href":"https:\/\/lanselva.com\/es\/wp-json\/wp\/v2\/users\/1"}],"replies":[{"embeddable":true,"href":"https:\/\/lanselva.com\/es\/wp-json\/wp\/v2\/comments?post=69"}],"version-history":[{"count":0,"href":"https:\/\/lanselva.com\/es\/wp-json\/wp\/v2\/pages\/69\/revisions"}],"wp:attachment":[{"href":"https:\/\/lanselva.com\/es\/wp-json\/wp\/v2\/media?parent=69"}],"curies":[{"name":"wp","href":"https:\/\/api.w.org\/{rel}","templated":true}]}}