{"id":3799,"date":"2026-02-14T21:19:10","date_gmt":"2026-02-14T13:19:10","guid":{"rendered":"https:\/\/lanselva.com\/?post_type=product&#038;p=3799"},"modified":"2026-02-14T21:19:10","modified_gmt":"2026-02-14T13:19:10","slug":"large-outdoor-artificial-fiberglass-coconut-trees","status":"publish","type":"product","link":"https:\/\/lanselva.com\/de\/produkt\/large-outdoor-artificial-fiberglass-coconut-trees\/","title":{"rendered":"Gro\u00dfe k\u00fcnstliche Kokosnussb\u00e4ume aus Fiberglas f\u00fcr den Au\u00dfenbereich"},"content":{"rendered":"","protected":false},"excerpt":{"rendered":"<ul>\n<li>Modell\uff1a U-T61<\/li>\n<li>Materialien\uff1aGlasfaser+Kunststoff<\/li>\n<li>Farbe: Kundenspezifisch<\/li>\n<li>Gr\u00f6\u00dfe\uff1aAngepasst<\/li>\n<li>Merkmal\uff1a nat\u00fcrliche, echte Ber\u00fchrung<\/li>\n<li>Verwendung\uff1a Innen-Au\u00dfen-Hotel-Landschaft<\/li>\n<li>MOQ\uff1a1 St\u00fcck<\/li>\n<li>Verpackung\uff1a Karton Schachtel<\/li>\n<\/ul>","protected":false},"featured_media":3800,"template":"","meta":{"_acf_changed":false},"product_brand":[],"product_cat":[36],"product_tag":[],"class_list":{"0":"post-3799","1":"product","2":"type-product","3":"status-publish","4":"has-post-thumbnail","6":"product_cat-artificial-tree","8":"first","9":"instock","10":"shipping-taxable","11":"product-type-simple"},"acf":[],"yoast_head":"<!-- This site is optimized with the Yoast SEO plugin v27.4 - https:\/\/yoast.com\/product\/yoast-seo-wordpress\/ -->\n<title>Large outdoor artificial fiberglass coconut trees - LANSELVA Artificial Tree &amp; Plant Factory<\/title>\n<meta name=\"description\" content=\"Simulated coconut trees, large outdoor beach fiberglass artificial coconut tree landscaping, manufacturer of simulated tree products\" \/>\n<meta name=\"robots\" content=\"index, follow, max-snippet:-1, max-image-preview:large, max-video-preview:-1\" \/>\n<link rel=\"canonical\" href=\"https:\/\/lanselva.com\/de\/produkt\/large-outdoor-artificial-fiberglass-coconut-trees\/\" \/>\n<meta property=\"og:locale\" content=\"de_DE\" \/>\n<meta property=\"og:type\" content=\"article\" \/>\n<meta property=\"og:title\" content=\"Large outdoor artificial fiberglass coconut trees - LANSELVA Artificial Tree &amp; Plant Factory\" \/>\n<meta property=\"og:description\" content=\"Simulated coconut trees, large outdoor beach fiberglass artificial coconut tree landscaping, manufacturer of simulated tree products\" \/>\n<meta property=\"og:url\" content=\"https:\/\/lanselva.com\/de\/produkt\/large-outdoor-artificial-fiberglass-coconut-trees\/\" \/>\n<meta property=\"og:site_name\" content=\"LANSELVA Artificial Tree &amp; Plant Factory\" \/>\n<meta property=\"og:image\" content=\"https:\/\/lanselva.com\/wp-content\/uploads\/2026\/02\/\u6930\u5b50\u681160-1-1771075010.jpg\" \/>\n\t<meta property=\"og:image:width\" content=\"692\" \/>\n\t<meta property=\"og:image:height\" content=\"688\" \/>\n\t<meta property=\"og:image:type\" content=\"image\/jpeg\" \/>\n<meta name=\"twitter:card\" content=\"summary_large_image\" \/>\n<meta name=\"twitter:label1\" content=\"Gesch\u00e4tzte Lesezeit\" \/>\n\t<meta name=\"twitter:data1\" content=\"1\u00a0Minute\" \/>\n<script type=\"application\/ld+json\" class=\"yoast-schema-graph\">{\"@context\":\"https:\\\/\\\/schema.org\",\"@graph\":[{\"@type\":\"WebPage\",\"@id\":\"https:\\\/\\\/lanselva.com\\\/product\\\/large-outdoor-artificial-fiberglass-coconut-trees\\\/\",\"url\":\"https:\\\/\\\/lanselva.com\\\/product\\\/large-outdoor-artificial-fiberglass-coconut-trees\\\/\",\"name\":\"Large outdoor artificial fiberglass coconut trees - LANSELVA Artificial Tree &amp; Plant Factory\",\"isPartOf\":{\"@id\":\"https:\\\/\\\/lanselva.com\\\/#website\"},\"primaryImageOfPage\":{\"@id\":\"https:\\\/\\\/lanselva.com\\\/product\\\/large-outdoor-artificial-fiberglass-coconut-trees\\\/#primaryimage\"},\"image\":{\"@id\":\"https:\\\/\\\/lanselva.com\\\/product\\\/large-outdoor-artificial-fiberglass-coconut-trees\\\/#primaryimage\"},\"thumbnailUrl\":\"https:\\\/\\\/lanselva.com\\\/wp-content\\\/uploads\\\/2026\\\/02\\\/\u6930\u5b50\u681160-1-1771075010.jpg\",\"datePublished\":\"2026-02-14T13:19:10+00:00\",\"description\":\"Simulated coconut trees, large outdoor beach fiberglass artificial coconut tree landscaping, manufacturer of simulated tree products\",\"breadcrumb\":{\"@id\":\"https:\\\/\\\/lanselva.com\\\/product\\\/large-outdoor-artificial-fiberglass-coconut-trees\\\/#breadcrumb\"},\"inLanguage\":\"de\",\"potentialAction\":[{\"@type\":\"ReadAction\",\"target\":[\"https:\\\/\\\/lanselva.com\\\/product\\\/large-outdoor-artificial-fiberglass-coconut-trees\\\/\"]}]},{\"@type\":\"ImageObject\",\"inLanguage\":\"de\",\"@id\":\"https:\\\/\\\/lanselva.com\\\/product\\\/large-outdoor-artificial-fiberglass-coconut-trees\\\/#primaryimage\",\"url\":\"https:\\\/\\\/lanselva.com\\\/wp-content\\\/uploads\\\/2026\\\/02\\\/\u6930\u5b50\u681160-1-1771075010.jpg\",\"contentUrl\":\"https:\\\/\\\/lanselva.com\\\/wp-content\\\/uploads\\\/2026\\\/02\\\/\u6930\u5b50\u681160-1-1771075010.jpg\",\"width\":692,\"height\":688},{\"@type\":\"BreadcrumbList\",\"@id\":\"https:\\\/\\\/lanselva.com\\\/product\\\/large-outdoor-artificial-fiberglass-coconut-trees\\\/#breadcrumb\",\"itemListElement\":[{\"@type\":\"ListItem\",\"position\":1,\"name\":\"\u9996\u9875\",\"item\":\"https:\\\/\\\/lanselva.com\\\/\"},{\"@type\":\"ListItem\",\"position\":2,\"name\":\"Products\",\"item\":\"https:\\\/\\\/lanselva.com\\\/shop\\\/\"},{\"@type\":\"ListItem\",\"position\":3,\"name\":\"Large outdoor artificial fiberglass coconut trees\"}]},{\"@type\":\"WebSite\",\"@id\":\"https:\\\/\\\/lanselva.com\\\/#website\",\"url\":\"https:\\\/\\\/lanselva.com\\\/\",\"name\":\"Lanselva Artificial Tree & Plant Factory\",\"description\":\"\",\"publisher\":{\"@id\":\"https:\\\/\\\/lanselva.com\\\/#organization\"},\"potentialAction\":[{\"@type\":\"SearchAction\",\"target\":{\"@type\":\"EntryPoint\",\"urlTemplate\":\"https:\\\/\\\/lanselva.com\\\/?s={search_term_string}\"},\"query-input\":{\"@type\":\"PropertyValueSpecification\",\"valueRequired\":true,\"valueName\":\"search_term_string\"}}],\"inLanguage\":\"de\"},{\"@type\":\"Organization\",\"@id\":\"https:\\\/\\\/lanselva.com\\\/#organization\",\"name\":\"FIAS Artificial Flower Plant Factory\",\"url\":\"https:\\\/\\\/lanselva.com\\\/\",\"logo\":{\"@type\":\"ImageObject\",\"inLanguage\":\"de\",\"@id\":\"https:\\\/\\\/lanselva.com\\\/#\\\/schema\\\/logo\\\/image\\\/\",\"url\":\"https:\\\/\\\/lanselva.com\\\/wp-content\\\/uploads\\\/2026\\\/01\\\/cropped-1021768024887_.pic-1768025105-1.png\",\"contentUrl\":\"https:\\\/\\\/lanselva.com\\\/wp-content\\\/uploads\\\/2026\\\/01\\\/cropped-1021768024887_.pic-1768025105-1.png\",\"width\":1213,\"height\":1207,\"caption\":\"FIAS Artificial Flower Plant Factory\"},\"image\":{\"@id\":\"https:\\\/\\\/lanselva.com\\\/#\\\/schema\\\/logo\\\/image\\\/\"}}]}<\/script>\n<!-- \/ Yoast SEO plugin. -->","yoast_head_json":{"title":"Large outdoor artificial fiberglass coconut trees - LANSELVA Artificial Tree &amp; Plant Factory","description":"Simulated coconut trees, large outdoor beach fiberglass artificial coconut tree landscaping, manufacturer of simulated tree products","robots":{"index":"index","follow":"follow","max-snippet":"max-snippet:-1","max-image-preview":"max-image-preview:large","max-video-preview":"max-video-preview:-1"},"canonical":"https:\/\/lanselva.com\/de\/produkt\/large-outdoor-artificial-fiberglass-coconut-trees\/","og_locale":"de_DE","og_type":"article","og_title":"Large outdoor artificial fiberglass coconut trees - LANSELVA Artificial Tree &amp; Plant Factory","og_description":"Simulated coconut trees, large outdoor beach fiberglass artificial coconut tree landscaping, manufacturer of simulated tree products","og_url":"https:\/\/lanselva.com\/de\/produkt\/large-outdoor-artificial-fiberglass-coconut-trees\/","og_site_name":"LANSELVA Artificial Tree &amp; Plant Factory","og_image":[{"width":692,"height":688,"url":"https:\/\/lanselva.com\/wp-content\/uploads\/2026\/02\/\u6930\u5b50\u681160-1-1771075010.jpg","type":"image\/jpeg"}],"twitter_card":"summary_large_image","twitter_misc":{"Gesch\u00e4tzte Lesezeit":"1\u00a0Minute"},"schema":{"@context":"https:\/\/schema.org","@graph":[{"@type":"WebPage","@id":"https:\/\/lanselva.com\/product\/large-outdoor-artificial-fiberglass-coconut-trees\/","url":"https:\/\/lanselva.com\/product\/large-outdoor-artificial-fiberglass-coconut-trees\/","name":"Large outdoor artificial fiberglass coconut trees - LANSELVA Artificial Tree &amp; Plant Factory","isPartOf":{"@id":"https:\/\/lanselva.com\/#website"},"primaryImageOfPage":{"@id":"https:\/\/lanselva.com\/product\/large-outdoor-artificial-fiberglass-coconut-trees\/#primaryimage"},"image":{"@id":"https:\/\/lanselva.com\/product\/large-outdoor-artificial-fiberglass-coconut-trees\/#primaryimage"},"thumbnailUrl":"https:\/\/lanselva.com\/wp-content\/uploads\/2026\/02\/\u6930\u5b50\u681160-1-1771075010.jpg","datePublished":"2026-02-14T13:19:10+00:00","description":"Simulated coconut trees, large outdoor beach fiberglass artificial coconut tree landscaping, manufacturer of simulated tree products","breadcrumb":{"@id":"https:\/\/lanselva.com\/product\/large-outdoor-artificial-fiberglass-coconut-trees\/#breadcrumb"},"inLanguage":"de","potentialAction":[{"@type":"ReadAction","target":["https:\/\/lanselva.com\/product\/large-outdoor-artificial-fiberglass-coconut-trees\/"]}]},{"@type":"ImageObject","inLanguage":"de","@id":"https:\/\/lanselva.com\/product\/large-outdoor-artificial-fiberglass-coconut-trees\/#primaryimage","url":"https:\/\/lanselva.com\/wp-content\/uploads\/2026\/02\/\u6930\u5b50\u681160-1-1771075010.jpg","contentUrl":"https:\/\/lanselva.com\/wp-content\/uploads\/2026\/02\/\u6930\u5b50\u681160-1-1771075010.jpg","width":692,"height":688},{"@type":"BreadcrumbList","@id":"https:\/\/lanselva.com\/product\/large-outdoor-artificial-fiberglass-coconut-trees\/#breadcrumb","itemListElement":[{"@type":"ListItem","position":1,"name":"\u9996\u9875","item":"https:\/\/lanselva.com\/"},{"@type":"ListItem","position":2,"name":"Products","item":"https:\/\/lanselva.com\/shop\/"},{"@type":"ListItem","position":3,"name":"Large outdoor artificial fiberglass coconut trees"}]},{"@type":"WebSite","@id":"https:\/\/lanselva.com\/#website","url":"https:\/\/lanselva.com\/","name":"Lanselva Artificial Tree & Plant Factory","description":"","publisher":{"@id":"https:\/\/lanselva.com\/#organization"},"potentialAction":[{"@type":"SearchAction","target":{"@type":"EntryPoint","urlTemplate":"https:\/\/lanselva.com\/?s={search_term_string}"},"query-input":{"@type":"PropertyValueSpecification","valueRequired":true,"valueName":"search_term_string"}}],"inLanguage":"de"},{"@type":"Organization","@id":"https:\/\/lanselva.com\/#organization","name":"FIAS Artificial Flower Plant Factory","url":"https:\/\/lanselva.com\/","logo":{"@type":"ImageObject","inLanguage":"de","@id":"https:\/\/lanselva.com\/#\/schema\/logo\/image\/","url":"https:\/\/lanselva.com\/wp-content\/uploads\/2026\/01\/cropped-1021768024887_.pic-1768025105-1.png","contentUrl":"https:\/\/lanselva.com\/wp-content\/uploads\/2026\/01\/cropped-1021768024887_.pic-1768025105-1.png","width":1213,"height":1207,"caption":"FIAS Artificial Flower Plant Factory"},"image":{"@id":"https:\/\/lanselva.com\/#\/schema\/logo\/image\/"}}]}},"_links":{"self":[{"href":"https:\/\/lanselva.com\/de\/wp-json\/wp\/v2\/product\/3799","targetHints":{"allow":["GET"]}}],"collection":[{"href":"https:\/\/lanselva.com\/de\/wp-json\/wp\/v2\/product"}],"about":[{"href":"https:\/\/lanselva.com\/de\/wp-json\/wp\/v2\/types\/product"}],"version-history":[{"count":0,"href":"https:\/\/lanselva.com\/de\/wp-json\/wp\/v2\/product\/3799\/revisions"}],"wp:featuredmedia":[{"embeddable":true,"href":"https:\/\/lanselva.com\/de\/wp-json\/wp\/v2\/media\/3800"}],"wp:attachment":[{"href":"https:\/\/lanselva.com\/de\/wp-json\/wp\/v2\/media?parent=3799"}],"wp:term":[{"taxonomy":"product_brand","embeddable":true,"href":"https:\/\/lanselva.com\/de\/wp-json\/wp\/v2\/product_brand?post=3799"},{"taxonomy":"product_cat","embeddable":true,"href":"https:\/\/lanselva.com\/de\/wp-json\/wp\/v2\/product_cat?post=3799"},{"taxonomy":"product_tag","embeddable":true,"href":"https:\/\/lanselva.com\/de\/wp-json\/wp\/v2\/product_tag?post=3799"}],"curies":[{"name":"wp","href":"https:\/\/api.w.org\/{rel}","templated":true}]}}