{"id":2326,"date":"2025-06-23T16:07:59","date_gmt":"2025-06-23T08:07:59","guid":{"rendered":"https:\/\/lanselva.com\/?post_type=product&#038;p=2326"},"modified":"2026-01-31T21:13:18","modified_gmt":"2026-01-31T13:13:18","slug":"artificial-ficus-tree-large-green-silk-plant-for-hotels","status":"publish","type":"product","link":"https:\/\/lanselva.com\/de\/produkt\/artificial-ficus-tree-large-green-silk-plant-for-hotels\/","title":{"rendered":"K\u00fcnstlicher Ficus Baum Gro\u00dfe Gr\u00fcne Seidenpflanze f\u00fcr Hotels"},"content":{"rendered":"","protected":false},"excerpt":{"rendered":"<ul>\n<li>Modell\uff1a U-T11<\/li>\n<li>Materialien\uff1a Kunststoff+Seidenblume+Holz\/Fiberglas<\/li>\n<li>Farbe: 2Farben sind zur Auswahl verf\u00fcgbar<\/li>\n<li>Gr\u00f6\u00dfe\uff1a angepasst<\/li>\n<li>Merkmal\uff1a nat\u00fcrliche, echte Ber\u00fchrung<\/li>\n<li>Verwendung\uff1a Au\u00dfen-Innen-Dekoration<\/li>\n<li>MOQ\uff1a1 St\u00fcck<\/li>\n<li>Verpackung\uff1a Karton Schachtel<\/li>\n<\/ul>","protected":false},"featured_media":2327,"template":"","meta":{"_acf_changed":false},"product_brand":[],"product_cat":[36],"product_tag":[],"class_list":{"0":"post-2326","1":"product","2":"type-product","3":"status-publish","4":"has-post-thumbnail","6":"product_cat-artificial-tree","8":"first","9":"instock","10":"shipping-taxable","11":"product-type-simple"},"acf":[],"yoast_head":"<!-- This site is optimized with the Yoast SEO plugin v27.4 - https:\/\/yoast.com\/product\/yoast-seo-wordpress\/ -->\n<title>Artificial Ficus Tree Large Green Silk Plant for Hotels - LANSELVA Artificial Tree &amp; Plant Factory<\/title>\n<meta name=\"description\" content=\"Indoor and outdoor artificial banyan trees, wishing trees, used for landscape design in shopping malls, hotels, etc.\" \/>\n<meta name=\"robots\" content=\"index, follow, max-snippet:-1, max-image-preview:large, max-video-preview:-1\" \/>\n<link rel=\"canonical\" href=\"https:\/\/lanselva.com\/de\/produkt\/artificial-ficus-tree-large-green-silk-plant-for-hotels\/\" \/>\n<meta property=\"og:locale\" content=\"de_DE\" \/>\n<meta property=\"og:type\" content=\"article\" \/>\n<meta property=\"og:title\" content=\"Artificial Ficus Tree Large Green Silk Plant for Hotels - LANSELVA Artificial Tree &amp; Plant Factory\" \/>\n<meta property=\"og:description\" content=\"Indoor and outdoor artificial banyan trees, wishing trees, used for landscape design in shopping malls, hotels, etc.\" \/>\n<meta property=\"og:url\" content=\"https:\/\/lanselva.com\/de\/produkt\/artificial-ficus-tree-large-green-silk-plant-for-hotels\/\" \/>\n<meta property=\"og:site_name\" content=\"LANSELVA Artificial Tree &amp; Plant Factory\" \/>\n<meta property=\"article:modified_time\" content=\"2026-01-31T13:13:18+00:00\" \/>\n<meta property=\"og:image\" content=\"https:\/\/lanselva.com\/wp-content\/uploads\/2025\/06\/U-T11-1-1750666018.png\" \/>\n\t<meta property=\"og:image:width\" content=\"720\" \/>\n\t<meta property=\"og:image:height\" content=\"720\" \/>\n\t<meta property=\"og:image:type\" content=\"image\/png\" \/>\n<meta name=\"twitter:card\" content=\"summary_large_image\" \/>\n<meta name=\"twitter:label1\" content=\"Gesch\u00e4tzte Lesezeit\" \/>\n\t<meta name=\"twitter:data1\" content=\"1\u00a0Minute\" \/>\n<script type=\"application\/ld+json\" class=\"yoast-schema-graph\">{\"@context\":\"https:\\\/\\\/schema.org\",\"@graph\":[{\"@type\":\"WebPage\",\"@id\":\"https:\\\/\\\/lanselva.com\\\/product\\\/artificial-ficus-tree-large-green-silk-plant-for-hotels\\\/\",\"url\":\"https:\\\/\\\/lanselva.com\\\/product\\\/artificial-ficus-tree-large-green-silk-plant-for-hotels\\\/\",\"name\":\"Artificial Ficus Tree Large Green Silk Plant for Hotels - LANSELVA Artificial Tree &amp; Plant Factory\",\"isPartOf\":{\"@id\":\"https:\\\/\\\/lanselva.com\\\/#website\"},\"primaryImageOfPage\":{\"@id\":\"https:\\\/\\\/lanselva.com\\\/product\\\/artificial-ficus-tree-large-green-silk-plant-for-hotels\\\/#primaryimage\"},\"image\":{\"@id\":\"https:\\\/\\\/lanselva.com\\\/product\\\/artificial-ficus-tree-large-green-silk-plant-for-hotels\\\/#primaryimage\"},\"thumbnailUrl\":\"https:\\\/\\\/lanselva.com\\\/wp-content\\\/uploads\\\/2025\\\/06\\\/U-T11-1-1750666018.png\",\"datePublished\":\"2025-06-23T08:07:59+00:00\",\"dateModified\":\"2026-01-31T13:13:18+00:00\",\"description\":\"Indoor and outdoor artificial banyan trees, wishing trees, used for landscape design in shopping malls, hotels, etc.\",\"breadcrumb\":{\"@id\":\"https:\\\/\\\/lanselva.com\\\/product\\\/artificial-ficus-tree-large-green-silk-plant-for-hotels\\\/#breadcrumb\"},\"inLanguage\":\"de\",\"potentialAction\":[{\"@type\":\"ReadAction\",\"target\":[\"https:\\\/\\\/lanselva.com\\\/product\\\/artificial-ficus-tree-large-green-silk-plant-for-hotels\\\/\"]}]},{\"@type\":\"ImageObject\",\"inLanguage\":\"de\",\"@id\":\"https:\\\/\\\/lanselva.com\\\/product\\\/artificial-ficus-tree-large-green-silk-plant-for-hotels\\\/#primaryimage\",\"url\":\"https:\\\/\\\/lanselva.com\\\/wp-content\\\/uploads\\\/2025\\\/06\\\/U-T11-1-1750666018.png\",\"contentUrl\":\"https:\\\/\\\/lanselva.com\\\/wp-content\\\/uploads\\\/2025\\\/06\\\/U-T11-1-1750666018.png\",\"width\":720,\"height\":720},{\"@type\":\"BreadcrumbList\",\"@id\":\"https:\\\/\\\/lanselva.com\\\/product\\\/artificial-ficus-tree-large-green-silk-plant-for-hotels\\\/#breadcrumb\",\"itemListElement\":[{\"@type\":\"ListItem\",\"position\":1,\"name\":\"\u9996\u9875\",\"item\":\"https:\\\/\\\/lanselva.com\\\/\"},{\"@type\":\"ListItem\",\"position\":2,\"name\":\"Products\",\"item\":\"https:\\\/\\\/lanselva.com\\\/shop\\\/\"},{\"@type\":\"ListItem\",\"position\":3,\"name\":\"Artificial Ficus Tree Large Green Silk Plant for Hotels\"}]},{\"@type\":\"WebSite\",\"@id\":\"https:\\\/\\\/lanselva.com\\\/#website\",\"url\":\"https:\\\/\\\/lanselva.com\\\/\",\"name\":\"Lanselva Artificial Tree & Plant Factory\",\"description\":\"\",\"publisher\":{\"@id\":\"https:\\\/\\\/lanselva.com\\\/#organization\"},\"potentialAction\":[{\"@type\":\"SearchAction\",\"target\":{\"@type\":\"EntryPoint\",\"urlTemplate\":\"https:\\\/\\\/lanselva.com\\\/?s={search_term_string}\"},\"query-input\":{\"@type\":\"PropertyValueSpecification\",\"valueRequired\":true,\"valueName\":\"search_term_string\"}}],\"inLanguage\":\"de\"},{\"@type\":\"Organization\",\"@id\":\"https:\\\/\\\/lanselva.com\\\/#organization\",\"name\":\"FIAS Artificial Flower Plant Factory\",\"url\":\"https:\\\/\\\/lanselva.com\\\/\",\"logo\":{\"@type\":\"ImageObject\",\"inLanguage\":\"de\",\"@id\":\"https:\\\/\\\/lanselva.com\\\/#\\\/schema\\\/logo\\\/image\\\/\",\"url\":\"https:\\\/\\\/lanselva.com\\\/wp-content\\\/uploads\\\/2026\\\/01\\\/cropped-1021768024887_.pic-1768025105-1.png\",\"contentUrl\":\"https:\\\/\\\/lanselva.com\\\/wp-content\\\/uploads\\\/2026\\\/01\\\/cropped-1021768024887_.pic-1768025105-1.png\",\"width\":1213,\"height\":1207,\"caption\":\"FIAS Artificial Flower Plant Factory\"},\"image\":{\"@id\":\"https:\\\/\\\/lanselva.com\\\/#\\\/schema\\\/logo\\\/image\\\/\"}}]}<\/script>\n<!-- \/ Yoast SEO plugin. -->","yoast_head_json":{"title":"Artificial Ficus Tree Large Green Silk Plant for Hotels - LANSELVA Artificial Tree &amp; Plant Factory","description":"Indoor and outdoor artificial banyan trees, wishing trees, used for landscape design in shopping malls, hotels, etc.","robots":{"index":"index","follow":"follow","max-snippet":"max-snippet:-1","max-image-preview":"max-image-preview:large","max-video-preview":"max-video-preview:-1"},"canonical":"https:\/\/lanselva.com\/de\/produkt\/artificial-ficus-tree-large-green-silk-plant-for-hotels\/","og_locale":"de_DE","og_type":"article","og_title":"Artificial Ficus Tree Large Green Silk Plant for Hotels - LANSELVA Artificial Tree &amp; Plant Factory","og_description":"Indoor and outdoor artificial banyan trees, wishing trees, used for landscape design in shopping malls, hotels, etc.","og_url":"https:\/\/lanselva.com\/de\/produkt\/artificial-ficus-tree-large-green-silk-plant-for-hotels\/","og_site_name":"LANSELVA Artificial Tree &amp; Plant Factory","article_modified_time":"2026-01-31T13:13:18+00:00","og_image":[{"width":720,"height":720,"url":"https:\/\/lanselva.com\/wp-content\/uploads\/2025\/06\/U-T11-1-1750666018.png","type":"image\/png"}],"twitter_card":"summary_large_image","twitter_misc":{"Gesch\u00e4tzte Lesezeit":"1\u00a0Minute"},"schema":{"@context":"https:\/\/schema.org","@graph":[{"@type":"WebPage","@id":"https:\/\/lanselva.com\/product\/artificial-ficus-tree-large-green-silk-plant-for-hotels\/","url":"https:\/\/lanselva.com\/product\/artificial-ficus-tree-large-green-silk-plant-for-hotels\/","name":"Artificial Ficus Tree Large Green Silk Plant for Hotels - LANSELVA Artificial Tree &amp; Plant Factory","isPartOf":{"@id":"https:\/\/lanselva.com\/#website"},"primaryImageOfPage":{"@id":"https:\/\/lanselva.com\/product\/artificial-ficus-tree-large-green-silk-plant-for-hotels\/#primaryimage"},"image":{"@id":"https:\/\/lanselva.com\/product\/artificial-ficus-tree-large-green-silk-plant-for-hotels\/#primaryimage"},"thumbnailUrl":"https:\/\/lanselva.com\/wp-content\/uploads\/2025\/06\/U-T11-1-1750666018.png","datePublished":"2025-06-23T08:07:59+00:00","dateModified":"2026-01-31T13:13:18+00:00","description":"Indoor and outdoor artificial banyan trees, wishing trees, used for landscape design in shopping malls, hotels, etc.","breadcrumb":{"@id":"https:\/\/lanselva.com\/product\/artificial-ficus-tree-large-green-silk-plant-for-hotels\/#breadcrumb"},"inLanguage":"de","potentialAction":[{"@type":"ReadAction","target":["https:\/\/lanselva.com\/product\/artificial-ficus-tree-large-green-silk-plant-for-hotels\/"]}]},{"@type":"ImageObject","inLanguage":"de","@id":"https:\/\/lanselva.com\/product\/artificial-ficus-tree-large-green-silk-plant-for-hotels\/#primaryimage","url":"https:\/\/lanselva.com\/wp-content\/uploads\/2025\/06\/U-T11-1-1750666018.png","contentUrl":"https:\/\/lanselva.com\/wp-content\/uploads\/2025\/06\/U-T11-1-1750666018.png","width":720,"height":720},{"@type":"BreadcrumbList","@id":"https:\/\/lanselva.com\/product\/artificial-ficus-tree-large-green-silk-plant-for-hotels\/#breadcrumb","itemListElement":[{"@type":"ListItem","position":1,"name":"\u9996\u9875","item":"https:\/\/lanselva.com\/"},{"@type":"ListItem","position":2,"name":"Products","item":"https:\/\/lanselva.com\/shop\/"},{"@type":"ListItem","position":3,"name":"Artificial Ficus Tree Large Green Silk Plant for Hotels"}]},{"@type":"WebSite","@id":"https:\/\/lanselva.com\/#website","url":"https:\/\/lanselva.com\/","name":"Lanselva Artificial Tree & Plant Factory","description":"","publisher":{"@id":"https:\/\/lanselva.com\/#organization"},"potentialAction":[{"@type":"SearchAction","target":{"@type":"EntryPoint","urlTemplate":"https:\/\/lanselva.com\/?s={search_term_string}"},"query-input":{"@type":"PropertyValueSpecification","valueRequired":true,"valueName":"search_term_string"}}],"inLanguage":"de"},{"@type":"Organization","@id":"https:\/\/lanselva.com\/#organization","name":"FIAS Artificial Flower Plant Factory","url":"https:\/\/lanselva.com\/","logo":{"@type":"ImageObject","inLanguage":"de","@id":"https:\/\/lanselva.com\/#\/schema\/logo\/image\/","url":"https:\/\/lanselva.com\/wp-content\/uploads\/2026\/01\/cropped-1021768024887_.pic-1768025105-1.png","contentUrl":"https:\/\/lanselva.com\/wp-content\/uploads\/2026\/01\/cropped-1021768024887_.pic-1768025105-1.png","width":1213,"height":1207,"caption":"FIAS Artificial Flower Plant Factory"},"image":{"@id":"https:\/\/lanselva.com\/#\/schema\/logo\/image\/"}}]}},"_links":{"self":[{"href":"https:\/\/lanselva.com\/de\/wp-json\/wp\/v2\/product\/2326","targetHints":{"allow":["GET"]}}],"collection":[{"href":"https:\/\/lanselva.com\/de\/wp-json\/wp\/v2\/product"}],"about":[{"href":"https:\/\/lanselva.com\/de\/wp-json\/wp\/v2\/types\/product"}],"version-history":[{"count":0,"href":"https:\/\/lanselva.com\/de\/wp-json\/wp\/v2\/product\/2326\/revisions"}],"wp:featuredmedia":[{"embeddable":true,"href":"https:\/\/lanselva.com\/de\/wp-json\/wp\/v2\/media\/2327"}],"wp:attachment":[{"href":"https:\/\/lanselva.com\/de\/wp-json\/wp\/v2\/media?parent=2326"}],"wp:term":[{"taxonomy":"product_brand","embeddable":true,"href":"https:\/\/lanselva.com\/de\/wp-json\/wp\/v2\/product_brand?post=2326"},{"taxonomy":"product_cat","embeddable":true,"href":"https:\/\/lanselva.com\/de\/wp-json\/wp\/v2\/product_cat?post=2326"},{"taxonomy":"product_tag","embeddable":true,"href":"https:\/\/lanselva.com\/de\/wp-json\/wp\/v2\/product_tag?post=2326"}],"curies":[{"name":"wp","href":"https:\/\/api.w.org\/{rel}","templated":true}]}}